{"id":14823,"date":"2020-01-14T16:22:50","date_gmt":"2020-01-14T15:22:50","guid":{"rendered":"\/insightful-feedback\/"},"modified":"2022-07-27T11:00:39","modified_gmt":"2022-07-27T09:00:39","slug":"aufschlussreiches-feedback","status":"publish","type":"page","link":"https:\/\/revise.ly\/de\/aufschlussreiches-feedback\/","title":{"rendered":"Aufschlussreiches Feedback"},"content":{"rendered":"<p>[vc_row dt_no_mb=&#8221;no-margin&#8221; bg_color=&#8221;#ffffff&#8221; dt_color_opacity=&#8221;100&#8243; dt_padding_bottom=&#8221;0&#8243; dt_padding_top=&#8221;0&#8243; dt_id=&#8221;figures&#8221;][vc_column]<div style=\"clear:both; width:100%; height:60px\"><\/div>[vc_row_inner][vc_column_inner css_animation=&#8221;bottom-to-top&#8221;]<div class=\"dt-title-wrapper\"><h1 class=\"section-title\">mehr aufschlussreiches Feedback geben<\/h1><\/div><div style=\"clear:both; width:100%; height:20px\"><\/div>[\/vc_column_inner][\/vc_row_inner][vc_row_inner][vc_column_inner css_animation=&#8221;bottom-to-top&#8221;][vc_column_text]<\/p>\n<h2 style=\"text-align: center;\">Die umfangreichen eingebauten Kommentare und Beobachtungen (sowohl positive als auch negative) decken alle Aspekte zur Verbesserung der Schreibf\u00e4higkeiten der Sch\u00fcler ab.\u00a0Nat\u00fcrlich k\u00f6nnen Lehrkr\u00e4fte auch einfach ihre eigenen Kommentare zum das Dokument hinzuf\u00fcgen und in der Datenbank speichern, um Ihr Feedback leicht wiederzuverwenden. Damit eignet sich Revisely f\u00fcr die meisten Kurse an Schulen oder Universit\u00e4ten.<\/h2>\n<p>[\/vc_column_text][\/vc_column_inner][\/vc_row_inner]<div style=\"clear:both; width:100%; height:20px\"><\/div>[vc_row_inner][vc_column_inner width=&#8221;1\/4&#8243;][\/vc_column_inner][vc_column_inner width=&#8221;1\/2&#8243;][vc_single_image image=&#8221;14143&#8243; img_size=&#8221;large&#8221; alignment=&#8221;center&#8221; css_animation=&#8221;left-to-right&#8221;][\/vc_column_inner][vc_column_inner width=&#8221;1\/4&#8243;][\/vc_column_inner][\/vc_row_inner][vc_separator]<div style=\"clear:both; width:100%; height:60px\"><\/div>[\/vc_column][\/vc_row][vc_row dt_text_scheme=&#8221;darker-overlay&#8221; dt_no_mb=&#8221;no-margin&#8221; bg_type=&#8221;image&#8221; parallax_style=&#8221;vcpb-default&#8221; bg_image_new=&#8221;id^14114|url^\/wp-content\/uploads\/2022\/06\/mockup-of-a-man-using-a-macbook-in-a-cozy-living-room-2324-el1-1.jpg|caption^null|alt^null|title^mockup-of-a-man-using-a-macbook-in-a-cozy-living-room-2324-el1|description^null&#8221; dt_padding_top=&#8221;30&#8243; dt_padding_bottom=&#8221;10&#8243; dt_id=&#8221;request&#8221; dt_color_opacity=&#8221;80&#8243; dt_class=&#8221;rly-request-secc&#8221;][vc_column offset=&#8221;vc_col-xs-12&#8243;][vc_row_inner font_color=&#8221;#ffffff&#8221; css=&#8221;.vc_custom_1655817872821{background-color: rgba(255,255,255,0.65) !important;*background-color: rgb(255,255,255) !important;}&#8221;][vc_column_inner css_animation=&#8221;top-to-bottom&#8221;][vc_column_text]<\/p>\n<h2 style=\"text-align: center;\">M\u00f6chten Sie es einmal ausprobieren?<\/h2>\n<p>[\/vc_column_text][\/vc_column_inner][\/vc_row_inner][vc_row_inner css=&#8221;.vc_custom_1655817929412{background-color: rgba(255,255,255,0.66) !important;*background-color: rgb(255,255,255) !important;}&#8221;][vc_column_inner width=&#8221;1\/3&#8243; css_animation=&#8221;bottom-to-top&#8221;]<div class=\"customlist list-icon-fa-angle-right\"><\/p>\n<ul>\n<li>Testen Sie Revisely an Ihrer Schule mit Ihren Sch\u00fclern<\/li>\n<\/ul>\n<p><\/div>[\/vc_column_inner][vc_column_inner width=&#8221;1\/3&#8243; css_animation=&#8221;bottom-to-top&#8221;]<div class=\"customlist list-icon-fa-angle-right\"><\/p>\n<ul>\n<li>Wir bieten bei Bedarf kostenlose Online-Schulungen an<\/li>\n<\/ul>\n<p><\/div>[\/vc_column_inner][vc_column_inner el_class=&#8221;center&#8221; width=&#8221;1\/3&#8243; css_animation=&#8221;bottom-to-top&#8221;]<div style=\"clear:both; width:100%; height:32px\"><\/div><a  class=\"button bleumarin big  icon-right\" href=\"https:\/\/app.revise.ly\/try-revisely?lang=en\"><i class=\"fa fa-arrow-right\"><\/i>Los geht's!<\/a>[\/vc_column_inner][\/vc_row_inner][\/vc_column][\/vc_row][vc_column][vc_row_inner][vc_column_inner][\/vc_column_inner][\/vc_row_inner][\/vc_column][vc_column_inner css_animation=&#8221;bottom-to-top&#8221;][\/vc_column_inner]<\/p>\n","protected":false},"excerpt":{"rendered":"<p>[vc_row dt_no_mb=&#8221;no-margin&#8221; bg_color=&#8221;#ffffff&#8221; dt_color_opacity=&#8221;100&#8243; dt_padding_bottom=&#8221;0&#8243; dt_padding_top=&#8221;0&#8243; dt_id=&#8221;figures&#8221;][vc_column][vc_row_inner][vc_column_inner css_animation=&#8221;bottom-to-top&#8221;][\/vc_column_inner][\/vc_row_inner][vc_row_inner][vc_column_inner css_animation=&#8221;bottom-to-top&#8221;][vc_column_text] Die umfangreichen eingebauten Kommentare und Beobachtungen (sowohl positive als auch negative) decken alle Aspekte zur Verbesserung&#8230;<\/p>\n<p class=\"readmore\"><a class=\"more-btn\" href=\"https:\/\/revise.ly\/de\/aufschlussreiches-feedback\/\">Read More<\/a><\/p>\n","protected":false},"author":1,"featured_media":0,"parent":0,"menu_order":0,"comment_status":"closed","ping_status":"open","template":"template-homepage.php","meta":{"footnotes":""},"class_list":["post-14823","page","type-page","status-publish","hentry"],"_links":{"self":[{"href":"https:\/\/revise.ly\/de\/wp-json\/wp\/v2\/pages\/14823","targetHints":{"allow":["GET"]}}],"collection":[{"href":"https:\/\/revise.ly\/de\/wp-json\/wp\/v2\/pages"}],"about":[{"href":"https:\/\/revise.ly\/de\/wp-json\/wp\/v2\/types\/page"}],"author":[{"embeddable":true,"href":"https:\/\/revise.ly\/de\/wp-json\/wp\/v2\/users\/1"}],"replies":[{"embeddable":true,"href":"https:\/\/revise.ly\/de\/wp-json\/wp\/v2\/comments?post=14823"}],"version-history":[{"count":4,"href":"https:\/\/revise.ly\/de\/wp-json\/wp\/v2\/pages\/14823\/revisions"}],"predecessor-version":[{"id":15072,"href":"https:\/\/revise.ly\/de\/wp-json\/wp\/v2\/pages\/14823\/revisions\/15072"}],"wp:attachment":[{"href":"https:\/\/revise.ly\/de\/wp-json\/wp\/v2\/media?parent=14823"}],"curies":[{"name":"wp","href":"https:\/\/api.w.org\/{rel}","templated":true}]}}