{"id":14835,"date":"2017-01-24T15:20:38","date_gmt":"2017-01-24T14:20:38","guid":{"rendered":"\/peer-grading\/"},"modified":"2022-07-26T11:59:51","modified_gmt":"2022-07-26T09:59:51","slug":"peer-bewertung","status":"publish","type":"page","link":"https:\/\/revise.ly\/de\/peer-bewertung\/","title":{"rendered":"Peer-Bewertung"},"content":{"rendered":"<p>[vc_row dt_bg_repeat=&#8221;no-repeat&#8221; dt_no_mb=&#8221;no-margin&#8221; dt_padding_top=&#8221;0&#8243; dt_padding_bottom=&#8221;0&#8243;][vc_column][vc_row_inner][vc_column_inner]<div class=\"dt-title-wrapper\"><h1 class=\"section-title\">Peer-bewertung<\/h1><\/div><div style=\"clear:both; width:100%; height:10px\"><\/div>[vc_column_text css=&#8221;.vc_custom_1657715705345{margin-right: 20px !important;margin-left: 20px !important;border-right-width: 10px !important;border-left-width: 10px !important;}&#8221;]<\/p>\n<h1 style=\"text-align: center;\">Wir bei Revisely glauben fest an die Macht des Feedbacks und haben beschlossen, die M\u00f6glichkeiten von Revisely um die Peer-Bewertung zu erweitern. Wir wollen die traditionelle Sichtweise, dass Lehrer die einzigen Feedback-Geber sind, in Frage stellen, indem wir es Sch\u00fclern und Studenten erm\u00f6glichen, auch einander Feedback zu geben.<\/h1>\n<p>[\/vc_column_text]<div style=\"clear:both; width:100%; height:60px\"><\/div>[\/vc_column_inner][\/vc_row_inner][\/vc_column][\/vc_row][vc_row][vc_column width=&#8221;1\/3&#8243;]<div style=\"clear:both; width:100%; height:10px\"><\/div>[vc_column_text css=&#8221;.vc_custom_1657715732359{margin-right: 20px !important;margin-left: 30px !important;border-right-width: 20px !important;border-left-width: 20px !important;padding-right: 10px !important;padding-left: 10px !important;}&#8221;]<\/p>\n<h3 style=\"text-align: left;\">Mehr Feedback<\/h3>\n<p class=\"text-sm\" style=\"text-align: left;\">Die Sch\u00fcler und Studenten erhalten neben dem Feedback der Lehrkraft auch R\u00fcckmeldungen von Mitsch\u00fclern\/Studenten. Sie lernen, Feedback zu erhalten, aber auch zu geben, eine F\u00e4higkeit, von der sie ihr Leben lang profitieren werden.<\/p>\n<p>[\/vc_column_text]<div style=\"clear:both; width:100%; height:30px\"><\/div>[\/vc_column][vc_column width=&#8221;1\/3&#8243;]<div style=\"clear:both; width:100%; height:10px\"><\/div>[vc_column_text css=&#8221;.vc_custom_1657715754555{margin-right: 25px !important;margin-left: 25px !important;border-right-width: 20px !important;border-left-width: 20px !important;padding-right: 10px !important;padding-left: 10px !important;}&#8221;]<\/p>\n<h3 style=\"text-align: left;\">Mehr Wissen<\/h3>\n<p class=\"text-sm\" style=\"text-align: left;\">Um ein gutes Feedback geben zu k\u00f6nnen, ist es wichtig, dass die Sch\u00fcler und Studenten im Vorfeld einen guten Einblick in die Lernziele einer Aufgabe haben. Sie werden feststellen, dass dies ihnen hilft, die Aufgabe besser zu verstehen, auch f\u00fcr ihre eigene Arbeit.<\/p>\n<p>[\/vc_column_text]<div style=\"clear:both; width:100%; height:30px\"><\/div>[\/vc_column][vc_column width=&#8221;1\/3&#8243;]<div style=\"clear:both; width:100%; height:10px\"><\/div>[vc_column_text css=&#8221;.vc_custom_1657715794665{margin-right: 30px !important;margin-left: 20px !important;border-right-width: 20px !important;border-left-width: 20px !important;padding-right: 10px !important;padding-left: 10px !important;}&#8221;]<\/p>\n<h3 style=\"text-align: left;\">Mehr Beteiligung<\/h3>\n<p class=\"text-sm\" style=\"text-align: left;\">Studenten und Sch\u00fclern wird mehr Verantwortung beim Geben und Empfangen von Feedback \u00fcbertragen. Sie lernen, Probleme und Fehler zu erkennen, kritisch zu denken und dann L\u00f6sungen zu finden.<\/p>\n<p>[\/vc_column_text]<div style=\"clear:both; width:100%; height:30px\"><\/div>[\/vc_column][\/vc_row][vc_row][vc_column]<div style=\"clear:both; width:100%; height:30px\"><\/div>[\/vc_column][\/vc_row][vc_row][vc_column]<div style=\"clear:both; width:100%; height:50px\"><\/div>[\/vc_column][\/vc_row][vc_row dt_no_mb=&#8221;no-margin&#8221; bg_type=&#8221;image&#8221; parallax_style=&#8221;vcpb-default&#8221; bg_image_new=&#8221;id^14117|url^\/wp-content\/uploads\/2022\/06\/mockup-of-a-man-using-a-macbook-in-a-cozy-living-room-2324-el1-1.jpg|caption^null|alt^null|title^mockup-of-a-man-using-a-macbook-in-a-cozy-living-room-2324-el1|description^null&#8221; dt_padding_top=&#8221;30&#8243; dt_padding_bottom=&#8221;10&#8243; dt_id=&#8221;request&#8221; dt_color_opacity=&#8221;100&#8243; bg_color=&#8221;#e2e2e2&#8243; dt_class=&#8221;rly-request-secc&#8221;][vc_column offset=&#8221;vc_col-xs-12&#8243;][vc_row_inner font_color=&#8221;#ffffff&#8221; css=&#8221;.vc_custom_1655887911072{background-color: rgba(255,255,255,0.67) !important;*background-color: rgb(255,255,255) !important;}&#8221;][vc_column_inner css_animation=&#8221;top-to-bottom&#8221;]<div class=\"dt-title-wrapper\"><h1 class=\"section-title\">Versuchen Sie Peer-Bewertung!<\/h1><\/div>[\/vc_column_inner][\/vc_row_inner][vc_row_inner css=&#8221;.vc_custom_1655887954263{background-color: rgba(255,255,255,0.69) !important;*background-color: rgb(255,255,255) !important;}&#8221;][vc_column_inner width=&#8221;1\/3&#8243; css_animation=&#8221;bottom-to-top&#8221;]<div class=\"customlist list-icon-fa-angle-right\"><\/p>\n<ul>\n<li>Registrieren Sie sich und testen Sie Revisely an Ihrer Schule oder Universit\u00e4t mit Ihren Sch\u00fclern\/Studenten<\/li>\n<li>1 Monat kostenlos<\/li>\n<\/ul>\n<p><\/div>[\/vc_column_inner][vc_column_inner width=&#8221;1\/3&#8243; css_animation=&#8221;bottom-to-top&#8221;]<div class=\"customlist list-icon-fa-angle-right\"><\/p>\n<ul>\n<li>Wenn Sie Interesse haben, kommen wir an Ihre Schule und zeigen Ihnen in einem Workshop oder einem Webinar, wie es funktioniert.<\/li>\n<\/ul>\n<p><\/div>[\/vc_column_inner][vc_column_inner el_class=&#8221;center&#8221; width=&#8221;1\/3&#8243; css_animation=&#8221;bottom-to-top&#8221;]<div style=\"clear:both; width:100%; height:32px\"><\/div><a  class=\"button green big  icon-right\" href=\"https:\/\/app.revise.ly\/try-revisely?lang=nl\"><i class=\"fa fa-arrow-right\"><\/i>Los geht's!<\/a>[\/vc_column_inner][\/vc_row_inner][\/vc_column][\/vc_row][vc_column][\/vc_column][vc_column_inner css_animation=&#8221;bottom-to-top&#8221;][\/vc_column_inner]<\/p>\n","protected":false},"excerpt":{"rendered":"<p>[vc_row dt_bg_repeat=&#8221;no-repeat&#8221; dt_no_mb=&#8221;no-margin&#8221; dt_padding_top=&#8221;0&#8243; dt_padding_bottom=&#8221;0&#8243;][vc_column][vc_row_inner][vc_column_inner][vc_column_text css=&#8221;.vc_custom_1657715705345{margin-right: 20px !important;margin-left: 20px !important;border-right-width: 10px !important;border-left-width: 10px !important;}&#8221;] Wir bei Revisely glauben fest an die Macht des Feedbacks und&#8230;<\/p>\n<p class=\"readmore\"><a class=\"more-btn\" href=\"https:\/\/revise.ly\/de\/peer-bewertung\/\">Read More<\/a><\/p>\n","protected":false},"author":1,"featured_media":3494,"parent":0,"menu_order":0,"comment_status":"closed","ping_status":"open","template":"template-homepage.php","meta":{"footnotes":""},"class_list":["post-14835","page","type-page","status-publish","has-post-thumbnail","hentry"],"_links":{"self":[{"href":"https:\/\/revise.ly\/de\/wp-json\/wp\/v2\/pages\/14835","targetHints":{"allow":["GET"]}}],"collection":[{"href":"https:\/\/revise.ly\/de\/wp-json\/wp\/v2\/pages"}],"about":[{"href":"https:\/\/revise.ly\/de\/wp-json\/wp\/v2\/types\/page"}],"author":[{"embeddable":true,"href":"https:\/\/revise.ly\/de\/wp-json\/wp\/v2\/users\/1"}],"replies":[{"embeddable":true,"href":"https:\/\/revise.ly\/de\/wp-json\/wp\/v2\/comments?post=14835"}],"version-history":[{"count":4,"href":"https:\/\/revise.ly\/de\/wp-json\/wp\/v2\/pages\/14835\/revisions"}],"predecessor-version":[{"id":15034,"href":"https:\/\/revise.ly\/de\/wp-json\/wp\/v2\/pages\/14835\/revisions\/15034"}],"wp:featuredmedia":[{"embeddable":true,"href":"https:\/\/revise.ly\/de\/wp-json\/wp\/v2\/media\/3494"}],"wp:attachment":[{"href":"https:\/\/revise.ly\/de\/wp-json\/wp\/v2\/media?parent=14835"}],"curies":[{"name":"wp","href":"https:\/\/api.w.org\/{rel}","templated":true}]}}