{"id":14839,"date":"2020-01-14T15:42:23","date_gmt":"2020-01-14T14:42:23","guid":{"rendered":"\/team-hand-in\/"},"modified":"2022-07-27T10:08:51","modified_gmt":"2022-07-27T08:08:51","slug":"team-grading","status":"publish","type":"page","link":"https:\/\/revise.ly\/de\/team-grading\/","title":{"rendered":"Team grading"},"content":{"rendered":"<p>[vc_row][vc_column][vc_row_inner][vc_column_inner css_animation=&#8221;left-to-right&#8221;]<div class=\"dt-title-wrapper\"><h1 class=\"section-title\">Team grading \/ Teamaufgaben<\/h1><\/div><div style=\"clear:both; width:100%; height:20px\"><\/div>[vc_column_text]<\/p>\n<div class=\"block\">\n<div class=\"element\">\n<h2 style=\"text-align: center;\">Mit der Teamaufgaben k\u00f6nnen Sch\u00fcler und Studenten gemeinsam an Aufgaben arbeiten und es besteht die M\u00f6glichkeit, einen Text im Team abzugeben. Dabei b\u00fcndeln sie ihr Wissen und st\u00e4rken ihre F\u00e4higkeiten, um so unterschiedliche Talente zu nutzen und kreative L\u00f6sungen zu finden.<\/h2>\n<\/div>\n<\/div>\n<div class=\"empty-block\"><\/div>\n<div class=\"block\">\n<div class=\"element fill-width\"><\/div>\n<\/div>\n<p>[\/vc_column_text]<div style=\"clear:both; width:100%; height:60px\"><\/div>[\/vc_column_inner][\/vc_row_inner][\/vc_column][\/vc_row][vc_row dt_no_mb=&#8221;no-margin&#8221; bg_type=&#8221;image&#8221; parallax_style=&#8221;vcpb-default&#8221; bg_image_new=&#8221;id^14117|url^\/wp-content\/uploads\/2022\/06\/mockup-of-a-man-using-a-macbook-in-a-cozy-living-room-2324-el1-1.jpg|caption^null|alt^null|title^mockup-of-a-man-using-a-macbook-in-a-cozy-living-room-2324-el1|description^null&#8221; dt_padding_top=&#8221;30&#8243; dt_padding_bottom=&#8221;10&#8243; dt_id=&#8221;request&#8221; dt_color_opacity=&#8221;100&#8243; dt_class=&#8221;rly-request-secc&#8221; bg_color=&#8221;#e2e2e2&#8243;][vc_column offset=&#8221;vc_col-xs-12&#8243;][vc_row_inner][vc_column_inner css=&#8221;.vc_custom_1655890169247{background-color: rgba(255,255,255,0.66) !important;*background-color: rgb(255,255,255) !important;}&#8221;]<div class=\"dt-title-wrapper\"><h1 class=\"section-title\">Testen Sie Revisely 1 Monat lang kostenlos!<\/h1><\/div>[\/vc_column_inner][\/vc_row_inner][vc_row_inner css=&#8221;.vc_custom_1655890195032{background-color: rgba(255,255,255,0.66) !important;*background-color: rgb(255,255,255) !important;}&#8221;][vc_column_inner width=&#8221;1\/3&#8243; css_animation=&#8221;bottom-to-top&#8221;]<div class=\"customlist list-icon-fa-angle-right\"><\/p>\n<ul>\n<li>Testen Sie Revisely an Ihrer Schule oder Universit\u00e4t mit Ihren Sch\u00fclern\/Studenten<\/li>\n<\/ul>\n<p><\/div>[\/vc_column_inner][vc_column_inner width=&#8221;1\/3&#8243; css_animation=&#8221;bottom-to-top&#8221;]<div class=\"customlist list-icon-fa-angle-right\"><\/p>\n<ul>\n<li>Wenn Sie Interesse haben, kommen wir in Ihre Schule oder Universit\u00e4t und zeigen Ihnen kostenlos, wie es funktioniert.<\/li>\n<\/ul>\n<p><\/div>[\/vc_column_inner][vc_column_inner el_class=&#8221;center&#8221; width=&#8221;1\/3&#8243; css_animation=&#8221;bottom-to-top&#8221;]<div style=\"clear:both; width:100%; height:32px\"><\/div><a  class=\"button green big  icon-right\" href=\"https:\/\/app.revise.ly\/try-revisely?lang=en\"><i class=\"fa fa-arrow-right\"><\/i>Los geht's!<\/a>[\/vc_column_inner][\/vc_row_inner][\/vc_column][\/vc_row][vc_column][\/vc_column][vc_column_inner css_animation=&#8221;bottom-to-top&#8221;][\/vc_column_inner]<\/p>\n","protected":false},"excerpt":{"rendered":"<p>[vc_row][vc_column][vc_row_inner][vc_column_inner css_animation=&#8221;left-to-right&#8221;][vc_column_text] Mit der Teamaufgaben k\u00f6nnen Sch\u00fcler und Studenten gemeinsam an Aufgaben arbeiten und es besteht die M\u00f6glichkeit, einen Text im Team abzugeben. Dabei b\u00fcndeln&#8230;<\/p>\n<p class=\"readmore\"><a class=\"more-btn\" href=\"https:\/\/revise.ly\/de\/team-grading\/\">Read More<\/a><\/p>\n","protected":false},"author":1,"featured_media":0,"parent":0,"menu_order":0,"comment_status":"closed","ping_status":"open","template":"template-homepage.php","meta":{"footnotes":""},"class_list":["post-14839","page","type-page","status-publish","hentry"],"_links":{"self":[{"href":"https:\/\/revise.ly\/de\/wp-json\/wp\/v2\/pages\/14839","targetHints":{"allow":["GET"]}}],"collection":[{"href":"https:\/\/revise.ly\/de\/wp-json\/wp\/v2\/pages"}],"about":[{"href":"https:\/\/revise.ly\/de\/wp-json\/wp\/v2\/types\/page"}],"author":[{"embeddable":true,"href":"https:\/\/revise.ly\/de\/wp-json\/wp\/v2\/users\/1"}],"replies":[{"embeddable":true,"href":"https:\/\/revise.ly\/de\/wp-json\/wp\/v2\/comments?post=14839"}],"version-history":[{"count":4,"href":"https:\/\/revise.ly\/de\/wp-json\/wp\/v2\/pages\/14839\/revisions"}],"predecessor-version":[{"id":15056,"href":"https:\/\/revise.ly\/de\/wp-json\/wp\/v2\/pages\/14839\/revisions\/15056"}],"wp:attachment":[{"href":"https:\/\/revise.ly\/de\/wp-json\/wp\/v2\/media?parent=14839"}],"curies":[{"name":"wp","href":"https:\/\/api.w.org\/{rel}","templated":true}]}}