{"id":14964,"date":"2016-11-15T16:23:19","date_gmt":"2016-11-15T15:23:19","guid":{"rendered":"\/partnering\/"},"modified":"2022-07-26T16:22:02","modified_gmt":"2022-07-26T14:22:02","slug":"partnerschaften","status":"publish","type":"page","link":"https:\/\/revise.ly\/de\/partnerschaften\/","title":{"rendered":"Werden Sie ein Revisely-Partner!"},"content":{"rendered":"<p>[vc_row dt_no_mb=&#8221;no-margin&#8221; bg_color=&#8221;#ffffff&#8221; dt_padding_top=&#8221;0&#8243; dt_padding_bottom=&#8221;30&#8243; dt_class=&#8221;rly-how-secc&#8221; dt_id=&#8221;how&#8221;][vc_column]<div style=\"clear:both; width:100%; height:50px\"><\/div><div class=\"dt-title-wrapper\"><h1 class=\"section-title\">Partnerschaften<\/h1><\/div><div style=\"clear:both; width:100%; height:10px\"><\/div>[vc_row_inner][vc_column_inner][vc_column_text css=&#8221;.vc_custom_1658320846568{margin-right: 70px !important;margin-left: 70px !important;}&#8221;]<\/p>\n<h2 style=\"text-align: center;\"><span style=\"font-weight: 400;\">Revisely begr\u00fc\u00dft verschiedene Arten von Partnerschaften, damit wir gemeinsam Studenten auf der ganzen Welt helfen k\u00f6nnen, ihre Schreibf\u00e4higkeiten zu verbessern. Kooperationen k\u00f6nnen sowohl lokal auf Ihrem Markt als auch global sein. <\/span><span style=\"font-weight: 400;\"><br \/>\n<\/span><\/h2>\n<p>[\/vc_column_text]<div style=\"clear:both; width:100%; height:50px\"><\/div>[\/vc_column_inner][\/vc_row_inner][\/vc_column][\/vc_row][vc_row dt_bg_repeat=&#8221;no-repeat&#8221; dt_no_mb=&#8221;no-margin&#8221; dt_padding_top=&#8221;0&#8243; dt_padding_bottom=&#8221;0&#8243;][vc_column][vc_tta_tabs style=&#8221;modern&#8221; alignment=&#8221;center&#8221; active_section=&#8221;1&#8243;][vc_tta_section title=&#8221;Bildungsverlage&#8221; tab_id=&#8221;1484150931644-4a7c0879-ccc7&#8243;]<div style=\"clear:both; width:100%; height:20px\"><\/div>[vc_column_text css=&#8221;.vc_custom_1658320903151{margin-top: 20px !important;margin-right: 50px !important;margin-bottom: 20px !important;margin-left: 50px !important;border-top-width: 20px !important;border-right-width: 50px !important;border-bottom-width: 20px !important;border-left-width: 50px !important;padding-top: 20px !important;padding-right: 50px !important;padding-bottom: 20px !important;padding-left: 50px !important;}&#8221;]<\/p>\n<h2 style=\"text-align: left;\">Bildungsverlage<\/h2>\n<p>Sind Sie auf der Suche nach M\u00f6glichkeiten, Ihre (digitale) Lernmethode zu erg\u00e4nzen? Und sind Sie auf der Suche nach dem richtigen Werkzeug zur Unterst\u00fctzung Ihrer Schreibaufgaben? Revisely kann Bildungsanbietern helfen, (digitale) Lernl\u00f6sungen anzubieten.<\/p>\n<p>Die Online-Web-App von Revisely macht es Lehrern leicht, Sch\u00fclern gutes Feedback zu Texten zu geben. Dank der eingebauten strukturierten Kommentare erhalten die Sch\u00fcler ein besseres Feedback mit weniger Arbeit f\u00fcr den Lehrer. Die eingebauten Kommentare enthalten spezifische Inhalte, damit die Sch\u00fcler verstehen, was und wie sie sich verbessern k\u00f6nnen. Eine gro\u00dfartige M\u00f6glichkeit, Ihr digitales Angebot zu erweitern und eine Einnahmequelle zu schaffen.<\/p>\n<p>Zu den M\u00f6glichkeiten der Zusammenarbeit geh\u00f6ren:<\/p>\n<ul>\n<li>Verweis auf Ihre Papierinhalte aus dem Feedback von Revisely (Erg\u00e4nzung Ihrer papierbasierten Methode durch ein digitales Format)<\/li>\n<li>Verweis auf Ihre digitalen Inhalte mit einem Link (um das Engagement f\u00fcr Ihre digitalen Inhalte zu erh\u00f6hen)<\/li>\n<li>Integration Ihrer Inhalte als Feedback an die Sch\u00fcler (zur Verbesserung der Konsistenz)<\/li>\n<li>die Integration Ihrer Schreibaufgaben in die Revisely-Bibliothek (um Lehrern Zeit zu sparen)<\/li>\n<li>die vollst\u00e4ndige Integration unseres Korrektur- und Feedback-Tools in Ihre digitale Plattform (um Ihr Angebot aufzuwerten)<\/li>\n<\/ul>\n<p>[\/vc_column_text]<div style=\"clear:both; width:100%; height:20px\"><\/div>[\/vc_tta_section][vc_tta_section title=&#8221;Anbieter von Bildungssystemen&#8221; tab_id=&#8221;1484150931751-78e23def-3e46&#8243;]<div style=\"clear:both; width:100%; height:20px\"><\/div>[vc_column_text css=&#8221;.vc_custom_1658320969085{margin-top: 20px !important;margin-right: 50px !important;margin-bottom: 20px !important;margin-left: 50px !important;border-top-width: 20px !important;border-right-width: 50px !important;border-bottom-width: 20px !important;border-left-width: 50px !important;padding-top: 20px !important;padding-right: 50px !important;padding-bottom: 20px !important;padding-left: 50px !important;}&#8221;]<\/p>\n<h2 style=\"text-align: left;\">Anbieter von Bildungssystemen<\/h2>\n<p>Die digitale Korrektur von und das Feedback zu Texten wird in der Sekundar- und Hochschulbildung immer mehr zur Norm. M\u00f6chten Sie die Funktionalit\u00e4t Ihres Learning Management Systems (LMS), VLE, SIS oder Learning Administration Systems (LAS) erg\u00e4nzen?<\/p>\n<p>Revisely ist das beste Werkzeug f\u00fcr die Korrektur, \u00dcberpr\u00fcfung und Benotung von schriftlichen Aufgaben und die Bereitstellung von mehr und aufschlussreichem Feedback f\u00fcr Studenten. Die richtige Wahl, wenn Sie Ihr Angebot erg\u00e4nzen und Ihre Einnahmen mit einer solchen Funktionalit\u00e4t steigern wollen.<\/p>\n<p>Zu den M\u00f6glichkeiten der Zusammenarbeit geh\u00f6ren:<\/p>\n<ul>\n<li>Single Sign-0n &#8211; SSO (um Barrieren f\u00fcr Lehrer und Sch\u00fcler abzubauen)<\/li>\n<li>Austausch von Schul-, Lehrer-, Gruppen-\/Klassen- und Sch\u00fclerdaten (um es f\u00fcr Schulen noch einfacher zu machen)<\/li>\n<li>LTI-Integration (standardisierte Integration in Form eines Plug-ins)<\/li>\n<li>das Korrektur- und Feedback-Tool von Revisely vollst\u00e4ndig in Ihr System zu integrieren (Mehrwert f\u00fcr Ihr Angebot)<\/li>\n<\/ul>\n<p>[\/vc_column_text]<div style=\"clear:both; width:100%; height:20px\"><\/div>[\/vc_tta_section][vc_tta_section title=&#8221;Wiederverk\u00e4ufer und Vertriebsh\u00e4ndler&#8221; tab_id=&#8221;1484150935466-7dab7b4b-249f&#8221;]<div style=\"clear:both; width:100%; height:20px\"><\/div>[vc_column_text css=&#8221;.vc_custom_1658321323031{margin-top: 20px !important;margin-right: 50px !important;margin-bottom: 20px !important;margin-left: 50px !important;border-top-width: 20px !important;border-right-width: 50px !important;border-bottom-width: 20px !important;border-left-width: 50px !important;padding-top: 20px !important;padding-right: 50px !important;padding-bottom: 20px !important;padding-left: 50px !important;}&#8221;]<\/p>\n<h2 style=\"text-align: left;\">Wiederverk\u00e4ufer und Vertriebsh\u00e4ndler<\/h2>\n<p>M\u00f6chten Sie Ihr Angebot auf dem Bildungsmarkt erweitern? Und m\u00f6chten Sie Ihre Einnahmen steigern?<\/p>\n<p>Schreibf\u00e4higkeiten sind sehr wichtig. In vielen L\u00e4ndern scheint die Verbesserung der Schreibf\u00e4higkeiten von Sch\u00fclern mehr denn je auf der Tagesordnung zu stehen, insbesondere in Kombination mit digitalen F\u00e4higkeiten.<\/p>\n<p>Revisely unterst\u00fctzt Lehrer w\u00e4hrend des gesamten Prozesses von Schreibauftr\u00e4gen: von der Erstellung eines Auftrags \u00fcber die Plagiatspr\u00fcfung bis hin zu aufschlussreichem Feedback und der \u00dcberwachung des Abgabe- und Korrekturprozesses. Damit bietet Revisely Lehrern ein komfortables Werkzeug zur Textkorrektur, Sch\u00fclern ein Werkzeug zur Verbesserung ihrer Schreibf\u00e4higkeiten und Ihnen als Wiederverk\u00e4ufer ein Werkzeug zur Vervollst\u00e4ndigung Ihres Portfolios.<\/p>\n<p>Zu den M\u00f6glichkeiten der Zusammenarbeit geh\u00f6ren:<\/p>\n<ul>\n<li>Hinzuf\u00fcgen von Revisely zu Ihrem Portfolio oder App-Store<\/li>\n<\/ul>\n<p>[\/vc_column_text]<div style=\"clear:both; width:100%; height:20px\"><\/div>[\/vc_tta_section][\/vc_tta_tabs][\/vc_column][\/vc_row][vc_row dt_bg_repeat=&#8221;no-repeat&#8221; dt_no_mb=&#8221;no-margin&#8221; bg_color=&#8221;#ffffff&#8221; dt_color_opacity=&#8221;100&#8243; dt_padding_top=&#8221;0&#8243; dt_padding_bottom=&#8221;0&#8243; dt_class=&#8221;rly-partners-secc&#8221; dt_id=&#8221;partners&#8221;][vc_column][vc_row_inner][vc_column_inner]<div style=\"clear:both; width:100%; height:50px\"><\/div>[vc_separator]<div class=\"dt-title-wrapper\"><h1 class=\"section-title\">Freunde und Partner von Revisely<\/h1><\/div><div style=\"clear:both; width:100%; height:50px\"><\/div><div class=\"clients-carousel\"><div id=\"owl-clients-aff\" class=\"owl-carousel carousel-clients\" data-token=\"Mdys3\"><div class=\"client-item\"><a href=\"http:\/\/www.omo.nl\"><img loading=\"lazy\" decoding=\"async\" width=\"300\" height=\"65\" src=\"https:\/\/revise.ly\/wp-content\/uploads\/2014\/11\/logo-omo-e1444854339155-300x65.png\" class=\"attachment-medium\" alt=\"\" srcset=\"https:\/\/revise.ly\/wp-content\/uploads\/2014\/11\/logo-omo-e1444854339155.png 300w, https:\/\/revise.ly\/wp-content\/uploads\/2014\/11\/logo-omo-e1444854339155-200x43.png 200w\" sizes=\"auto, (max-width: 300px) 100vw, 300px\" \/><\/a><\/div><div class=\"client-item\"><a href=\"http:\/\/ingegno.in\"><img loading=\"lazy\" decoding=\"async\" width=\"136\" height=\"89\" src=\"https:\/\/revise.ly\/wp-content\/uploads\/2014\/09\/ingegno.png\" class=\"attachment-medium\" alt=\"\" \/><\/a><\/div><div class=\"client-item\"><a href=\"http:\/\/carmel.nl\"><img loading=\"lazy\" decoding=\"async\" width=\"300\" height=\"90\" src=\"https:\/\/revise.ly\/wp-content\/uploads\/2014\/10\/logo-carmel-300x90.png\" class=\"attachment-medium\" alt=\"\" srcset=\"https:\/\/revise.ly\/wp-content\/uploads\/2014\/10\/logo-carmel-300x90.png 300w, https:\/\/revise.ly\/wp-content\/uploads\/2014\/10\/logo-carmel-200x60.png 200w, https:\/\/revise.ly\/wp-content\/uploads\/2014\/10\/logo-carmel.png 301w\" sizes=\"auto, (max-width: 300px) 100vw, 300px\" \/><\/a><\/div><div class=\"client-item\"><a href=\"http:\/\/som.today\"><img loading=\"lazy\" decoding=\"async\" width=\"300\" height=\"89\" src=\"https:\/\/revise.ly\/wp-content\/uploads\/2014\/09\/2-300x89.png\" class=\"attachment-medium\" alt=\"\" srcset=\"https:\/\/revise.ly\/wp-content\/uploads\/2014\/09\/2.png 300w, https:\/\/revise.ly\/wp-content\/uploads\/2014\/09\/2-200x59.png 200w\" sizes=\"auto, (max-width: 300px) 100vw, 300px\" \/><\/a><\/div><div class=\"client-item\"><a href=\"http:\/\/utrechtinc.nl\"><img loading=\"lazy\" decoding=\"async\" width=\"300\" height=\"71\" src=\"https:\/\/revise.ly\/wp-content\/uploads\/2014\/11\/2014-10-31-UtrechtInc-CMYK-e1444854273654-300x71.png\" class=\"attachment-medium\" alt=\"\" srcset=\"https:\/\/revise.ly\/wp-content\/uploads\/2014\/11\/2014-10-31-UtrechtInc-CMYK-e1444854273654.png 300w, https:\/\/revise.ly\/wp-content\/uploads\/2014\/11\/2014-10-31-UtrechtInc-CMYK-e1444854273654-200x47.png 200w\" sizes=\"auto, (max-width: 300px) 100vw, 300px\" \/><\/a><\/div><div class=\"client-item\"><a href=\"https:\/\/wise-r.nl\"><img loading=\"lazy\" decoding=\"async\" width=\"172\" height=\"70\" src=\"https:\/\/revise.ly\/wp-content\/uploads\/2014\/09\/logo-wise-r.png\" class=\"attachment-medium\" alt=\"\" \/><\/a><\/div><div class=\"client-item\"><a href=\"https:\/\/etalage.vandijk.nl\"><img loading=\"lazy\" decoding=\"async\" width=\"300\" height=\"89\" src=\"https:\/\/revise.ly\/wp-content\/uploads\/2014\/09\/3-300x89.png\" class=\"attachment-medium\" alt=\"Van Dijk\" srcset=\"https:\/\/revise.ly\/wp-content\/uploads\/2014\/09\/3.png 300w, https:\/\/revise.ly\/wp-content\/uploads\/2014\/09\/3-200x59.png 200w\" sizes=\"auto, (max-width: 300px) 100vw, 300px\" \/><\/a><\/div><div class=\"client-item\"><a href=\"http:\/\/www.impact-accelerator.com\"><img loading=\"lazy\" decoding=\"async\" width=\"300\" height=\"97\" src=\"https:\/\/revise.ly\/wp-content\/uploads\/2014\/09\/31b4022-e1444853986250-300x97.png\" class=\"attachment-medium\" alt=\"\" srcset=\"https:\/\/revise.ly\/wp-content\/uploads\/2014\/09\/31b4022-e1444853986250-300x97.png 300w, https:\/\/revise.ly\/wp-content\/uploads\/2014\/09\/31b4022-e1444853986250-200x64.png 200w, https:\/\/revise.ly\/wp-content\/uploads\/2014\/09\/31b4022-e1444853986250.png 301w\" sizes=\"auto, (max-width: 300px) 100vw, 300px\" \/><\/a><\/div><div class=\"client-item\"><a href=\"https:\/\/www.polkuni.fi\"><img loading=\"lazy\" decoding=\"async\" width=\"300\" height=\"102\" src=\"https:\/\/revise.ly\/wp-content\/uploads\/2014\/11\/polkuni_logo_color-300x102.png\" class=\"attachment-medium\" alt=\"\" srcset=\"https:\/\/revise.ly\/wp-content\/uploads\/2014\/11\/polkuni_logo_color-300x102.png 300w, https:\/\/revise.ly\/wp-content\/uploads\/2014\/11\/polkuni_logo_color-200x68.png 200w, https:\/\/revise.ly\/wp-content\/uploads\/2014\/11\/polkuni_logo_color-768x260.png 768w, https:\/\/revise.ly\/wp-content\/uploads\/2014\/11\/polkuni_logo_color-1024x347.png 1024w, https:\/\/revise.ly\/wp-content\/uploads\/2014\/11\/polkuni_logo_color-780x264.png 780w, https:\/\/revise.ly\/wp-content\/uploads\/2014\/11\/polkuni_logo_color.png 1087w\" sizes=\"auto, (max-width: 300px) 100vw, 300px\" \/><\/a><\/div><div class=\"client-item\"><a href=\"http:\/\/www.urkund.com\"><img loading=\"lazy\" decoding=\"async\" width=\"300\" height=\"81\" src=\"https:\/\/revise.ly\/wp-content\/uploads\/2014\/09\/Urkund_black-300x81.png\" class=\"attachment-medium\" alt=\"Urkund\" srcset=\"https:\/\/revise.ly\/wp-content\/uploads\/2014\/09\/Urkund_black-300x81.png 300w, https:\/\/revise.ly\/wp-content\/uploads\/2014\/09\/Urkund_black-200x54.png 200w, https:\/\/revise.ly\/wp-content\/uploads\/2014\/09\/Urkund_black.png 718w\" sizes=\"auto, (max-width: 300px) 100vw, 300px\" \/><\/a><\/div><\/div><\/div><div style=\"clear:both; width:100%; height:60px\"><\/div>[\/vc_column_inner][\/vc_row_inner][\/vc_column][\/vc_row][vc_row][vc_column]<div style=\"clear:both; width:100%; height:30px\"><\/div><div class=\"dt-title-wrapper\"><h1 class=\"section-title\">Interessiert? Nehmen Sie Kontakt auf!<\/h1><\/div><div style=\"clear:both; width:100%; height:15px\"><\/div>[vc_row_inner][vc_column_inner width=&#8221;1\/3&#8243; css_animation=&#8221;left-to-right&#8221;]<div style=\"clear:both; width:100%; height:15px\"><\/div>[vc_column_text]<\/p>\n<h4>Wenn Sie daran interessiert sind, Revisely-Partner zu werden, mehr Informationen w\u00fcnschen oder weitere Fragen haben, senden Sie uns bitte eine E-Mail an <a href=\"mailto:info@revise.ly\">info@revise.ly<\/a> oder verwenden Sie das Kontaktformular.<\/h4>\n<p>[\/vc_column_text][\/vc_column_inner][vc_column_inner width=&#8221;7\/12&#8243; css_animation=&#8221;right-to-left&#8221;]\n<div class=\"wpcf7 no-js\" id=\"wpcf7-f14996-o1\" lang=\"de-DE\" dir=\"ltr\" data-wpcf7-id=\"14996\">\n<div class=\"screen-reader-response\"><p role=\"status\" aria-live=\"polite\" aria-atomic=\"true\"><\/p> <ul><\/ul><\/div>\n<form action=\"\/de\/wp-json\/wp\/v2\/pages\/14964#wpcf7-f14996-o1\" method=\"post\" class=\"wpcf7-form init\" aria-label=\"Kontaktformular\" novalidate=\"novalidate\" data-status=\"init\">\n<fieldset class=\"hidden-fields-container\"><input type=\"hidden\" name=\"_wpcf7\" value=\"14996\" \/><input type=\"hidden\" name=\"_wpcf7_version\" value=\"6.1.5\" \/><input type=\"hidden\" name=\"_wpcf7_locale\" value=\"de_DE\" \/><input type=\"hidden\" name=\"_wpcf7_unit_tag\" value=\"wpcf7-f14996-o1\" \/><input type=\"hidden\" name=\"_wpcf7_container_post\" value=\"0\" \/><input type=\"hidden\" name=\"_wpcf7_posted_data_hash\" value=\"\" \/><input type=\"hidden\" name=\"_wpcf7_recaptcha_response\" value=\"\" \/>\n<\/fieldset>\n<p>Dein Name (erforderlich)\n<\/p>\n<p><span class=\"wpcf7-form-control-wrap\" data-name=\"your-name\"><input size=\"40\" maxlength=\"400\" class=\"wpcf7-form-control wpcf7-text wpcf7-validates-as-required\" aria-required=\"true\" aria-invalid=\"false\" value=\"\" type=\"text\" name=\"your-name\" \/><\/span>\n<\/p>\n<p>Deine E-Mail (erforderlich)\n<\/p>\n<p><span class=\"wpcf7-form-control-wrap\" data-name=\"your-email\"><input size=\"40\" maxlength=\"400\" class=\"wpcf7-form-control wpcf7-email wpcf7-validates-as-required wpcf7-text wpcf7-validates-as-email\" aria-required=\"true\" aria-invalid=\"false\" value=\"\" type=\"email\" name=\"your-email\" \/><\/span>\n<\/p>\n<p>Betreff\n<\/p>\n<p><span class=\"wpcf7-form-control-wrap\" data-name=\"your-subject\"><input size=\"40\" maxlength=\"400\" class=\"wpcf7-form-control wpcf7-text\" aria-invalid=\"false\" value=\"\" type=\"text\" name=\"your-subject\" \/><\/span>\n<\/p>\n<p>Deine Nachricht\n<\/p>\n<p><span class=\"wpcf7-form-control-wrap\" data-name=\"your-message\"><textarea cols=\"40\" rows=\"10\" maxlength=\"2000\" class=\"wpcf7-form-control wpcf7-textarea\" aria-invalid=\"false\" name=\"your-message\"><\/textarea><\/span>\n<\/p>\n<p><input class=\"wpcf7-form-control wpcf7-submit has-spinner\" type=\"submit\" value=\"Senden\" \/>\n<\/p><p style=\"display: none !important;\" class=\"akismet-fields-container\" data-prefix=\"_wpcf7_ak_\"><label>&#916;<textarea name=\"_wpcf7_ak_hp_textarea\" cols=\"45\" rows=\"8\" maxlength=\"100\"><\/textarea><\/label><input type=\"hidden\" id=\"ak_js_1\" name=\"_wpcf7_ak_js\" value=\"7\"\/><script>document.getElementById( \"ak_js_1\" ).setAttribute( \"value\", ( new Date() ).getTime() );<\/script><\/p><div class=\"wpcf7-response-output\" aria-hidden=\"true\"><\/div>\n<\/form>\n<\/div>\n[\/vc_column_inner][\/vc_row_inner][\/vc_column][\/vc_row]<\/p>\n","protected":false},"excerpt":{"rendered":"<p>[vc_row dt_no_mb=&#8221;no-margin&#8221; bg_color=&#8221;#ffffff&#8221; dt_padding_top=&#8221;0&#8243; dt_padding_bottom=&#8221;30&#8243; dt_class=&#8221;rly-how-secc&#8221; dt_id=&#8221;how&#8221;][vc_column][vc_row_inner][vc_column_inner][vc_column_text css=&#8221;.vc_custom_1658320846568{margin-right: 70px !important;margin-left: 70px !important;}&#8221;] Revisely begr\u00fc\u00dft verschiedene Arten von Partnerschaften, damit wir gemeinsam Studenten auf der ganzen&#8230;<\/p>\n<p class=\"readmore\"><a class=\"more-btn\" href=\"https:\/\/revise.ly\/de\/partnerschaften\/\">Read More<\/a><\/p>\n","protected":false},"author":1,"featured_media":0,"parent":0,"menu_order":0,"comment_status":"closed","ping_status":"open","template":"template-homepage.php","meta":{"footnotes":""},"class_list":["post-14964","page","type-page","status-publish","hentry"],"_links":{"self":[{"href":"https:\/\/revise.ly\/de\/wp-json\/wp\/v2\/pages\/14964","targetHints":{"allow":["GET"]}}],"collection":[{"href":"https:\/\/revise.ly\/de\/wp-json\/wp\/v2\/pages"}],"about":[{"href":"https:\/\/revise.ly\/de\/wp-json\/wp\/v2\/types\/page"}],"author":[{"embeddable":true,"href":"https:\/\/revise.ly\/de\/wp-json\/wp\/v2\/users\/1"}],"replies":[{"embeddable":true,"href":"https:\/\/revise.ly\/de\/wp-json\/wp\/v2\/comments?post=14964"}],"version-history":[{"count":5,"href":"https:\/\/revise.ly\/de\/wp-json\/wp\/v2\/pages\/14964\/revisions"}],"predecessor-version":[{"id":15048,"href":"https:\/\/revise.ly\/de\/wp-json\/wp\/v2\/pages\/14964\/revisions\/15048"}],"wp:attachment":[{"href":"https:\/\/revise.ly\/de\/wp-json\/wp\/v2\/media?parent=14964"}],"curies":[{"name":"wp","href":"https:\/\/api.w.org\/{rel}","templated":true}]}}