{"id":10447,"date":"2020-06-21T14:18:48","date_gmt":"2020-06-21T12:18:48","guid":{"rendered":"\/?page_id=10447"},"modified":"2022-07-26T10:16:45","modified_gmt":"2022-07-26T08:16:45","slug":"precio","status":"publish","type":"page","link":"https:\/\/revise.ly\/es\/precio\/","title":{"rendered":"Precio"},"content":{"rendered":"<p>[vc_row dt_no_mb=&#8221;no-margin&#8221; dt_id=&#8221;request&#8221; dt_padding_top=&#8221;30&#8243; dt_padding_bottom=&#8221;10&#8243; dt_class=&#8221;rly-request-secc&#8221;][vc_column]<div style=\"clear:both; width:100%; height:30px\"><\/div>[vc_row_inner][vc_column_inner]<div class=\"dt-title-wrapper\"><h1 class=\"section-title\">Cuanto questa Revisely?<\/h1><\/div><div style=\"clear:both; width:100%; height:20px\"><\/div>[vc_column_text]<\/p>\n<h2 style=\"text-align: center;\">Queremos que pruebes Revisely y veas lo que puede hacer para tu instituto o universidad. Por eso, te ofrecemos una cuenta de prueba con Revisely durante un mes, sin coste alguno. Si deseas seguir trabajando con Revisely, puedes comprar la licencia. El precio depender\u00e1 de la duraci\u00f3n del contrato, el n\u00famero de usuarios y en qu\u00e9 idiomas se utilizar\u00e1 la aplicaci\u00f3n online. Por favor, rellena tus datos personales as\u00ed como los de tu instituto\/universidad abajo y nos pondremos en contacto contigo lo antes posible.<\/h2>\n<p>&nbsp;<\/p>\n<h2 style=\"text-align: center;\">Esta oferta es totalmente gratis y sin ninguna obligaci\u00f3n<\/h2>\n<h2 style=\"text-align: center;\"><\/h2>\n<p>[\/vc_column_text]<div style=\"clear:both; width:100%; height:50px\"><\/div>[\/vc_column_inner][\/vc_row_inner][\/vc_column][\/vc_row][vc_row][vc_column width=&#8221;1\/4&#8243;][\/vc_column][vc_column width=&#8221;1\/2&#8243;]\n<div class=\"wpcf7 no-js\" id=\"wpcf7-f10449-o1\" lang=\"es-ES\" dir=\"ltr\" data-wpcf7-id=\"10449\">\n<div class=\"screen-reader-response\"><p role=\"status\" aria-live=\"polite\" aria-atomic=\"true\"><\/p> <ul><\/ul><\/div>\n<form action=\"\/es\/wp-json\/wp\/v2\/pages\/10447#wpcf7-f10449-o1\" method=\"post\" class=\"wpcf7-form init\" aria-label=\"Formulario de contacto\" novalidate=\"novalidate\" data-status=\"init\">\n<fieldset class=\"hidden-fields-container\"><input type=\"hidden\" name=\"_wpcf7\" value=\"10449\" \/><input type=\"hidden\" name=\"_wpcf7_version\" value=\"6.1.5\" \/><input type=\"hidden\" name=\"_wpcf7_locale\" value=\"es_ES\" \/><input type=\"hidden\" name=\"_wpcf7_unit_tag\" value=\"wpcf7-f10449-o1\" \/><input type=\"hidden\" name=\"_wpcf7_container_post\" value=\"0\" \/><input type=\"hidden\" name=\"_wpcf7_posted_data_hash\" value=\"\" \/><input type=\"hidden\" name=\"_wpcf7_recaptcha_response\" value=\"\" \/>\n<\/fieldset>\n<p>Tu nombre:\n<\/p>\n<p><span class=\"wpcf7-form-control-wrap\" data-name=\"naam\"><input size=\"40\" maxlength=\"400\" class=\"wpcf7-form-control wpcf7-text wpcf7-validates-as-required\" aria-required=\"true\" aria-invalid=\"false\" value=\"\" type=\"text\" name=\"naam\" \/><\/span>\n<\/p>\n<p>Tu email:\n<\/p>\n<p><span class=\"wpcf7-form-control-wrap\" data-name=\"email\"><input size=\"40\" maxlength=\"400\" class=\"wpcf7-form-control wpcf7-email wpcf7-validates-as-required wpcf7-text wpcf7-validates-as-email\" aria-required=\"true\" aria-invalid=\"false\" value=\"\" type=\"email\" name=\"email\" \/><\/span>\n<\/p>\n<p>Tu n\u00famero de tel\u00e9fono\n<\/p>\n<p><span class=\"wpcf7-form-control-wrap\" data-name=\"telefoon\"><input size=\"40\" maxlength=\"400\" class=\"wpcf7-form-control wpcf7-tel wpcf7-validates-as-required wpcf7-text wpcf7-validates-as-tel\" aria-required=\"true\" aria-invalid=\"false\" value=\"\" type=\"tel\" name=\"telefoon\" \/><\/span>\n<\/p>\n<p>Nombre de tu escuela\/universidad:\n<\/p>\n<p><span class=\"wpcf7-form-control-wrap\" data-name=\"school\"><input size=\"40\" maxlength=\"400\" class=\"wpcf7-form-control wpcf7-text wpcf7-validates-as-required\" aria-required=\"true\" aria-invalid=\"false\" value=\"\" type=\"text\" name=\"school\" \/><\/span>\n<\/p>\n<p>\u00bfQu\u00e9 asignatura ense\u00f1as?\n<\/p>\n<p><span class=\"wpcf7-form-control-wrap\" data-name=\"vak\"><input size=\"40\" maxlength=\"400\" class=\"wpcf7-form-control wpcf7-text wpcf7-validates-as-required\" aria-required=\"true\" aria-invalid=\"false\" value=\"\" type=\"text\" name=\"vak\" \/><\/span>\n<\/p>\n<p>N\u00famero estimado de alumnos\/estudiantes que utilizar\u00edan Revisely:\n<\/p>\n<p><span class=\"wpcf7-form-control-wrap\" data-name=\"gebruikers\"><input size=\"40\" maxlength=\"400\" class=\"wpcf7-form-control wpcf7-text wpcf7-validates-as-required\" aria-required=\"true\" aria-invalid=\"false\" value=\"\" type=\"text\" name=\"gebruikers\" \/><\/span>\n<\/p>\n<p>Duraci\u00f3n estimada del contrato (n\u00famero de a\u00f1os)\n<\/p>\n<p><span class=\"wpcf7-form-control-wrap\" data-name=\"periode\"><input size=\"40\" maxlength=\"400\" class=\"wpcf7-form-control wpcf7-text wpcf7-validates-as-required\" aria-required=\"true\" aria-invalid=\"false\" value=\"\" type=\"text\" name=\"periode\" \/><\/span>\n<\/p>\n<p>\u00bfEn qu\u00e9 idioma(s) te gustar\u00eda utilizar Revisely?\n<\/p>\n<div style=\"clear:both; width:100%; height:10px\"><\/div><br \/>\n<span class=\"wpcf7-form-control-wrap\" data-name=\"your-message\"><textarea cols=\"40\" rows=\"10\" maxlength=\"2000\" class=\"wpcf7-form-control wpcf7-textarea\" aria-invalid=\"false\" name=\"your-message\"><\/textarea><\/span>\n<\/p>\n<div style=\"clear:both; width:100%; height:40px\"><\/div>\n<p>\u00bfQuieres utilizar el comprobador de plagio integrado en Revisely que ofrecen nuestros socios de Urkund?\n<\/p>\n<div style=\"clear:both; width:100%; height:10px\"><\/div><br \/>\n<span class=\"wpcf7-form-control-wrap\" data-name=\"your-message\"><textarea cols=\"40\" rows=\"10\" maxlength=\"2000\" class=\"wpcf7-form-control wpcf7-textarea\" aria-invalid=\"false\" name=\"your-message\"><\/textarea><\/span><br \/>\n<div style=\"clear:both; width:100%; height:40px\"><\/div>\n<p>\u00bfEst\u00e1 interesado en un taller (gratuito) en tu escuela\/universidad?<br \/>\n<div style=\"clear:both; width:100%; height:10px\"><\/div><br \/>\n<span class=\"wpcf7-form-control-wrap\" data-name=\"interest\"><input size=\"40\" maxlength=\"400\" class=\"wpcf7-form-control wpcf7-text wpcf7-validates-as-required\" aria-required=\"true\" aria-invalid=\"false\" value=\"\" type=\"text\" name=\"interest\" \/><\/span>\n<\/p>\n<div style=\"clear:both; width:100%; height:40px\"><\/div>\n<p>Otras preguntas o comentarios (opcional)\n<\/p>\n<p><span class=\"wpcf7-form-control-wrap\" data-name=\"your-message\"><textarea cols=\"40\" rows=\"10\" maxlength=\"2000\" class=\"wpcf7-form-control wpcf7-textarea\" aria-invalid=\"false\" name=\"your-message\"><\/textarea><\/span>\n<\/p>\n<p><input class=\"wpcf7-form-control wpcf7-submit has-spinner\" type=\"submit\" value=\"Enviar\" \/>\n<\/p><p style=\"display: none !important;\" class=\"akismet-fields-container\" data-prefix=\"_wpcf7_ak_\"><label>&#916;<textarea name=\"_wpcf7_ak_hp_textarea\" cols=\"45\" rows=\"8\" maxlength=\"100\"><\/textarea><\/label><input type=\"hidden\" id=\"ak_js_1\" name=\"_wpcf7_ak_js\" value=\"193\"\/><script>document.getElementById( \"ak_js_1\" ).setAttribute( \"value\", ( new Date() ).getTime() );<\/script><\/p><div class=\"wpcf7-response-output\" aria-hidden=\"true\"><\/div>\n<\/form>\n<\/div>\n[\/vc_column][vc_column width=&#8221;1\/4&#8243;][\/vc_column][\/vc_row][vc_row dt_bg_repeat=&#8221;no-repeat&#8221; dt_no_mb=&#8221;no-margin&#8221; dt_padding_top=&#8221;0&#8243; dt_padding_bottom=&#8221;0&#8243;][vc_column]<div style=\"clear:both; width:100%; height:60px\"><\/div>[vc_single_image image=&#8221;3717&#8243; img_size=&#8221;full&#8221; alignment=&#8221;center&#8221;][\/vc_column][\/vc_row][vc_column][\/vc_column][vc_column_inner css_animation=&#8221;bottom-to-top&#8221;][\/vc_column_inner]<\/p>\n","protected":false},"excerpt":{"rendered":"<p>[vc_row dt_no_mb=&#8221;no-margin&#8221; dt_id=&#8221;request&#8221; dt_padding_top=&#8221;30&#8243; dt_padding_bottom=&#8221;10&#8243; dt_class=&#8221;rly-request-secc&#8221;][vc_column][vc_row_inner][vc_column_inner][vc_column_text] Queremos que pruebes Revisely y veas lo que puede hacer para tu instituto o universidad. Por eso, te ofrecemos&#8230;<\/p>\n<p class=\"readmore\"><a class=\"more-btn\" href=\"https:\/\/revise.ly\/es\/precio\/\">Read More<\/a><\/p>\n","protected":false},"author":1,"featured_media":0,"parent":0,"menu_order":0,"comment_status":"closed","ping_status":"open","template":"template-homepage.php","meta":{"footnotes":""},"class_list":["post-10447","page","type-page","status-publish","hentry"],"_links":{"self":[{"href":"https:\/\/revise.ly\/es\/wp-json\/wp\/v2\/pages\/10447","targetHints":{"allow":["GET"]}}],"collection":[{"href":"https:\/\/revise.ly\/es\/wp-json\/wp\/v2\/pages"}],"about":[{"href":"https:\/\/revise.ly\/es\/wp-json\/wp\/v2\/types\/page"}],"author":[{"embeddable":true,"href":"https:\/\/revise.ly\/es\/wp-json\/wp\/v2\/users\/1"}],"replies":[{"embeddable":true,"href":"https:\/\/revise.ly\/es\/wp-json\/wp\/v2\/comments?post=10447"}],"version-history":[{"count":4,"href":"https:\/\/revise.ly\/es\/wp-json\/wp\/v2\/pages\/10447\/revisions"}],"predecessor-version":[{"id":10448,"href":"https:\/\/revise.ly\/es\/wp-json\/wp\/v2\/pages\/10447\/revisions\/10448"}],"wp:attachment":[{"href":"https:\/\/revise.ly\/es\/wp-json\/wp\/v2\/media?parent=10447"}],"curies":[{"name":"wp","href":"https:\/\/api.w.org\/{rel}","templated":true}]}}