{"id":1175,"date":"2014-11-03T18:08:28","date_gmt":"2014-11-03T17:08:28","guid":{"rendered":"\/home-3-2\/"},"modified":"2023-09-08T16:20:55","modified_gmt":"2023-09-08T14:20:55","slug":"home-3-2","status":"publish","type":"page","link":"https:\/\/revise.ly\/es\/","title":{"rendered":"Revisely ayuda a los profes a dar m\u00e1s y mejor feedback sobre textos a alumnos y estudiantes, en menos tiempo"},"content":{"rendered":"<p>[vc_row dt_bg_repeat=&#8221;no-repeat&#8221; dt_no_mb=&#8221;no-margin&#8221; dt_padding_top=&#8221;0&#8243; dt_padding_bottom=&#8221;0&#8243;][vc_column]\n\t\t\t<!-- START Revisely test Spanish 101 REVOLUTION SLIDER 6.7.35 --><p class=\"rs-p-wp-fix\"><\/p>\n\t\t\t<rs-module-wrap id=\"rev_slider_65_1_wrapper\" data-source=\"gallery\" style=\"visibility:hidden;background:transparent;padding:0;margin:0px auto;margin-top:0;margin-bottom:0;\">\n\t\t\t\t<rs-module id=\"rev_slider_65_1\" style=\"\" data-version=\"6.7.35\">\n\t\t\t\t\t<rs-slides style=\"overflow: hidden; position: absolute;\">\n\t\t\t\t\t\t<rs-slide style=\"position: absolute;\" data-key=\"rs-152\" data-title=\"Slide\" data-anim=\"adpr:false;\" data-in=\"o:0;\" data-out=\"a:false;\">\n\t\t\t\t\t\t\t<img decoding=\"async\" src=\"\/wp-content\/uploads\/2022\/06\/mockup-of-a-man-using-a-macbook-in-a-cozy-living-room-2324-el1-1.jpg\" alt=\"\" title=\"mockup-of-a-man-using-a-macbook-in-a-cozy-living-room-2324-el1\" width=\"1889\" height=\"1039\" class=\"rev-slidebg tp-rs-img\" data-parallax=\"6\" data-panzoom=\"d:20000ms;ss:120%;se:120%;os:-100px\/0;oe:100px\/0;\" data-no-retina>\n<!--\n\t\t\t\t\t\t\t--><rs-layer\n\t\t\t\t\t\t\t\tid=\"slider-65-slide-152-layer-0\" \n\t\t\t\t\t\t\t\tclass=\"rs-selectable\"\n\t\t\t\t\t\t\t\tdata-type=\"shape\"\n\t\t\t\t\t\t\t\tdata-rsp_ch=\"on\"\n\t\t\t\t\t\t\t\tdata-xy=\"x:c;xo:-296px,-249px,0,-1px;y:m;yo:14px,11px,0,0;\"\n\t\t\t\t\t\t\t\tdata-text=\"w:normal;\"\n\t\t\t\t\t\t\t\tdata-dim=\"w:648,535,601,411px;h:569,469,527,309;\"\n\t\t\t\t\t\t\t\tdata-frame_999=\"o:0;st:w;sR:8700;\"\n\t\t\t\t\t\t\t\tstyle=\"z-index:8;background-color:rgba(154,193,54,0.65);\"\n\t\t\t\t\t\t\t> \n\t\t\t\t\t\t\t<\/rs-layer><!--\n\n\t\t\t\t\t\t\t--><rs-layer\n\t\t\t\t\t\t\t\tid=\"slider-65-slide-152-layer-1\" \n\t\t\t\t\t\t\t\tclass=\"rs-selectable\"\n\t\t\t\t\t\t\t\tdata-type=\"text\"\n\t\t\t\t\t\t\t\tdata-rsp_ch=\"on\"\n\t\t\t\t\t\t\t\tdata-xy=\"x:c;xo:-297px,-250px,0,0;y:m;yo:-162px,-133px,-78px,-65px;\"\n\t\t\t\t\t\t\t\tdata-text=\"w:normal;s:55,45,63,49;l:55,45,61,48;fw:700;a:center;\"\n\t\t\t\t\t\t\t\tdata-tst=\"w:2px,1px,1px,1px;\"\n\t\t\t\t\t\t\t\tdata-frame_0=\"sX:0.9;sY:0.9;\"\n\t\t\t\t\t\t\t\tdata-frame_1=\"e:power2.inOut;st:250;sp:1000;sR:250;\"\n\t\t\t\t\t\t\t\tdata-frame_999=\"o:0;st:w;sR:7750;\"\n\t\t\t\t\t\t\t\tstyle=\"z-index:11;font-family:'Raleway';\"\n\t\t\t\t\t\t\t>Profesores felices <br \/>\nhacen alumnos felices \n\t\t\t\t\t\t\t<\/rs-layer><!--\n\n\t\t\t\t\t\t\t--><a\n\t\t\t\t\t\t\t\tid=\"slider-65-slide-152-layer-3\" \n\t\t\t\t\t\t\t\tclass=\"rs-layer rev-btn rs-selectable\"\n\t\t\t\t\t\t\t\thref=\"https:\/\/app.revise.ly\/try-revisely?lang=es\" target=\"_self\" rel=\"nofollow\"\n\t\t\t\t\t\t\t\tdata-type=\"button\"\n\t\t\t\t\t\t\t\tdata-rsp_ch=\"on\"\n\t\t\t\t\t\t\t\tdata-xy=\"x:c;xo:-296px,-249px,0,0;y:m;yo:168px,163px,98px,62px;\"\n\t\t\t\t\t\t\t\tdata-text=\"w:normal;s:19,15,32,26;l:23,18,38,32;ls:2,1,2,0;fw:500;\"\n\t\t\t\t\t\t\t\tdata-dim=\"minh:0,none,none,none;\"\n\t\t\t\t\t\t\t\tdata-padding=\"t:14,12,24,21;r:40,33,67,58;b:14,12,24,21;l:40,33,67,58;\"\n\t\t\t\t\t\t\t\tdata-border=\"bor:30px,30px,30px,30px;\"\n\t\t\t\t\t\t\t\tdata-frame_0=\"sX:0.9;sY:0.9;\"\n\t\t\t\t\t\t\t\tdata-frame_1=\"e:power2.inOut;st:750;sp:1000;sR:750;\"\n\t\t\t\t\t\t\t\tdata-frame_999=\"o:0;st:w;sR:7250;\"\n\t\t\t\t\t\t\t\tdata-frame_hover=\"c:#000;bgc:#fff;bor:30px,30px,30px,30px;sp:200;\"\n\t\t\t\t\t\t\t\tstyle=\"z-index:9;background-color:rgba(48,180,197,0.9);font-family:'Raleway';text-transform:uppercase;\"\n\t\t\t\t\t\t\t>Pru\u00e9ba revisely 1 mes gratis <i class=\"fa-chevron-right\"><\/i> \n\t\t\t\t\t\t\t<\/a><!--\n\n\t\t\t\t\t\t\t--><rs-layer\n\t\t\t\t\t\t\t\tid=\"slider-65-slide-152-layer-4\" \n\t\t\t\t\t\t\t\tclass=\"rs-selectable\"\n\t\t\t\t\t\t\t\tdata-type=\"text\"\n\t\t\t\t\t\t\t\tdata-rsp_ch=\"on\"\n\t\t\t\t\t\t\t\tdata-xy=\"x:c;xo:-296px,-249px,-189px,-116px;y:m;yo:5px,11px,8px,4px;\"\n\t\t\t\t\t\t\t\tdata-text=\"w:normal;s:34,28,21,12;l:34,28,21,12;fw:500;a:center;\"\n\t\t\t\t\t\t\t\tdata-dim=\"w:539px,445px,338px,208px;\"\n\t\t\t\t\t\t\t\tdata-vbility=\"t,t,f,f\"\n\t\t\t\t\t\t\t\tdata-frame_0=\"sX:0.9;sY:0.9;\"\n\t\t\t\t\t\t\t\tdata-frame_1=\"e:power2.inOut;st:500;sp:1000;\"\n\t\t\t\t\t\t\t\tdata-frame_999=\"o:0;st:w;sR:8200;\"\n\t\t\t\t\t\t\t\tstyle=\"z-index:10;font-family:'Raleway';\"\n\t\t\t\t\t\t\t><br \/>\nLos profesores de todas las materias califican y dar feedback sobre el trabajo de los alumnos\/estudiantes con Revisely<br \/>\n \n\t\t\t\t\t\t\t<\/rs-layer><!--\n-->\t\t\t\t\t<\/rs-slide>\n\t\t\t\t\t<\/rs-slides>\n\t\t\t\t<\/rs-module>\n\t\t\t\t<script>\n\t\t\t\t\tsetREVStartSize({c: 'rev_slider_65_1',rl:[1240,1024,778,480],el:[700,768,960,720],gw:[1240,1024,778,480],gh:[700,768,960,720],type:'hero',justify:'',layout:'fullwidth',mh:\"0\"});if (window.RS_MODULES!==undefined && window.RS_MODULES.modules!==undefined && window.RS_MODULES.modules[\"revslider651\"]!==undefined) {window.RS_MODULES.modules[\"revslider651\"].once = false;window.revapi65 = undefined;if (window.RS_MODULES.checkMinimal!==undefined) window.RS_MODULES.checkMinimal()}\n\t\t\t\t<\/script>\n\t\t\t<\/rs-module-wrap>\n\t\t\t<!-- END REVOLUTION SLIDER -->\n[\/vc_column][\/vc_row][vc_row dt_no_mb=&#8221;no-margin&#8221; bg_color=&#8221;#ffffff&#8221; dt_padding_top=&#8221;60&#8243; dt_padding_bottom=&#8221;0&#8243; dt_id=&#8221;what&#8221; dt_class=&#8221;rly-what-secc&#8221;][vc_column][vc_row_inner][vc_column_inner css_animation=&#8221;bottom-to-top&#8221;]<div class=\"dt-title-wrapper\"><h1 class=\"section-title\">\u00bfQu\u00e9 es Revisely?<\/h1><\/div>[\/vc_column_inner][\/vc_row_inner][vc_row_inner el_class=&#8221;rly-what&#8221;][vc_column_inner el_class=&#8221;rly-what-img&#8221; width=&#8221;1\/3&#8243; css_animation=&#8221;left-to-right&#8221;][vc_single_image image=&#8221;14224&#8243; alignment=&#8221;center&#8221; style=&#8221;vc_box_circle&#8221;][\/vc_column_inner][vc_column_inner width=&#8221;7\/12&#8243; css_animation=&#8221;right-to-left&#8221; css=&#8221;.vc_custom_1411035137077{padding-right: 50px !important;padding-left: 50px !important;}&#8221;]<div class=\"customlist list-icon-fa-angle-right\">Revisely ofrece una herramienta de productividad basada en la web que los profesores utilizan para calificar el trabajo de los alumnos\/estudiantes. Apoya a los profesores durante todo el proceso de establecer, corregir, marcar, calificar y dar feedback sobre las tareas.<\/p>\n<ul>\n<li>Revisely ayuda a los profesores a ahorrar un 20% de tiempo en las tareas de correcci\u00f3n<\/li>\n<li>Los documentos pueden ser de cualquier tema y tener cualquier forma, como ensayos, trabajos y cartas<\/li>\n<li>Comprobador de plagio incorporado opcional por Strike Plagiarism y Urkund<br \/>\nLos profesores utilizan nuestra herramienta para a\u00f1adir f\u00e1cilmente observaciones y feedback a los documentos de los alumnos, utilizando los conjuntos de comentarios integrados en Revisely o escribiendo sus propios comentarios reutilizables<\/li>\n<li>La opci\u00f3n de calificaci\u00f3n por pares permite a los estudiantes dar feedback sobre los documentos de los dem\u00e1s<\/li>\n<li>La herramienta de correcci\u00f3n de Revisely funciona en l\u00ednea en el navegador web, sin necesidad de instalaci\u00f3n, y puede utilizarse en ordenadores de sobremesa, port\u00e1tiles, tabletas y iPads<\/li>\n<\/ul>\n<p><\/div>[\/vc_column_inner][\/vc_row_inner]<div style=\"clear:both; width:100%; height:30px\"><\/div>[\/vc_column][\/vc_row][vc_row dt_no_mb=&#8221;no-margin&#8221; bg_color=&#8221;#ffffff&#8221; dt_padding_top=&#8221;0&#8243; dt_padding_bottom=&#8221;30&#8243; dt_class=&#8221;rly-how-secc&#8221; dt_id=&#8221;how&#8221;][vc_column][vc_separator][vc_row_inner][vc_column_inner]<div class=\"dt-title-wrapper\"><h1 class=\"section-title\">\u00bfC\u00f3mo funciona Revisely?<\/h1><\/div>[\/vc_column_inner][\/vc_row_inner]<div style=\"clear:both; width:100%; height:30px\"><\/div>[vc_row_inner][vc_column_inner width=&#8221;1\/3&#8243; css_animation=&#8221;left-to-right&#8221;][vc_single_image image=&#8221;1763&#8243; alignment=&#8221;center&#8221; style=&#8221;vc_box_circle&#8221;][\/vc_column_inner][vc_column_inner width=&#8221;7\/12&#8243; css_animation=&#8221;right-to-left&#8221;][vc_column_text el_class=&#8221;big-number&#8221;]<\/p>\n<h1>1.<\/h1>\n<p>El profesor prepara un trabajo\u00a0para una clase o un\u00a0grupo de alumnos\/estudiantes. Junto con la descripci\u00f3n de la tarea, puede indicar qu\u00e9\u00a0criterios utilizar\u00e1 para la correcci\u00f3n y qu\u00e9\u00a0ponderaci\u00f3n\u00a0aplicar\u00e1 para\u00a0la puntuaci\u00f3n. El profesor manda la tarea a los estudiantes\/alumnos.[\/vc_column_text][\/vc_column_inner][\/vc_row_inner]<div style=\"clear:both; width:100%; height:15px\"><\/div>[vc_row_inner][vc_column_inner width=&#8221;1\/3&#8243; css_animation=&#8221;left-to-right&#8221;][vc_single_image image=&#8221;2234&#8243; alignment=&#8221;center&#8221; style=&#8221;vc_box_circle&#8221;][\/vc_column_inner][vc_column_inner width=&#8221;7\/12&#8243; css_animation=&#8221;right-to-left&#8221;][vc_column_text el_class=&#8221;big-number&#8221;]<\/p>\n<h1>2.<\/h1>\n<p>Los estudiantes\/alumnos\u00a0reciben un e-mail con un link a una pantalla de entrega de texto parecida a Word o Pages. Tienen dos posibilidades: copiar y pegar el texto en la pantalla de la aplicaci\u00f3n de Revisely\u00a0o bien\u00a0escribir el texto directamente en la pantalla, por ejemplo durante un examen. Basta con un clic en el bot\u00f3n de\u00a0entrega para enviar el texto al profe via Revisely.[\/vc_column_text][\/vc_column_inner][\/vc_row_inner]<div style=\"clear:both; width:100%; height:15px\"><\/div>[vc_row_inner][vc_column_inner width=&#8221;1\/3&#8243; css_animation=&#8221;left-to-right&#8221;][vc_single_image image=&#8221;2220&#8243; alignment=&#8221;center&#8221; style=&#8221;vc_box_circle&#8221;][\/vc_column_inner][vc_column_inner width=&#8221;7\/12&#8243; css_animation=&#8221;right-to-left&#8221;][vc_column_text el_class=&#8221;big-number&#8221;]<\/p>\n<h1>3.<\/h1>\n<p>El controlador de plagio opcionalmente verifica la originalidad del texto y anota eventuales prestamos. El m\u00f3dulo de correcci\u00f3n autom\u00e1tica encuentra algunos\u00a0errores\u00a0gramaticales y faltas de ortograf\u00eda y los anota tambi\u00e9n en el texto (s\u00f3lo para Ingl\u00e9s y Holand\u00e9s). Casi el mismo instante, el profesor puede visualizar el texto en su pantalla de revisi\u00f3n. Es en esa pantalla donde el profesor a\u00f1ade sus observaciones y da su feedback formativo utilizando un gran abanico de comentarios en \u00e1reas como contenido, estructura de texto, expresi\u00f3n y estilo.[\/vc_column_text][\/vc_column_inner][\/vc_row_inner]<div style=\"clear:both; width:100%; height:15px\"><\/div>[vc_row_inner][vc_column_inner width=&#8221;1\/3&#8243; css_animation=&#8221;left-to-right&#8221;][vc_single_image image=&#8221;2206&#8243; alignment=&#8221;center&#8221; style=&#8221;vc_box_circle&#8221;][\/vc_column_inner][vc_column_inner width=&#8221;7\/12&#8243; css_animation=&#8221;right-to-left&#8221;][vc_column_text el_class=&#8221;big-number&#8221;]<\/p>\n<h1>4.<\/h1>\n<p>Una vez listo, el profesor devuelve la versi\u00f3n corregida definitiva a sus alumnos\/estudiantes. Estos \u00faltimos ser\u00e1n notificados por e-mail. Los alumnos pueden visualizar su trabajo, las observaciones del profesor y el feedback. En cada observaci\u00f3n Revisely muestra cu\u00e1l es el problema y c\u00f3mo mejorarlo.[\/vc_column_text][\/vc_column_inner][\/vc_row_inner]<div style=\"clear:both; width:100%; height:30px\"><\/div>[\/vc_column][\/vc_row][vc_row dt_no_mb=&#8221;no-margin&#8221; bg_color=&#8221;#ffffff&#8221; dt_padding_top=&#8221;0&#8243; dt_padding_bottom=&#8221;30&#8243; dt_class=&#8221;rly-users-secc&#8221; dt_id=&#8221;who-for&#8221;][vc_column][vc_separator][vc_row_inner][vc_column_inner]<div class=\"dt-title-wrapper\"><h1 class=\"section-title\">\u00bfA qui\u00e9n beneficia Revisely?<\/h1><\/div>[\/vc_column_inner][\/vc_row_inner][vc_row_inner][vc_column_inner width=&#8221;1\/3&#8243; css_animation=&#8221;left-to-right&#8221;][vc_single_image image=&#8221;1758&#8243; alignment=&#8221;center&#8221; style=&#8221;vc_box_circle&#8221;][\/vc_column_inner][vc_column_inner width=&#8221;7\/12&#8243; css_animation=&#8221;right-to-left&#8221;]<div style=\"clear:both; width:100%; height:30px\"><\/div>[vc_column_text]<strong>A los alumnos y estudiantes:\u00a0<\/strong>Tiene una carpeta digital en la que se encuentran\u00a0sus textos\u00a0con un extenso y relevante feedback formativo. Siempre puede consultar\u00a0sus progresos y ver puntos de mejora. Un\u00a0dossier\u00a0\u00a0de trabajos moderno y una buena preparaci\u00f3n para los ex\u00e1menes escritos.[\/vc_column_text][\/vc_column_inner][\/vc_row_inner]<div style=\"clear:both; width:100%; height:15px\"><\/div>[vc_row_inner][vc_column_inner width=&#8221;1\/3&#8243; css_animation=&#8221;left-to-right&#8221;][vc_single_image image=&#8221;1760&#8243; alignment=&#8221;center&#8221; style=&#8221;vc_box_circle&#8221;][\/vc_column_inner][vc_column_inner width=&#8221;7\/12&#8243; css_animation=&#8221;right-to-left&#8221;]<div style=\"clear:both; width:100%; height:30px\"><\/div>[vc_column_text]<strong>Al profesor<\/strong>: Un resumen digital del nivel de cada uno de sus alumnos. La posibilidad de diferenciar entre cada alumno\u00a0a nivel individual. Una manera m\u00e1s r\u00e1pida de corregir y dar feedback.[\/vc_column_text][\/vc_column_inner][\/vc_row_inner]<div style=\"clear:both; width:100%; height:15px\"><\/div>[vc_row_inner][vc_column_inner width=&#8221;1\/3&#8243; css_animation=&#8221;left-to-right&#8221;][vc_single_image image=&#8221;1762&#8243; alignment=&#8221;center&#8221; style=&#8221;vc_box_circle&#8221;][\/vc_column_inner][vc_column_inner width=&#8221;7\/12&#8243; css_animation=&#8221;right-to-left&#8221;]<div style=\"clear:both; width:100%; height:30px\"><\/div>[vc_column_text]<strong>A la direcci\u00f3n<\/strong>: Una aplicaci\u00f3n fiable que les ahorra tiempo a los profesores, para as\u00ed permitir m\u00e1s desarrollo dentro del departamento. Un instrumento digital para monitorizar y comparar\u00a0a\u00a0los estudiantes\/alumnos, clases, departamentos\u00a0o incluso a nivel del instituto, facultad o universidad.[\/vc_column_text][\/vc_column_inner][\/vc_row_inner]<div style=\"clear:both; width:100%; height:30px\"><\/div>[\/vc_column][\/vc_row][vc_row dt_no_mb=&#8221;no-margin&#8221; bg_color=&#8221;#ffffff&#8221; dt_color_opacity=&#8221;100&#8243; dt_padding_bottom=&#8221;0&#8243; dt_padding_top=&#8221;0&#8243; dt_id=&#8221;figures&#8221;][vc_column][vc_separator][vc_row_inner][vc_column_inner css_animation=&#8221;bottom-to-top&#8221;]<div class=\"dt-title-wrapper\"><h1 class=\"section-title\">Revisely en n\u00fameros<\/h1><\/div><div style=\"clear:both; width:100%; height:60px\"><\/div>[\/vc_column_inner][\/vc_row_inner][vc_row_inner][vc_column_inner width=&#8221;1\/2&#8243; css_animation=&#8221;top-to-bottom&#8221;]<div class=\"counter-wrapper\"><div class=\"counter-item no-border\"><span class=\"counter-number\" data-decimals=\"0\" data-from=\"1\" data-to=\"581\" data-speed=\"3000\"><\/span><span class=\"counter-text\">Institutos \/ Universidades \/ Polit\u00e9cnicas<\/span><\/div><div class=\"clear\"><\/div><\/div>[\/vc_column_inner][vc_column_inner width=&#8221;1\/2&#8243; css_animation=&#8221;top-to-bottom&#8221;]<div class=\"counter-wrapper\"><div class=\"counter-item with-border\"><span class=\"counter-number\" data-decimals=\"0\" data-from=\"1\" data-to=\"248023\" data-speed=\"3000\"><\/span><span class=\"counter-text\">Profes, estudiantes y alumnos<\/span><\/div><div class=\"clear\"><\/div><\/div>[\/vc_column_inner][\/vc_row_inner]<div style=\"clear:both; width:100%; height:30px\"><\/div>[\/vc_column][\/vc_row][vc_row dt_row_type=&#8221;in_container&#8221; parallax_content=&#8221;parallax_content_value&#8221; parallax_content_sense=&#8221;30&#8243;][vc_column][vc_separator]<div style=\"clear:both; width:100%; height:30px\"><\/div><div class=\"dt-title-wrapper\"><h1 class=\"section-title\">Lo que dicen nuestros usuarios<\/h1><\/div><div style=\"clear:both; width:100%; height:30px\"><\/div><div class=\"testimonials-carousel\"><div id=\"owl-testimonials-dad\" class=\"owl-carousel testimonials-slider\" data-token=\"Usv8O\"><div class=\"testimonial-item\"><p>Desde hace unos a\u00f1os, estamos trabajando con Revisely en la Universidad de Utrecht. Una aplicaci\u00f3n que funciona muy bien para el feedback y la evaluaci\u00f3n de tareas escritas como trabajos y ensayos para todas las materias. Este software, que ahorra tiempo a los profesores, tambi\u00e9n podr\u00eda valer la pena probarlo en otras universidades y escuelas.<\/p><p><span class=\"testimonial-name\">Jan Haarhuis<\/span><em>,<\/em> <span class=\"testimonial-position\">Director del proyecto - Universidad de Utrecht<\/span><\/p><\/div><div class=\"testimonial-item\"><p>En 'International Business Communication Spanish', estamos muy entusiasmados con Revisely y consideramos que es un valor a\u00f1adido para estudiantes y profesores. El (Peer) feedback utilizando nuestro propio conjunto de c\u00f3digos en Revisely es consistente, claro y atractivo para los estudiantes.<\/p><p><span class=\"testimonial-name\">Lieke van Maastricht<\/span><em>,<\/em> <span class=\"testimonial-position\">Profesora - Universidad de Radboud<\/span><\/p><\/div><div class=\"testimonial-item\"><p>Revisely ofrece muchas ventajas. Los estudiantes desarrollan mejor sus habilidades de escritura.<\/p><p><span class=\"testimonial-name\">Mart van Eijk<\/span><em>,<\/em> <span class=\"testimonial-position\">Profesor del Colegio Rodenborch<\/span><\/p><\/div><div class=\"testimonial-item\"><p>Es bueno para la direcci\u00f3n de la escuela poder ver datos como el progreso de nuestros estudiantes, tanto como clases como individualmente.<\/p><p><span class=\"testimonial-name\">Marjo van IJzendoorn<\/span><em>,<\/em> <span class=\"testimonial-position\">Directora del Colegio Rodenborch<\/span><\/p><\/div><div class=\"testimonial-item\"><p>Desde el comienzo de este a\u00f1o escolar, he dado a los estudiantes de cuarto a\u00f1o, 5 tareas escritas diferentes... nunca lo habr\u00eda hecho si tuviera que hacerlo todo por escrito. Simplemente no habr\u00eda corregido las redacciones... Es que se corrige m\u00e1s f\u00e1cil y m\u00e1s r\u00e1pido, afortunadamente.<\/p><p><span class=\"testimonial-name\">Anneke Memelink<\/span><em>,<\/em> <span class=\"testimonial-position\">Profesora del Sondervick College<\/span><\/p><\/div><\/div><\/div>[\/vc_column][\/vc_row][vc_row dt_no_mb=&#8221;no-margin&#8221; bg_color=&#8221;#ffffff&#8221; dt_color_opacity=&#8221;100&#8243; dt_padding_bottom=&#8221;0&#8243; dt_padding_top=&#8221;0&#8243; dt_id=&#8221;figures&#8221;][vc_column][vc_row_inner][vc_column_inner css_animation=&#8221;bottom-to-top&#8221;][vc_separator]<div style=\"clear:both; width:100%; height:15px\"><\/div><div class=\"dt-title-wrapper\"><h1 class=\"section-title\">Revisely en n\u00fameros<\/h1><\/div><div style=\"clear:both; width:100%; height:60px\"><\/div>[\/vc_column_inner][\/vc_row_inner][vc_row_inner][vc_column_inner width=&#8221;1\/2&#8243; css_animation=&#8221;top-to-bottom&#8221;]<div class=\"counter-wrapper\"><div class=\"counter-item no-border\"><span class=\"counter-number\" data-decimals=\"0\" data-from=\"1\" data-to=\"581\" data-speed=\"3000\"><\/span><span class=\"counter-text\">Escuelas, colegios y universidades<\/span><\/div><div class=\"clear\"><\/div><\/div>[\/vc_column_inner][vc_column_inner width=&#8221;1\/2&#8243; css_animation=&#8221;top-to-bottom&#8221;]<div class=\"counter-wrapper\"><div class=\"counter-item with-border\"><span class=\"counter-number\" data-decimals=\"0\" data-from=\"1\" data-to=\"222833\" data-speed=\"3000\"><\/span><span class=\"counter-text\">Profesores y alumnos<\/span><\/div><div class=\"clear\"><\/div><\/div>[\/vc_column_inner][\/vc_row_inner][\/vc_column][\/vc_row][vc_row bg_type=&#8221;bg_color&#8221; bg_color_value=&#8221;#e8e8e8&#8243;][vc_column]<div style=\"clear:both; width:100%; height:30px\"><\/div>[vc_row_inner][vc_column_inner width=&#8221;1\/6&#8243;][vc_single_image image=&#8221;5491&#8243; alignment=&#8221;center&#8221; onclick=&#8221;custom_link&#8221; css_animation=&#8221;left-to-right&#8221; link=&#8221;https:\/\/www.xedu.co&#8221;][\/vc_column_inner][vc_column_inner width=&#8221;1\/6&#8243;][vc_single_image image=&#8221;8305&#8243; alignment=&#8221;center&#8221; onclick=&#8221;custom_link&#8221; css_animation=&#8221;left-to-right&#8221; link=&#8221;https:\/\/www.nvidia.com\/en-us\/deep-learning-ai\/startups\/&#8221;][\/vc_column_inner][vc_column_inner width=&#8221;1\/6&#8243;][vc_single_image image=&#8221;8156&#8243; onclick=&#8221;custom_link&#8221; css_animation=&#8221;left-to-right&#8221; link=&#8221;https:\/\/aws.amazon.com\/education\/edstart\/&#8221;][\/vc_column_inner][vc_column_inner width=&#8221;1\/2&#8243;][vc_single_image image=&#8221;13118&#8243; img_size=&#8221;medium&#8221; alignment=&#8221;center&#8221; onclick=&#8221;custom_link&#8221; img_link_target=&#8221;_blank&#8221; css_animation=&#8221;left-to-right&#8221; link=&#8221;https:\/\/www.microsoft.com\/en-us\/solution-providers\/partnerdetails\/revisely-bv_e6435cd6-6b4a-44b9-b527-d86fedd051e0\/7bfb9e84-4728-4af1-ad20-f8d73a27af2a&#8221;][\/vc_column_inner][\/vc_row_inner][vc_row_inner][vc_column_inner width=&#8221;5\/6&#8243;][vc_single_image image=&#8221;15104&#8243; onclick=&#8221;custom_link&#8221; img_link_target=&#8221;_blank&#8221; css_animation=&#8221;left-to-right&#8221; link=&#8221;https:\/\/www.1edtech.org&#8221;][vc_btn title=&#8221;Descarga el folleto digital de Revisely aqu\u00ed&#8221; color=&#8221;white&#8221; size=&#8221;lg&#8221; link=&#8221;url:%2Fwp-content%2Fuploads%2F2022%2F04%2FRevisely-la-herramienta-de-calificacion.pdf|title:Ir%20al%20folleto%20digital%20de%20Revisely|target:_blank&#8221;][\/vc_column_inner][vc_column_inner width=&#8221;1\/6&#8243;][\/vc_column_inner][\/vc_row_inner][vc_row_inner][vc_column_inner]<div style=\"clear:both; width:100%; height:30px\"><\/div>[\/vc_column_inner][\/vc_row_inner][\/vc_column][\/vc_row][vc_column][\/vc_column][vc_row dt_no_mb=&#8221;no-margin&#8221; bg_type=&#8221;image&#8221; parallax_style=&#8221;vcpb-default&#8221; bg_image_new=&#8221;id^5103|url^http:\/\/revise.ly\/wp-content\/uploads\/2017\/11\/mart-correcting-with-revisely-outside.jpeg|caption^null|alt^null|title^mart correcting with revisely outside|description^null&#8221; dt_color_opacity=&#8221;100&#8243; dt_padding_top=&#8221;0&#8243; dt_padding_bottom=&#8221;0&#8243; dt_class=&#8221;rly-partners-secc&#8221;][vc_column][vc_row_inner][vc_column_inner]<div style=\"clear:both; width:100%; height:120px\"><\/div>[\/vc_column_inner][\/vc_row_inner][vc_row_inner][vc_column_inner width=&#8221;1\/2&#8243; css=&#8221;.vc_custom_1585748402701{background-color: rgba(255,255,255,0.74) !important;*background-color: rgb(255,255,255) !important;}&#8221;][vc_column_text]<\/p>\n<h1>Prueba Revisely un mes gratis<\/h1>\n<p>[\/vc_column_text]<a  class=\"button bleumarin big  \" href=\"https:\/\/app.revise.ly\/try-revisely?lang=es\"><i class=\"fa fa-arrow-right\"><\/i>Acceder a la p\u00e1gina web<\/a><a  class=\"button bleumarin big  \" href=\"http:\/\/revise.ly\/en\/workshop\/\"><i class=\"fa fa-arrow-right\"><\/i>Solicita un taller en l\u00ednea<\/a>[\/vc_column_inner][vc_column_inner width=&#8221;1\/2&#8243;][\/vc_column_inner][\/vc_row_inner]<div style=\"clear:both; width:100%; height:60px\"><\/div>[\/vc_column][\/vc_row]<\/p>\n","protected":false},"excerpt":{"rendered":"<p>[vc_row dt_bg_repeat=&#8221;no-repeat&#8221; dt_no_mb=&#8221;no-margin&#8221; dt_padding_top=&#8221;0&#8243; dt_padding_bottom=&#8221;0&#8243;][vc_column][\/vc_column][\/vc_row][vc_row dt_no_mb=&#8221;no-margin&#8221; bg_color=&#8221;#ffffff&#8221; dt_padding_top=&#8221;60&#8243; dt_padding_bottom=&#8221;0&#8243; dt_id=&#8221;what&#8221; dt_class=&#8221;rly-what-secc&#8221;][vc_column][vc_row_inner][vc_column_inner css_animation=&#8221;bottom-to-top&#8221;][\/vc_column_inner][\/vc_row_inner][vc_row_inner el_class=&#8221;rly-what&#8221;][vc_column_inner el_class=&#8221;rly-what-img&#8221; width=&#8221;1\/3&#8243; css_animation=&#8221;left-to-right&#8221;][vc_single_image image=&#8221;14224&#8243; alignment=&#8221;center&#8221; style=&#8221;vc_box_circle&#8221;][\/vc_column_inner][vc_column_inner width=&#8221;7\/12&#8243; css_animation=&#8221;right-to-left&#8221; css=&#8221;.vc_custom_1411035137077{padding-right: 50px !important;padding-left: 50px&#8230;<\/p>\n<p class=\"readmore\"><a class=\"more-btn\" href=\"https:\/\/revise.ly\/es\/testimonials\/anneke-memelink-quote\/\">Read More<\/a><\/p>\n","protected":false},"author":1,"featured_media":0,"parent":0,"menu_order":0,"comment_status":"closed","ping_status":"open","template":"template-homepage.php","meta":{"footnotes":""},"class_list":["post-1175","page","type-page","status-publish","hentry"],"_links":{"self":[{"href":"https:\/\/revise.ly\/es\/wp-json\/wp\/v2\/pages\/1175","targetHints":{"allow":["GET"]}}],"collection":[{"href":"https:\/\/revise.ly\/es\/wp-json\/wp\/v2\/pages"}],"about":[{"href":"https:\/\/revise.ly\/es\/wp-json\/wp\/v2\/types\/page"}],"author":[{"embeddable":true,"href":"https:\/\/revise.ly\/es\/wp-json\/wp\/v2\/users\/1"}],"replies":[{"embeddable":true,"href":"https:\/\/revise.ly\/es\/wp-json\/wp\/v2\/comments?post=1175"}],"version-history":[{"count":18,"href":"https:\/\/revise.ly\/es\/wp-json\/wp\/v2\/pages\/1175\/revisions"}],"predecessor-version":[{"id":16257,"href":"https:\/\/revise.ly\/es\/wp-json\/wp\/v2\/pages\/1175\/revisions\/16257"}],"wp:attachment":[{"href":"https:\/\/revise.ly\/es\/wp-json\/wp\/v2\/media?parent=1175"}],"curies":[{"name":"wp","href":"https:\/\/api.w.org\/{rel}","templated":true}]}}