{"id":12090,"date":"2018-11-23T13:23:16","date_gmt":"2018-11-23T12:23:16","guid":{"rendered":"http:\/\/revise.ly\/experiences\/"},"modified":"2021-03-31T13:11:39","modified_gmt":"2021-03-31T11:11:39","slug":"experiences","status":"publish","type":"page","link":"https:\/\/revise.ly\/es\/experiences\/","title":{"rendered":"Las rese\u00f1as"},"content":{"rendered":"<p>[vc_row dt_bg_repeat=&#8221;no-repeat&#8221; dt_no_mb=&#8221;no-margin&#8221; dt_padding_top=&#8221;0&#8243; dt_padding_bottom=&#8221;0&#8243;][vc_column][vc_row_inner][vc_column_inner]<div style=\"clear:both; width:100%; height:20px\"><\/div><div class=\"dt-title-wrapper\"><h1 class=\"section-title\">Las rese\u00f1as<\/h1><\/div><div style=\"clear:both; width:100%; height:50px\"><\/div>[\/vc_column_inner][\/vc_row_inner][\/vc_column][\/vc_row][vc_row][vc_column][vc_row_inner][vc_column_inner][vc_column_text css=&#8221;.vc_custom_1617188660654{margin-right: 20px !important;margin-left: 20px !important;border-right-width: 10px !important;border-left-width: 10px !important;}&#8221;]<\/p>\n<h1 style=\"text-align: center;\">Mart van Eijk, Profesor del Colegio Rodenborch<\/h1>\n<p>[\/vc_column_text]<div style=\"clear:both; width:100%; height:5px\"><\/div>[vc_column_text]<\/p>\n<p style=\"text-align: center;\"><em>&#8220;Revisely ofrece muchas ventajas. Los estudiantes desarrollan mejor sus habilidades de escritura.&#8221;<\/em><\/p>\n<p>[\/vc_column_text]<div style=\"clear:both; width:100%; height:50px\"><\/div>[\/vc_column_inner][\/vc_row_inner][\/vc_column][\/vc_row][vc_row][vc_column][vc_row_inner][vc_column_inner][vc_column_text css=&#8221;.vc_custom_1617188791650{margin-right: 20px !important;margin-left: 20px !important;border-right-width: 10px !important;border-left-width: 10px !important;}&#8221;]<\/p>\n<h1 style=\"text-align: center;\">Jan Haarhuis, Director del proyecto &#8211; Universidad de Utrecht<\/h1>\n<p>[\/vc_column_text]<div style=\"clear:both; width:100%; height:5px\"><\/div>[vc_column_text]<\/p>\n<p style=\"text-align: center;\"><em>&#8220;Desde hace unos a\u00f1os, estamos trabajando con Revisely en la Universidad de Utrecht. Una aplicaci\u00f3n que funciona muy bien para el feedback y la evaluaci\u00f3n de tareas escritas como trabajos y ensayos para todas las materias. Este software, que ahorra tiempo a los profesores, tambi\u00e9n podr\u00eda valer la pena probarlo en otras universidades y escuelas.&#8221;<\/em><\/p>\n<p>[\/vc_column_text]<div style=\"clear:both; width:100%; height:50px\"><\/div>[\/vc_column_inner][\/vc_row_inner][\/vc_column][\/vc_row][vc_row][vc_column][vc_row_inner][vc_column_inner][vc_column_text css=&#8221;.vc_custom_1617188716022{margin-right: 20px !important;margin-left: 20px !important;border-right-width: 10px !important;border-left-width: 10px !important;}&#8221;]<\/p>\n<h1 style=\"text-align: center;\">Lieke van Maastricht, Profesora &#8211; Radboud University<\/h1>\n<p>[\/vc_column_text]<div style=\"clear:both; width:100%; height:5px\"><\/div>[vc_column_text]<\/p>\n<p style=\"text-align: center;\"><em>&#8220;En International Business Communication Spanish, estamos muy entusiasmados con Revisely y consideramos que es un valor a\u00f1adido para estudiantes y profesores. El (Peer) feedback utilizando nuestro propio conjunto de c\u00f3digos en Revisely es consistente, clara y atractiva para los estudiantes.&#8221;<\/em><\/p>\n<p>[\/vc_column_text]<div style=\"clear:both; width:100%; height:50px\"><\/div>[\/vc_column_inner][\/vc_row_inner][\/vc_column][\/vc_row][vc_row][vc_column][vc_row_inner][vc_column_inner][vc_column_text css=&#8221;.vc_custom_1617188411179{margin-right: 20px !important;margin-left: 20px !important;border-right-width: 10px !important;border-left-width: 10px !important;}&#8221;]<\/p>\n<h1 style=\"text-align: center;\">Anneke Memelink, Profesora &#8211; Sondervick College<\/h1>\n<p>[\/vc_column_text]<div style=\"clear:both; width:100%; height:5px\"><\/div>[vc_column_text]<\/p>\n<p style=\"text-align: center;\"><em>&#8220;Desde el comienzo de este a\u00f1o escolar, he dado a los estudiantes de cuarto a\u00f1o, 5 tareas escritas diferentes&#8230; nunca lo habr\u00eda hecho si tuviera que hacerlo todo por escrito. Simplemente no habr\u00eda corregido las redacciones&#8230; Es que se corrige m\u00e1s f\u00e1cil y m\u00e1s r\u00e1pido, afortunadamente.&#8221;<\/em><\/p>\n<p>[\/vc_column_text]<div style=\"clear:both; width:100%; height:50px\"><\/div>[\/vc_column_inner][\/vc_row_inner][\/vc_column][\/vc_row][vc_row][vc_column][vc_row_inner][vc_column_inner][vc_column_text css=&#8221;.vc_custom_1617188857187{margin-right: 20px !important;margin-left: 20px !important;border-right-width: 10px !important;border-left-width: 10px !important;}&#8221;]<\/p>\n<h1 style=\"text-align: center;\">Joseph Barrett &#8211; Profesor del Burleigh College<\/h1>\n<p>[\/vc_column_text]<div style=\"clear:both; width:100%; height:5px\"><\/div>[vc_column_text]<\/p>\n<p style=\"text-align: center;\"><em>&#8220;La raz\u00f3n por la que prefiero utilizar Revisely es porque muchos de nuestros estudiantes utilizan sus tel\u00e9fonos m\u00f3viles para asistir a clase y completar las tareas, ya que provienen de entornos m\u00e1s pobres y a menudo no tienen acceso a un ordenador. Por desgracia, Google Classroom parece tener muchos problemas cuando se trata de que los usuarios accedan a la clase a trav\u00e9s del tel\u00e9fono m\u00f3vil o la tableta.&#8221;<\/em><\/p>\n<p>[\/vc_column_text]<div style=\"clear:both; width:100%; height:50px\"><\/div>[\/vc_column_inner][\/vc_row_inner][\/vc_column][\/vc_row][vc_row][vc_column][vc_row_inner][vc_column_inner][vc_column_text css=&#8221;.vc_custom_1617188573150{margin-right: 20px !important;margin-left: 20px !important;border-right-width: 10px !important;border-left-width: 10px !important;}&#8221;]<\/p>\n<h1 style=\"text-align: center;\">Marjo van IJzendoorn &#8211; Directora del Colegio Rodenborch<\/h1>\n<p>[\/vc_column_text]<div style=\"clear:both; width:100%; height:5px\"><\/div>[vc_column_text]<\/p>\n<p style=\"text-align: center;\"><em>&#8220;Es bueno para la direcci\u00f3n de la escuela poder ver datos como el progreso de nuestros estudiantes, tanto como clases como individualmente.&#8221;<\/em><\/p>\n<p>[\/vc_column_text]<div style=\"clear:both; width:100%; height:80px\"><\/div>[\/vc_column_inner][\/vc_row_inner][\/vc_column][\/vc_row][vc_row][vc_column]<div style=\"clear:both; width:100%; height:50px\"><\/div>[\/vc_column][\/vc_row][vc_row dt_text_scheme=&#8221;darker-overlay&#8221; dt_no_mb=&#8221;no-margin&#8221; dt_padding_top=&#8221;30&#8243; dt_padding_bottom=&#8221;10&#8243; dt_id=&#8221;request&#8221; dt_color_opacity=&#8221;100&#8243; bg_color=&#8221;#808080&#8243; dt_class=&#8221;rly-request-secc&#8221;][vc_column offset=&#8221;vc_col-xs-12&#8243;][vc_row_inner font_color=&#8221;#ffffff&#8221;][vc_column_inner css_animation=&#8221;top-to-bottom&#8221;]<div class=\"dt-title-wrapper\"><h1 class=\"section-title\">Prueba Revisely t\u00fa mismo!<\/h1><\/div>[\/vc_column_inner][\/vc_row_inner][vc_row_inner][vc_column_inner width=&#8221;1\/3&#8243; css_animation=&#8221;bottom-to-top&#8221;]<div class=\"customlist list-icon-fa-angle-right\"><\/p>\n<ul>\n<li>Reg\u00edstrate y prueba Revisely en tu escuela o universidad con tus estudiantes<\/li>\n<li>1 mes gratis<\/li>\n<\/ul>\n<p><\/div>[\/vc_column_inner][vc_column_inner width=&#8221;1\/3&#8243; css_animation=&#8221;bottom-to-top&#8221;]<div class=\"customlist list-icon-fa-angle-right\"><\/p>\n<ul>\n<li>Si est\u00e1s interesado, nos desplazamos a tu escuela\/universidad para mostrarte c\u00f3mo funciona en un taller o a trav\u00e9s de un webinar<\/li>\n<\/ul>\n<p><\/div>[\/vc_column_inner][vc_column_inner el_class=&#8221;center&#8221; width=&#8221;1\/3&#8243; css_animation=&#8221;bottom-to-top&#8221;]<div style=\"clear:both; width:100%; height:32px\"><\/div><a  class=\"button green big  icon-right\" href=\"https:\/\/app.revise.ly\/try-revisely?lang=nl\"><i class=\"fa fa-arrow-right\"><\/i>Vamos!<\/a>[\/vc_column_inner][\/vc_row_inner][\/vc_column][\/vc_row][vc_column][\/vc_column][vc_column_inner css_animation=&#8221;bottom-to-top&#8221;][\/vc_column_inner]<\/p>\n","protected":false},"excerpt":{"rendered":"<p>[vc_row dt_bg_repeat=&#8221;no-repeat&#8221; dt_no_mb=&#8221;no-margin&#8221; dt_padding_top=&#8221;0&#8243; dt_padding_bottom=&#8221;0&#8243;][vc_column][vc_row_inner][vc_column_inner][\/vc_column_inner][\/vc_row_inner][\/vc_column][\/vc_row][vc_row][vc_column][vc_row_inner][vc_column_inner][vc_column_text css=&#8221;.vc_custom_1617188660654{margin-right: 20px !important;margin-left: 20px !important;border-right-width: 10px !important;border-left-width: 10px !important;}&#8221;] Mart van Eijk, Profesor del Colegio Rodenborch [\/vc_column_text][vc_column_text] &#8220;Revisely ofrece muchas&#8230;<\/p>\n<p class=\"readmore\"><a class=\"more-btn\" href=\"https:\/\/revise.ly\/es\/experiences\/\">Read More<\/a><\/p>\n","protected":false},"author":1,"featured_media":0,"parent":0,"menu_order":0,"comment_status":"closed","ping_status":"open","template":"template-homepage.php","meta":{"footnotes":""},"class_list":["post-12090","page","type-page","status-publish","hentry"],"_links":{"self":[{"href":"https:\/\/revise.ly\/es\/wp-json\/wp\/v2\/pages\/12090","targetHints":{"allow":["GET"]}}],"collection":[{"href":"https:\/\/revise.ly\/es\/wp-json\/wp\/v2\/pages"}],"about":[{"href":"https:\/\/revise.ly\/es\/wp-json\/wp\/v2\/types\/page"}],"author":[{"embeddable":true,"href":"https:\/\/revise.ly\/es\/wp-json\/wp\/v2\/users\/1"}],"replies":[{"embeddable":true,"href":"https:\/\/revise.ly\/es\/wp-json\/wp\/v2\/comments?post=12090"}],"version-history":[{"count":2,"href":"https:\/\/revise.ly\/es\/wp-json\/wp\/v2\/pages\/12090\/revisions"}],"predecessor-version":[{"id":12093,"href":"https:\/\/revise.ly\/es\/wp-json\/wp\/v2\/pages\/12090\/revisions\/12093"}],"wp:attachment":[{"href":"https:\/\/revise.ly\/es\/wp-json\/wp\/v2\/media?parent=12090"}],"curies":[{"name":"wp","href":"https:\/\/api.w.org\/{rel}","templated":true}]}}