{"id":14762,"date":"2020-01-14T16:26:09","date_gmt":"2020-01-14T15:26:09","guid":{"rendered":"\/plagiarism-check\/"},"modified":"2023-05-19T14:06:33","modified_gmt":"2023-05-19T12:06:33","slug":"control-de-plagio","status":"publish","type":"page","link":"https:\/\/revise.ly\/es\/control-de-plagio\/","title":{"rendered":"control de plagio"},"content":{"rendered":"<p>[vc_row dt_no_mb=&#8221;no-margin&#8221; bg_color=&#8221;#ffffff&#8221; dt_color_opacity=&#8221;100&#8243; dt_padding_bottom=&#8221;0&#8243; dt_padding_top=&#8221;0&#8243; dt_id=&#8221;figures&#8221;][vc_column]<div style=\"clear:both; width:100%; height:20px\"><\/div><div class=\"dt-title-wrapper\"><h1 class=\"section-title\">Control de plagio<\/h1><\/div>[vc_row_inner][vc_column_inner css_animation=&#8221;bottom-to-top&#8221;]<div style=\"clear:both; width:100%; height:40px\"><\/div>[vc_column_text]<\/p>\n<h2 style=\"text-align: center;\">A\u00f1ade el comprobador de plagio por s\u00f3lo una peque\u00f1a cantidad de dinero a tu cuenta de Revisely y comprueba f\u00e1cilmente los documentos recibidos de los estudiantes con el comprobador incorporado en Revisely. Esto lo ofrecen nuestros socios de <a href=\"http:\/\/StrikePlagiarism.com\">StrikePlagiarism.com<\/a> and Urkund.<\/h2>\n<h2 style=\"text-align: center;\">Tambi\u00e9n es posible detectar texto generado por IA en los documentos de los estudiantes con la integraci\u00f3n de <a href=\"http:\/\/gptzero.me\">GPTZero<\/a> en Revisely.<\/h2>\n<p>[\/vc_column_text][\/vc_column_inner][\/vc_row_inner][vc_row_inner][vc_column_inner width=&#8221;1\/4&#8243;][\/vc_column_inner][vc_column_inner width=&#8221;1\/2&#8243;][vc_single_image image=&#8221;15966&#8243; img_size=&#8221;medium&#8221; alignment=&#8221;center&#8221;][\/vc_column_inner][vc_column_inner width=&#8221;1\/4&#8243;][\/vc_column_inner][\/vc_row_inner]<div style=\"clear:both; width:100%; height:60px\"><\/div>[\/vc_column][\/vc_row][vc_row dt_no_mb=&#8221;no-margin&#8221; dt_padding_top=&#8221;30&#8243; dt_padding_bottom=&#8221;10&#8243; dt_id=&#8221;request&#8221; dt_color_opacity=&#8221;80&#8243; dt_class=&#8221;rly-request-secc&#8221; bg_image=&#8221;14121&#8243;][vc_column offset=&#8221;vc_col-xs-12&#8243;][vc_row_inner font_color=&#8221;#ffffff&#8221;][vc_column_inner css_animation=&#8221;top-to-bottom&#8221; css=&#8221;.vc_custom_1658825074604{background-color: rgba(255,255,255,0.65) !important;*background-color: rgb(255,255,255) !important;}&#8221;][vc_column_text]<\/p>\n<h2 style=\"text-align: center;\">\u00bfTe gustar\u00eda probarlo?<\/h2>\n<p>[\/vc_column_text][\/vc_column_inner][\/vc_row_inner][vc_row_inner css=&#8221;.vc_custom_1658825095070{background-color: rgba(255,255,255,0.67) !important;*background-color: rgb(255,255,255) !important;}&#8221;][vc_column_inner width=&#8221;1\/3&#8243; css_animation=&#8221;bottom-to-top&#8221;]<div class=\"customlist list-icon-fa-angle-right\"><\/p>\n<ul>\n<li>Prueba Revisely en tu instituto con tus alumnos<\/li>\n<\/ul>\n<p><\/div>[\/vc_column_inner][vc_column_inner width=&#8221;1\/3&#8243; css_animation=&#8221;bottom-to-top&#8221;]<div class=\"customlist list-icon-fa-angle-right\"><\/p>\n<ul>\n<li>Ofrecemos formaci\u00f3n gratuita en l\u00ednea si es necesario<\/li>\n<\/ul>\n<p><\/div>[\/vc_column_inner][vc_column_inner el_class=&#8221;center&#8221; width=&#8221;1\/3&#8243; css_animation=&#8221;bottom-to-top&#8221;]<div style=\"clear:both; width:100%; height:32px\"><\/div><a  class=\"button bleumarin big  icon-right\" href=\"https:\/\/app.revise.ly\/try-revisely?lang=en\"><i class=\"fa fa-arrow-right\"><\/i>Vamos!<\/a>[\/vc_column_inner][\/vc_row_inner][\/vc_column][\/vc_row][vc_column][vc_row_inner][vc_column_inner][\/vc_column_inner][\/vc_row_inner][\/vc_column][vc_column_inner css_animation=&#8221;bottom-to-top&#8221;][\/vc_column_inner]<\/p>\n","protected":false},"excerpt":{"rendered":"<p>[vc_row dt_no_mb=&#8221;no-margin&#8221; bg_color=&#8221;#ffffff&#8221; dt_color_opacity=&#8221;100&#8243; dt_padding_bottom=&#8221;0&#8243; dt_padding_top=&#8221;0&#8243; dt_id=&#8221;figures&#8221;][vc_column][vc_row_inner][vc_column_inner css_animation=&#8221;bottom-to-top&#8221;][vc_column_text] A\u00f1ade el comprobador de plagio por s\u00f3lo una peque\u00f1a cantidad de dinero a tu cuenta de Revisely&#8230;<\/p>\n<p class=\"readmore\"><a class=\"more-btn\" href=\"https:\/\/revise.ly\/es\/control-de-plagio\/\">Read More<\/a><\/p>\n","protected":false},"author":1,"featured_media":0,"parent":0,"menu_order":0,"comment_status":"closed","ping_status":"open","template":"template-homepage.php","meta":{"footnotes":""},"class_list":["post-14762","page","type-page","status-publish","hentry"],"_links":{"self":[{"href":"https:\/\/revise.ly\/es\/wp-json\/wp\/v2\/pages\/14762","targetHints":{"allow":["GET"]}}],"collection":[{"href":"https:\/\/revise.ly\/es\/wp-json\/wp\/v2\/pages"}],"about":[{"href":"https:\/\/revise.ly\/es\/wp-json\/wp\/v2\/types\/page"}],"author":[{"embeddable":true,"href":"https:\/\/revise.ly\/es\/wp-json\/wp\/v2\/users\/1"}],"replies":[{"embeddable":true,"href":"https:\/\/revise.ly\/es\/wp-json\/wp\/v2\/comments?post=14762"}],"version-history":[{"count":6,"href":"https:\/\/revise.ly\/es\/wp-json\/wp\/v2\/pages\/14762\/revisions"}],"predecessor-version":[{"id":15974,"href":"https:\/\/revise.ly\/es\/wp-json\/wp\/v2\/pages\/14762\/revisions\/15974"}],"wp:attachment":[{"href":"https:\/\/revise.ly\/es\/wp-json\/wp\/v2\/media?parent=14762"}],"curies":[{"name":"wp","href":"https:\/\/api.w.org\/{rel}","templated":true}]}}