{"id":14770,"date":"2017-01-24T15:20:38","date_gmt":"2017-01-24T14:20:38","guid":{"rendered":"\/peergrading\/"},"modified":"2022-07-27T10:17:03","modified_gmt":"2022-07-27T08:17:03","slug":"peergrading","status":"publish","type":"page","link":"https:\/\/revise.ly\/es\/peergrading\/","title":{"rendered":"Peer grading"},"content":{"rendered":"<p>[vc_row dt_no_mb=&#8221;no-margin&#8221; dt_id=&#8221;request&#8221; dt_padding_top=&#8221;30&#8243; dt_padding_bottom=&#8221;10&#8243; dt_class=&#8221;rly-request-secc&#8221;][vc_column][vc_row_inner][vc_column_inner]<div style=\"clear:both; width:100%; height:10px\"><\/div><div class=\"dt-title-wrapper\"><h1 class=\"section-title\">Peer grading<\/h1><\/div><div style=\"clear:both; width:100%; height:10px\"><\/div>[vc_column_text]<\/p>\n<h2 style=\"text-align: center;\">En Revisely queremos ayudar a los profesores a dar una retroalimentaci\u00f3n m\u00e1s perspicaz para mejorar el aprendizaje de los estudiantes. Creemos firmemente en el poder del feedback y hemos decidido ampliar las funciones de Revisely con la calificaci\u00f3n por pares. Queremos desafiar la visi\u00f3n tradicional de que los profesores son los \u00fanicos que dan feedback, dejando que los estudiantes participen en dar retroalimentaci\u00f3n a los dem\u00e1s.<\/h2>\n<p>[\/vc_column_text]<div style=\"clear:both; width:100%; height:60px\"><\/div>[\/vc_column_inner][\/vc_row_inner][\/vc_column][\/vc_row][vc_row dt_no_mb=&#8221;no-margin&#8221; bg_type=&#8221;bg_color&#8221; dt_id=&#8221;request&#8221; dt_padding_top=&#8221;30&#8243; dt_padding_bottom=&#8221;10&#8243; dt_class=&#8221;rly-request-secc&#8221; bg_color_value=&#8221;#e0e0e0&#8243;][vc_column][vc_row_inner][vc_column_inner width=&#8221;1\/3&#8243;][vc_column_text]<\/p>\n<h2>M\u00e1s feedback<\/h2>\n<p>Los estudiantes aprenden del propio proceso de revisi\u00f3n y reciben m\u00e1s feedback de sus compa\u00f1eros y profesores. No es s\u00f3lo un proceso para que los compa\u00f1eros determinen las calificaciones de los dem\u00e1s. El valor reside en el feedback extra, en el aprendizaje de otras posibles soluciones y en el aprendizaje del propio proceso de calificaci\u00f3n. Con Revisely, los estudiantes aprenden a dar y recibir feedback, una habilidad que les servir\u00e1 durante a\u00f1os.[\/vc_column_text]<div style=\"clear:both; width:100%; height:30px\"><\/div>[\/vc_column_inner][vc_column_inner width=&#8221;1\/3&#8243;][vc_column_text]<\/p>\n<h2>M\u00e1s conocimientos<\/h2>\n<p>Las investigaciones demuestran que el aprendizaje se produce sobre todo a trav\u00e9s de la interacci\u00f3n social. Cuando los estudiantes eval\u00faan el trabajo de sus compa\u00f1eros, memorizan mejor las cosas y adquieren nuevas t\u00e9cnicas y habilidades. Tienen que ser capaces de comprender el material de estudio y reflexionar sobre \u00e9l, de modo que tambi\u00e9n entienden mejor la tarea para su propia redacci\u00f3n.[\/vc_column_text]<div style=\"clear:both; width:100%; height:30px\"><\/div>[\/vc_column_inner][vc_column_inner width=&#8221;1\/3&#8243;][vc_column_text]<\/p>\n<h2>M\u00e1s participaci\u00f3n<\/h2>\n<p>La apropiaci\u00f3n de la evaluaci\u00f3n aumenta el compromiso con el proceso y con la asignatura. Un mayor compromiso hace que los estudiantes est\u00e9n m\u00e1s motivados. Y la motivaci\u00f3n es un factor clave para aumentar la eficacia del aprendizaje.[\/vc_column_text]<div style=\"clear:both; width:100%; height:30px\"><\/div>[\/vc_column_inner][\/vc_row_inner][\/vc_column][\/vc_row][vc_row dt_no_mb=&#8221;no-margin&#8221; dt_id=&#8221;request&#8221; dt_padding_top=&#8221;30&#8243; dt_padding_bottom=&#8221;10&#8243; dt_class=&#8221;rly-request-secc&#8221;][vc_column]<div style=\"clear:both; width:100%; height:40px\"><\/div>[\/vc_column][\/vc_row][vc_row][vc_column]<div style=\"clear:both; width:100%; height:80px\"><\/div>[\/vc_column][\/vc_row][vc_row dt_no_mb=&#8221;no-margin&#8221; bg_type=&#8221;image&#8221; parallax_style=&#8221;vcpb-default&#8221; bg_image_new=&#8221;id^14114|url^\/wp-content\/uploads\/2022\/06\/mockup-of-a-man-using-a-macbook-in-a-cozy-living-room-2324-el1-1.jpg|caption^null|alt^null|title^mockup-of-a-man-using-a-macbook-in-a-cozy-living-room-2324-el1|description^null&#8221; dt_padding_top=&#8221;30&#8243; dt_padding_bottom=&#8221;10&#8243; dt_id=&#8221;request&#8221; dt_color_opacity=&#8221;100&#8243; dt_class=&#8221;rly-request-secc&#8221;][vc_column offset=&#8221;vc_col-xs-12&#8243; css=&#8221;.vc_custom_1655887178871{background-color: rgba(255,255,255,0.68) !important;*background-color: rgb(255,255,255) !important;}&#8221;][vc_row_inner font_color=&#8221;#ffffff&#8221;][vc_column_inner css_animation=&#8221;top-to-bottom&#8221;]<div class=\"dt-title-wrapper\"><h1 class=\"section-title\">Reg\u00edstrese ahora para obtener una cuenta gratuita.<\/h1><\/div>[\/vc_column_inner][\/vc_row_inner][vc_row_inner][vc_column_inner width=&#8221;1\/3&#8243; css_animation=&#8221;bottom-to-top&#8221;]<div class=\"customlist list-icon-fa-angle-right\"><\/p>\n<ul>\n<li>Prueba Revisely en tu colegio, instituto o universidad con tus alumnos<\/li>\n<\/ul>\n<p><\/div>[\/vc_column_inner][vc_column_inner width=&#8221;1\/3&#8243; css_animation=&#8221;bottom-to-top&#8221;]<div class=\"customlist list-icon-fa-angle-right\"><\/p>\n<ul>\n<li>Funciona para textos en holand\u00e9s, ingl\u00e9s y espa\u00f1ol<br \/>\nOfrecemos formaci\u00f3n gratuita en l\u00ednea si la necesita<\/li>\n<\/ul>\n<p><\/div>[\/vc_column_inner][vc_column_inner el_class=&#8221;center&#8221; width=&#8221;1\/3&#8243; css_animation=&#8221;bottom-to-top&#8221;]<div style=\"clear:both; width:100%; height:32px\"><\/div><a  class=\"button green big  icon-right\" href=\"https:\/\/app.revise.ly\/try-revisely?lang=en\"><i class=\"fa fa-arrow-right\"><\/i>\u00a1Empieza ahora!<\/a>[\/vc_column_inner][\/vc_row_inner][\/vc_column][\/vc_row][vc_column][\/vc_column][vc_column_inner css_animation=&#8221;bottom-to-top&#8221;][\/vc_column_inner]<\/p>\n","protected":false},"excerpt":{"rendered":"<p>[vc_row dt_no_mb=&#8221;no-margin&#8221; dt_id=&#8221;request&#8221; dt_padding_top=&#8221;30&#8243; dt_padding_bottom=&#8221;10&#8243; dt_class=&#8221;rly-request-secc&#8221;][vc_column][vc_row_inner][vc_column_inner][vc_column_text] En Revisely queremos ayudar a los profesores a dar una retroalimentaci\u00f3n m\u00e1s perspicaz para mejorar el aprendizaje de los&#8230;<\/p>\n<p class=\"readmore\"><a class=\"more-btn\" href=\"https:\/\/revise.ly\/es\/peergrading\/\">Read More<\/a><\/p>\n","protected":false},"author":1,"featured_media":3477,"parent":0,"menu_order":0,"comment_status":"closed","ping_status":"open","template":"template-homepage.php","meta":{"footnotes":""},"class_list":["post-14770","page","type-page","status-publish","has-post-thumbnail","hentry"],"_links":{"self":[{"href":"https:\/\/revise.ly\/es\/wp-json\/wp\/v2\/pages\/14770","targetHints":{"allow":["GET"]}}],"collection":[{"href":"https:\/\/revise.ly\/es\/wp-json\/wp\/v2\/pages"}],"about":[{"href":"https:\/\/revise.ly\/es\/wp-json\/wp\/v2\/types\/page"}],"author":[{"embeddable":true,"href":"https:\/\/revise.ly\/es\/wp-json\/wp\/v2\/users\/1"}],"replies":[{"embeddable":true,"href":"https:\/\/revise.ly\/es\/wp-json\/wp\/v2\/comments?post=14770"}],"version-history":[{"count":6,"href":"https:\/\/revise.ly\/es\/wp-json\/wp\/v2\/pages\/14770\/revisions"}],"predecessor-version":[{"id":15059,"href":"https:\/\/revise.ly\/es\/wp-json\/wp\/v2\/pages\/14770\/revisions\/15059"}],"wp:featuredmedia":[{"embeddable":true,"href":"https:\/\/revise.ly\/es\/wp-json\/wp\/v2\/media\/3477"}],"wp:attachment":[{"href":"https:\/\/revise.ly\/es\/wp-json\/wp\/v2\/media?parent=14770"}],"curies":[{"name":"wp","href":"https:\/\/api.w.org\/{rel}","templated":true}]}}