{"id":14774,"date":"2020-01-14T15:42:23","date_gmt":"2020-01-14T14:42:23","guid":{"rendered":"\/team-hand-in\/"},"modified":"2022-07-26T11:00:22","modified_gmt":"2022-07-26T09:00:22","slug":"tareas-de-equipo","status":"publish","type":"page","link":"https:\/\/revise.ly\/es\/tareas-de-equipo\/","title":{"rendered":"tareas de equipo"},"content":{"rendered":"<p>[vc_row][vc_column][vc_row_inner][vc_column_inner css_animation=&#8221;left-to-right&#8221;]<div class=\"dt-title-wrapper\"><h1 class=\"section-title\">Tareas de equipo<\/h1><\/div><div style=\"clear:both; width:100%; height:20px\"><\/div>[vc_column_text]<\/p>\n<div class=\"block\">\n<div class=\"element\">\n<div class=\"wpb_text_column wpb_content_element \">\n<div class=\"wpb_wrapper\">\n<h2 style=\"text-align: center;\">Esta funci\u00f3n ofrece a los estudiantes la posibilidad de entregar una tarea en equipo. Combinan sus conocimientos, lo que permite tambi\u00e9n soluciones m\u00e1s creativas a un problema. Esto es importante como habilidad del siglo XXI, ya que la sociedad avanza, y tambi\u00e9n lo har\u00e1 la complejidad de sus conflictos manejables. Por lo tanto, es importante centrarse en la capacidad de los alumnos para idear soluciones eficaces con una buena colaboraci\u00f3n.<\/h2>\n<\/div>\n<\/div>\n<\/div>\n<\/div>\n<div class=\"empty-block\"><\/div>\n<div class=\"block\">\n<div class=\"element fill-width\"><\/div>\n<\/div>\n<p>[\/vc_column_text]<div style=\"clear:both; width:100%; height:60px\"><\/div>[\/vc_column_inner][\/vc_row_inner][\/vc_column][\/vc_row][vc_row dt_no_mb=&#8221;no-margin&#8221; bg_type=&#8221;image&#8221; parallax_style=&#8221;vcpb-default&#8221; bg_image_new=&#8221;id^14114|url^\/wp-content\/uploads\/2022\/06\/mockup-of-a-man-using-a-macbook-in-a-cozy-living-room-2324-el1-1.jpg|caption^null|alt^null|title^mockup-of-a-man-using-a-macbook-in-a-cozy-living-room-2324-el1|description^null&#8221; dt_padding_top=&#8221;30&#8243; dt_padding_bottom=&#8221;10&#8243; dt_id=&#8221;request&#8221; dt_color_opacity=&#8221;100&#8243; dt_class=&#8221;rly-request-secc&#8221; bg_color=&#8221;#e2e2e2&#8243;][vc_column offset=&#8221;vc_col-xs-12&#8243; css=&#8221;.vc_custom_1655889909024{background-color: rgba(255,255,255,0.66) !important;*background-color: rgb(255,255,255) !important;}&#8221;][vc_row_inner][vc_column_inner]<div class=\"dt-title-wrapper\"><h1 class=\"section-title\">Prueba Revisely 1 mes gratis<\/h1><\/div>[\/vc_column_inner][\/vc_row_inner][vc_row_inner][vc_column_inner width=&#8221;1\/3&#8243; css_animation=&#8221;bottom-to-top&#8221;]<div class=\"customlist list-icon-fa-angle-right\"><\/p>\n<ul>\n<li>Prueba Revisely en tu instituto con tus alumnos<\/li>\n<li>Compruebe nuestra nueva funci\u00f3n de calificaci\u00f3n por parte de los compa\u00f1eros<\/li>\n<\/ul>\n<p><\/div>[\/vc_column_inner][vc_column_inner width=&#8221;1\/3&#8243; css_animation=&#8221;bottom-to-top&#8221;]<div class=\"customlist list-icon-fa-angle-right\"><\/p>\n<ul>\n<li>Funciona para textos en holand\u00e9s, ingl\u00e9s y espa\u00f1ol<br \/>\nOfrecemos formaci\u00f3n gratuita en l\u00ednea si la necesita<\/li>\n<\/ul>\n<p><\/div>[\/vc_column_inner][vc_column_inner el_class=&#8221;center&#8221; width=&#8221;1\/3&#8243; css_animation=&#8221;bottom-to-top&#8221;]<div style=\"clear:both; width:100%; height:32px\"><\/div><a  class=\"button green big  icon-right\" href=\"https:\/\/app.revise.ly\/try-revisely?lang=en\"><i class=\"fa fa-arrow-right\"><\/i>\u00a1Empezar!<\/a>[\/vc_column_inner][\/vc_row_inner][\/vc_column][\/vc_row][vc_column][\/vc_column][vc_column_inner css_animation=&#8221;bottom-to-top&#8221;][\/vc_column_inner]<\/p>\n","protected":false},"excerpt":{"rendered":"<p>[vc_row][vc_column][vc_row_inner][vc_column_inner css_animation=&#8221;left-to-right&#8221;][vc_column_text] Esta funci\u00f3n ofrece a los estudiantes la posibilidad de entregar una tarea en equipo. Combinan sus conocimientos, lo que permite tambi\u00e9n soluciones m\u00e1s&#8230;<\/p>\n<p class=\"readmore\"><a class=\"more-btn\" href=\"https:\/\/revise.ly\/es\/tareas-de-equipo\/\">Read More<\/a><\/p>\n","protected":false},"author":1,"featured_media":0,"parent":0,"menu_order":0,"comment_status":"closed","ping_status":"open","template":"template-homepage.php","meta":{"footnotes":""},"class_list":["post-14774","page","type-page","status-publish","hentry"],"_links":{"self":[{"href":"https:\/\/revise.ly\/es\/wp-json\/wp\/v2\/pages\/14774","targetHints":{"allow":["GET"]}}],"collection":[{"href":"https:\/\/revise.ly\/es\/wp-json\/wp\/v2\/pages"}],"about":[{"href":"https:\/\/revise.ly\/es\/wp-json\/wp\/v2\/types\/page"}],"author":[{"embeddable":true,"href":"https:\/\/revise.ly\/es\/wp-json\/wp\/v2\/users\/1"}],"replies":[{"embeddable":true,"href":"https:\/\/revise.ly\/es\/wp-json\/wp\/v2\/comments?post=14774"}],"version-history":[{"count":4,"href":"https:\/\/revise.ly\/es\/wp-json\/wp\/v2\/pages\/14774\/revisions"}],"predecessor-version":[{"id":15024,"href":"https:\/\/revise.ly\/es\/wp-json\/wp\/v2\/pages\/14774\/revisions\/15024"}],"wp:attachment":[{"href":"https:\/\/revise.ly\/es\/wp-json\/wp\/v2\/media?parent=14774"}],"curies":[{"name":"wp","href":"https:\/\/api.w.org\/{rel}","templated":true}]}}