{"id":14962,"date":"2016-11-15T16:23:19","date_gmt":"2016-11-15T15:23:19","guid":{"rendered":"\/partnering\/"},"modified":"2022-07-26T16:21:06","modified_gmt":"2022-07-26T14:21:06","slug":"asociarse","status":"publish","type":"page","link":"https:\/\/revise.ly\/es\/asociarse\/","title":{"rendered":"Convi\u00e9rtase en socio de Revisely"},"content":{"rendered":"<p>[vc_row dt_no_mb=&#8221;no-margin&#8221; bg_color=&#8221;#ffffff&#8221; dt_padding_top=&#8221;0&#8243; dt_padding_bottom=&#8221;30&#8243; dt_class=&#8221;rly-how-secc&#8221; dt_id=&#8221;how&#8221;][vc_column]<div style=\"clear:both; width:100%; height:50px\"><\/div><div class=\"dt-title-wrapper\"><h1 class=\"section-title\">Asociarse<\/h1><\/div><div style=\"clear:both; width:100%; height:10px\"><\/div>[vc_row_inner][vc_column_inner][vc_column_text css=&#8221;.vc_custom_1658319578170{margin-right: 70px !important;margin-left: 70px !important;}&#8221;]<\/p>\n<h2 style=\"text-align: center;\"><span style=\"font-weight: 400;\"> Revisely da la bienvenida a m\u00faltiples tipos de asociaciones para que juntos podamos ayudar a los estudiantes de todo el mundo a mejorar sus habilidades de escritura. <\/span><span style=\"font-weight: 400;\">Las colaboraciones pueden ser tanto locales para su mercado como de alcance global.\u00a0<\/span><span style=\"font-weight: 400;\"><br \/>\n<\/span><\/h2>\n<p>[\/vc_column_text]<div style=\"clear:both; width:100%; height:50px\"><\/div>[\/vc_column_inner][\/vc_row_inner][\/vc_column][\/vc_row][vc_row dt_bg_repeat=&#8221;no-repeat&#8221; dt_no_mb=&#8221;no-margin&#8221; dt_padding_top=&#8221;0&#8243; dt_padding_bottom=&#8221;0&#8243;][vc_column][vc_tta_tabs style=&#8221;modern&#8221; alignment=&#8221;center&#8221; active_section=&#8221;1&#8243;][vc_tta_section title=&#8221;Editoriales educativas&#8221; tab_id=&#8221;1484150931644-4a7c0879-ccc7&#8243;]<div style=\"clear:both; width:100%; height:20px\"><\/div>[vc_column_text css=&#8221;.vc_custom_1658320291391{margin-top: 20px !important;margin-right: 50px !important;margin-bottom: 20px !important;margin-left: 50px !important;border-top-width: 20px !important;border-right-width: 50px !important;border-bottom-width: 20px !important;border-left-width: 50px !important;padding-top: 20px !important;padding-right: 50px !important;padding-bottom: 20px !important;padding-left: 50px !important;}&#8221;]<\/p>\n<h2 style=\"text-align: left;\">Editoriales educativas<\/h2>\n<p>\u00bfBusca formas de complementar su m\u00e9todo de aprendizaje (digital)? \u00bfY est\u00e1 buscando la herramienta adecuada para apoyar sus tareas de escritura? Revisely puede ayudar a las editoriales educativas a proporcionar soluciones de aprendizaje (digital).<\/p>\n<p>La aplicaci\u00f3n web de Revisely facilita a los profesores la tarea de dar un buen feedback de los textos a los alumnos. Gracias a los comentarios estructurados incorporados, los estudiantes obtienen un mejor feedback con menos trabajo para el profesor. Los comentarios incorporados incluyen contenido espec\u00edfico para ayudar a los estudiantes a entender qu\u00e9 y c\u00f3mo mejorar. Una gran manera de aumentar su oferta digital y a\u00f1adir una fuente de ingresos.<\/p>\n<p>Las posibilidades de colaboraci\u00f3n incluyen:<\/p>\n<ul>\n<li>hacer referencia a su contenido en papel desde el feedback de Revisely (complementando su m\u00e9todo en papel con un formato digital)<\/li>\n<li>hacer referencia a su contenido digital con un enlace (para aumentar el compromiso con su contenido digital)<\/li>\n<li>integrar su contenido como feedback para los estudiantes (para mejorar la consistencia)<\/li>\n<li>integrando sus indicaciones de escritura en la biblioteca de Revisely (para ahorrar tiempo a los profesores)<\/li>\n<li>integrar nuestra herramienta de correcci\u00f3n y feedback completamente en su plataforma digital (para a\u00f1adir valor a su oferta)<\/li>\n<\/ul>\n<p>[\/vc_column_text]<div style=\"clear:both; width:100%; height:20px\"><\/div>[\/vc_tta_section][vc_tta_section title=&#8221;Proveedores del sistema educativo&#8221; tab_id=&#8221;1484150931751-78e23def-3e46&#8243;]<div style=\"clear:both; width:100%; height:20px\"><\/div>[vc_column_text css=&#8221;.vc_custom_1658320379918{margin-top: 20px !important;margin-right: 50px !important;margin-bottom: 20px !important;margin-left: 50px !important;border-top-width: 20px !important;border-right-width: 50px !important;border-bottom-width: 20px !important;border-left-width: 50px !important;padding-top: 20px !important;padding-right: 50px !important;padding-bottom: 20px !important;padding-left: 50px !important;}&#8221;]<\/p>\n<h2 style=\"text-align: left;\">Proveedores del sistema educativo<\/h2>\n<p>La correcci\u00f3n digital y el feedback de los textos se est\u00e1n convirtiendo r\u00e1pidamente en la norma en la educaci\u00f3n secundaria y superior. \u00bfBusca complementar la funcionalidad de su Sistema de Gesti\u00f3n del Aprendizaje (LMS), VLE, SIS o Sistema de Administraci\u00f3n del Aprendizaje (LAS)?<\/p>\n<p>Revisely es la mejor herramienta para corregir, revisar y calificar las tareas de escritura y proporcionar un feedback cada vez m\u00e1s profundo a los estudiantes. Es la elecci\u00f3n correcta si busca complementar su oferta y aumentar sus ingresos con esta funcionalidad.<\/p>\n<p>Las posibilidades de colaboraci\u00f3n incluyen:<\/p>\n<ul>\n<li>inicio de sesi\u00f3n \u00fanico &#8211; SSO (para derribar las barreras para profesores y estudiantes)<\/li>\n<li>intercambio de datos de la escuela, el profesor, el grupo\/la clase y el alumno (para facilitar a\u00fan m\u00e1s las cosas a las escuelas)<\/li>\n<li>integraci\u00f3n de LTI (integraci\u00f3n estandarizada en forma de plugin)<\/li>\n<li>integraci\u00f3n de la herramienta de correcci\u00f3n y feedback de Revisely completamente en su sistema (a\u00f1adiendo valor a su oferta)<\/li>\n<\/ul>\n<p>[\/vc_column_text]<div style=\"clear:both; width:100%; height:20px\"><\/div>[\/vc_tta_section][vc_tta_section title=&#8221;Revendedores y distribuidores&#8221; tab_id=&#8221;1484150935466-7dab7b4b-249f&#8221;]<div style=\"clear:both; width:100%; height:20px\"><\/div>[vc_column_text css=&#8221;.vc_custom_1658320449821{margin-top: 20px !important;margin-right: 50px !important;margin-bottom: 20px !important;margin-left: 50px !important;border-top-width: 20px !important;border-right-width: 50px !important;border-bottom-width: 20px !important;border-left-width: 50px !important;padding-top: 20px !important;padding-right: 50px !important;padding-bottom: 20px !important;padding-left: 50px !important;}&#8221;]<\/p>\n<h2 style=\"text-align: left;\">Revendedores y distribuidores<\/h2>\n<p>\u00bfQuiere ampliar su oferta al mercado educativo? \u00bfY quiere aumentar sus ingresos?<\/p>\n<p>Las habilidades de escritura son muy importantes. De hecho, en muchos pa\u00edses, la mejora de las habilidades de escritura de los estudiantes parece ser m\u00e1s importante que nunca, especialmente cuando se combina con las habilidades digitales.<\/p>\n<p>Revisely apoya a los profesores durante todo el proceso de las tareas de escritura: desde la creaci\u00f3n de una tarea, pasando por la comprobaci\u00f3n de plagio, hasta dar un feedback perspicaz y supervisar el proceso de entrega y correcci\u00f3n. Por lo tanto, Revisely est\u00e1 dando a los profesores una herramienta c\u00f3moda para la correcci\u00f3n de textos, a los estudiantes una herramienta para mejorar sus habilidades de escritura y a usted una herramienta para completar su cartera como revendedor.<\/p>\n<p>Las posibilidades de colaboraci\u00f3n incluyen:<\/p>\n<ul>\n<li>a\u00f1adir Revisely a su portafolio o tienda de aplicaciones<\/li>\n<\/ul>\n<p>[\/vc_column_text]<div style=\"clear:both; width:100%; height:20px\"><\/div>[\/vc_tta_section][\/vc_tta_tabs][\/vc_column][\/vc_row][vc_row dt_bg_repeat=&#8221;no-repeat&#8221; dt_no_mb=&#8221;no-margin&#8221; bg_color=&#8221;#ffffff&#8221; dt_color_opacity=&#8221;100&#8243; dt_padding_top=&#8221;0&#8243; dt_padding_bottom=&#8221;0&#8243; dt_class=&#8221;rly-partners-secc&#8221; dt_id=&#8221;partners&#8221;][vc_column][vc_row_inner][vc_column_inner]<div style=\"clear:both; width:100%; height:50px\"><\/div>[vc_separator]<div class=\"dt-title-wrapper\"><h1 class=\"section-title\">Amigos y socios de Revisely<\/h1><\/div><div style=\"clear:both; width:100%; height:50px\"><\/div><div class=\"clients-carousel\"><div id=\"owl-clients-faf\" class=\"owl-carousel carousel-clients\" data-token=\"hlSyS\"><div class=\"client-item\"><a href=\"http:\/\/www.omo.nl\"><img loading=\"lazy\" decoding=\"async\" width=\"300\" height=\"65\" src=\"https:\/\/revise.ly\/wp-content\/uploads\/2014\/11\/logo-omo-e1444854339155-300x65.png\" class=\"attachment-medium\" alt=\"\" srcset=\"https:\/\/revise.ly\/wp-content\/uploads\/2014\/11\/logo-omo-e1444854339155.png 300w, https:\/\/revise.ly\/wp-content\/uploads\/2014\/11\/logo-omo-e1444854339155-200x43.png 200w\" sizes=\"auto, (max-width: 300px) 100vw, 300px\" \/><\/a><\/div><div class=\"client-item\"><a href=\"http:\/\/ingegno.in\"><img loading=\"lazy\" decoding=\"async\" width=\"136\" height=\"89\" src=\"https:\/\/revise.ly\/wp-content\/uploads\/2014\/09\/ingegno.png\" class=\"attachment-medium\" alt=\"\" \/><\/a><\/div><div class=\"client-item\"><a href=\"http:\/\/carmel.nl\"><img loading=\"lazy\" decoding=\"async\" width=\"300\" height=\"90\" src=\"https:\/\/revise.ly\/wp-content\/uploads\/2014\/10\/logo-carmel-300x90.png\" class=\"attachment-medium\" alt=\"\" srcset=\"https:\/\/revise.ly\/wp-content\/uploads\/2014\/10\/logo-carmel-300x90.png 300w, https:\/\/revise.ly\/wp-content\/uploads\/2014\/10\/logo-carmel-200x60.png 200w, https:\/\/revise.ly\/wp-content\/uploads\/2014\/10\/logo-carmel.png 301w\" sizes=\"auto, (max-width: 300px) 100vw, 300px\" \/><\/a><\/div><div class=\"client-item\"><a href=\"http:\/\/som.today\"><img loading=\"lazy\" decoding=\"async\" width=\"300\" height=\"89\" src=\"https:\/\/revise.ly\/wp-content\/uploads\/2014\/09\/2-300x89.png\" class=\"attachment-medium\" alt=\"\" srcset=\"https:\/\/revise.ly\/wp-content\/uploads\/2014\/09\/2.png 300w, https:\/\/revise.ly\/wp-content\/uploads\/2014\/09\/2-200x59.png 200w\" sizes=\"auto, (max-width: 300px) 100vw, 300px\" \/><\/a><\/div><div class=\"client-item\"><a href=\"http:\/\/utrechtinc.nl\"><img loading=\"lazy\" decoding=\"async\" width=\"300\" height=\"71\" src=\"https:\/\/revise.ly\/wp-content\/uploads\/2014\/11\/2014-10-31-UtrechtInc-CMYK-e1444854273654-300x71.png\" class=\"attachment-medium\" alt=\"\" srcset=\"https:\/\/revise.ly\/wp-content\/uploads\/2014\/11\/2014-10-31-UtrechtInc-CMYK-e1444854273654.png 300w, https:\/\/revise.ly\/wp-content\/uploads\/2014\/11\/2014-10-31-UtrechtInc-CMYK-e1444854273654-200x47.png 200w\" sizes=\"auto, (max-width: 300px) 100vw, 300px\" \/><\/a><\/div><div class=\"client-item\"><a href=\"https:\/\/wise-r.nl\"><img loading=\"lazy\" decoding=\"async\" width=\"172\" height=\"70\" src=\"https:\/\/revise.ly\/wp-content\/uploads\/2014\/09\/logo-wise-r.png\" class=\"attachment-medium\" alt=\"\" \/><\/a><\/div><div class=\"client-item\"><a href=\"https:\/\/etalage.vandijk.nl\"><img loading=\"lazy\" decoding=\"async\" width=\"300\" height=\"89\" src=\"https:\/\/revise.ly\/wp-content\/uploads\/2014\/09\/3-300x89.png\" class=\"attachment-medium\" alt=\"Van Dijk\" srcset=\"https:\/\/revise.ly\/wp-content\/uploads\/2014\/09\/3.png 300w, https:\/\/revise.ly\/wp-content\/uploads\/2014\/09\/3-200x59.png 200w\" sizes=\"auto, (max-width: 300px) 100vw, 300px\" \/><\/a><\/div><div class=\"client-item\"><a href=\"http:\/\/www.impact-accelerator.com\"><img loading=\"lazy\" decoding=\"async\" width=\"300\" height=\"97\" src=\"https:\/\/revise.ly\/wp-content\/uploads\/2014\/09\/31b4022-e1444853986250-300x97.png\" class=\"attachment-medium\" alt=\"\" srcset=\"https:\/\/revise.ly\/wp-content\/uploads\/2014\/09\/31b4022-e1444853986250-300x97.png 300w, https:\/\/revise.ly\/wp-content\/uploads\/2014\/09\/31b4022-e1444853986250-200x64.png 200w, https:\/\/revise.ly\/wp-content\/uploads\/2014\/09\/31b4022-e1444853986250.png 301w\" sizes=\"auto, (max-width: 300px) 100vw, 300px\" \/><\/a><\/div><div class=\"client-item\"><a href=\"https:\/\/www.polkuni.fi\"><img loading=\"lazy\" decoding=\"async\" width=\"300\" height=\"102\" src=\"https:\/\/revise.ly\/wp-content\/uploads\/2014\/11\/polkuni_logo_color-300x102.png\" class=\"attachment-medium\" alt=\"\" srcset=\"https:\/\/revise.ly\/wp-content\/uploads\/2014\/11\/polkuni_logo_color-300x102.png 300w, https:\/\/revise.ly\/wp-content\/uploads\/2014\/11\/polkuni_logo_color-200x68.png 200w, https:\/\/revise.ly\/wp-content\/uploads\/2014\/11\/polkuni_logo_color-768x260.png 768w, https:\/\/revise.ly\/wp-content\/uploads\/2014\/11\/polkuni_logo_color-1024x347.png 1024w, https:\/\/revise.ly\/wp-content\/uploads\/2014\/11\/polkuni_logo_color-780x264.png 780w, https:\/\/revise.ly\/wp-content\/uploads\/2014\/11\/polkuni_logo_color.png 1087w\" sizes=\"auto, (max-width: 300px) 100vw, 300px\" \/><\/a><\/div><div class=\"client-item\"><a href=\"http:\/\/www.urkund.com\"><img loading=\"lazy\" decoding=\"async\" width=\"300\" height=\"81\" src=\"https:\/\/revise.ly\/wp-content\/uploads\/2014\/09\/Urkund_black-300x81.png\" class=\"attachment-medium\" alt=\"Urkund\" srcset=\"https:\/\/revise.ly\/wp-content\/uploads\/2014\/09\/Urkund_black-300x81.png 300w, https:\/\/revise.ly\/wp-content\/uploads\/2014\/09\/Urkund_black-200x54.png 200w, https:\/\/revise.ly\/wp-content\/uploads\/2014\/09\/Urkund_black.png 718w\" sizes=\"auto, (max-width: 300px) 100vw, 300px\" \/><\/a><\/div><\/div><\/div><div style=\"clear:both; width:100%; height:60px\"><\/div>[\/vc_column_inner][\/vc_row_inner][\/vc_column][\/vc_row][vc_row][vc_column]<div style=\"clear:both; width:100%; height:30px\"><\/div><div class=\"dt-title-wrapper\"><h1 class=\"section-title\">\u00bfInteresado? P\u00f3ngase en contacto con nosotros.<\/h1><\/div><div style=\"clear:both; width:100%; height:15px\"><\/div>[vc_row_inner][vc_column_inner width=&#8221;1\/3&#8243; css_animation=&#8221;left-to-right&#8221;]<div style=\"clear:both; width:100%; height:15px\"><\/div>[vc_column_text]<\/p>\n<h4>Si est\u00e1 interesado en convertirse en socio de Revisely, quiere m\u00e1s informaci\u00f3n o tiene m\u00e1s preguntas, env\u00edenos un correo electr\u00f3nico a <a href=\"mailto:info@revise.ly\">info@revise.ly<\/a> o utilice el formulario de contacto.<\/h4>\n<p>[\/vc_column_text][\/vc_column_inner][vc_column_inner width=&#8221;7\/12&#8243; css_animation=&#8221;right-to-left&#8221;]\n<div class=\"wpcf7 no-js\" id=\"wpcf7-f1373-o1\" lang=\"nl-NL\" dir=\"ltr\" data-wpcf7-id=\"1373\">\n<div class=\"screen-reader-response\"><p role=\"status\" aria-live=\"polite\" aria-atomic=\"true\"><\/p> <ul><\/ul><\/div>\n<form action=\"\/es\/wp-json\/wp\/v2\/pages\/14962#wpcf7-f1373-o1\" method=\"post\" class=\"wpcf7-form init\" aria-label=\"Formulario de contacto\" novalidate=\"novalidate\" data-status=\"init\">\n<fieldset class=\"hidden-fields-container\"><input type=\"hidden\" name=\"_wpcf7\" value=\"1373\" \/><input type=\"hidden\" name=\"_wpcf7_version\" value=\"6.1.5\" \/><input type=\"hidden\" name=\"_wpcf7_locale\" value=\"nl_NL\" \/><input type=\"hidden\" name=\"_wpcf7_unit_tag\" value=\"wpcf7-f1373-o1\" \/><input type=\"hidden\" name=\"_wpcf7_container_post\" value=\"0\" \/><input type=\"hidden\" name=\"_wpcf7_posted_data_hash\" value=\"\" \/><input type=\"hidden\" name=\"_wpcf7_recaptcha_response\" value=\"\" \/>\n<\/fieldset>\n<p>Tu nombre (requerido)\n<\/p>\n<p><span class=\"wpcf7-form-control-wrap\" data-name=\"your-name\"><input size=\"40\" maxlength=\"400\" class=\"wpcf7-form-control wpcf7-text wpcf7-validates-as-required\" aria-required=\"true\" aria-invalid=\"false\" value=\"\" type=\"text\" name=\"your-name\" \/><\/span>\n<\/p>\n<p>Tu e-mail (requerido)\n<\/p>\n<p><span class=\"wpcf7-form-control-wrap\" data-name=\"your-email\"><input size=\"40\" maxlength=\"400\" class=\"wpcf7-form-control wpcf7-email wpcf7-validates-as-required wpcf7-text wpcf7-validates-as-email\" aria-required=\"true\" aria-invalid=\"false\" value=\"\" type=\"email\" name=\"your-email\" \/><\/span>\n<\/p>\n<p>Asunto\n<\/p>\n<p><span class=\"wpcf7-form-control-wrap\" data-name=\"your-subject\"><input size=\"40\" maxlength=\"400\" class=\"wpcf7-form-control wpcf7-text\" aria-invalid=\"false\" value=\"\" type=\"text\" name=\"your-subject\" \/><\/span>\n<\/p>\n<p>Tu mensaje\n<\/p>\n<p><span class=\"wpcf7-form-control-wrap\" data-name=\"your-message\"><textarea cols=\"40\" rows=\"10\" maxlength=\"2000\" class=\"wpcf7-form-control wpcf7-textarea\" aria-invalid=\"false\" name=\"your-message\"><\/textarea><\/span>\n<\/p>\n<p><input class=\"wpcf7-form-control wpcf7-submit has-spinner\" type=\"submit\" value=\"Enviar\" \/>\n<\/p><p style=\"display: none !important;\" class=\"akismet-fields-container\" data-prefix=\"_wpcf7_ak_\"><label>&#916;<textarea name=\"_wpcf7_ak_hp_textarea\" cols=\"45\" rows=\"8\" maxlength=\"100\"><\/textarea><\/label><input type=\"hidden\" id=\"ak_js_1\" name=\"_wpcf7_ak_js\" value=\"158\"\/><script>document.getElementById( \"ak_js_1\" ).setAttribute( \"value\", ( new Date() ).getTime() );<\/script><\/p><div class=\"wpcf7-response-output\" aria-hidden=\"true\"><\/div>\n<\/form>\n<\/div>\n[\/vc_column_inner][\/vc_row_inner][\/vc_column][\/vc_row]<\/p>\n","protected":false},"excerpt":{"rendered":"<p>[vc_row dt_no_mb=&#8221;no-margin&#8221; bg_color=&#8221;#ffffff&#8221; dt_padding_top=&#8221;0&#8243; dt_padding_bottom=&#8221;30&#8243; dt_class=&#8221;rly-how-secc&#8221; dt_id=&#8221;how&#8221;][vc_column][vc_row_inner][vc_column_inner][vc_column_text css=&#8221;.vc_custom_1658319578170{margin-right: 70px !important;margin-left: 70px !important;}&#8221;] Revisely da la bienvenida a m\u00faltiples tipos de asociaciones para que juntos podamos&#8230;<\/p>\n<p class=\"readmore\"><a class=\"more-btn\" href=\"https:\/\/revise.ly\/es\/asociarse\/\">Read More<\/a><\/p>\n","protected":false},"author":1,"featured_media":0,"parent":0,"menu_order":0,"comment_status":"closed","ping_status":"open","template":"template-homepage.php","meta":{"footnotes":""},"class_list":["post-14962","page","type-page","status-publish","hentry"],"_links":{"self":[{"href":"https:\/\/revise.ly\/es\/wp-json\/wp\/v2\/pages\/14962","targetHints":{"allow":["GET"]}}],"collection":[{"href":"https:\/\/revise.ly\/es\/wp-json\/wp\/v2\/pages"}],"about":[{"href":"https:\/\/revise.ly\/es\/wp-json\/wp\/v2\/types\/page"}],"author":[{"embeddable":true,"href":"https:\/\/revise.ly\/es\/wp-json\/wp\/v2\/users\/1"}],"replies":[{"embeddable":true,"href":"https:\/\/revise.ly\/es\/wp-json\/wp\/v2\/comments?post=14962"}],"version-history":[{"count":5,"href":"https:\/\/revise.ly\/es\/wp-json\/wp\/v2\/pages\/14962\/revisions"}],"predecessor-version":[{"id":15047,"href":"https:\/\/revise.ly\/es\/wp-json\/wp\/v2\/pages\/14962\/revisions\/15047"}],"wp:attachment":[{"href":"https:\/\/revise.ly\/es\/wp-json\/wp\/v2\/media?parent=14962"}],"curies":[{"name":"wp","href":"https:\/\/api.w.org\/{rel}","templated":true}]}}