{"id":1698,"date":"2016-03-22T14:15:19","date_gmt":"2016-03-22T13:15:19","guid":{"rendered":"http:\/\/ec2-52-211-205-225.eu-west-1.compute.amazonaws.com\/?page_id=1698"},"modified":"2022-07-27T15:46:11","modified_gmt":"2022-07-27T13:46:11","slug":"online-text-correction-better-feedback-students","status":"publish","type":"page","link":"https:\/\/revise.ly\/fi\/","title":{"rendered":"Verkkopohjainen palvelu tekstien tarkastamiseen ja palautteen antamiseen oppilaille"},"content":{"rendered":"<p>[vc_row dt_bg_repeat=&#8221;no-repeat&#8221; dt_no_mb=&#8221;no-margin&#8221; dt_padding_top=&#8221;0&#8243; dt_padding_bottom=&#8221;0&#8243;][vc_column][vc_single_image image=&#8221;6593&#8243; img_size=&#8221;full&#8221;][\/vc_column][\/vc_row][vc_row dt_text_scheme=&#8221;darker-overlay&#8221; dt_no_mb=&#8221;no-margin&#8221; dt_padding_top=&#8221;30&#8243; dt_padding_bottom=&#8221;10&#8243; dt_id=&#8221;request&#8221; dt_color_opacity=&#8221;100&#8243; bg_color=&#8221;#808080&#8243; dt_class=&#8221;rly-request-secc&#8221;][vc_column offset=&#8221;vc_col-xs-12&#8243;][vc_row_inner font_color=&#8221;#ffffff&#8221;][vc_column_inner css_animation=&#8221;top-to-bottom&#8221;]<div class=\"dt-title-wrapper\"><h1 class=\"section-title\">Kokeile Reviselya<\/h1><\/div>[\/vc_column_inner][\/vc_row_inner][vc_row_inner][vc_column_inner width=&#8221;1\/3&#8243; css_animation=&#8221;bottom-to-top&#8221;]<div class=\"customlist list-icon-fa-angle-right\"><\/p>\n<ul>\n<li>Kokeile Revisely-sovellusta koulussa oppilaittesi kanssa<\/li>\n<li>1 kk ilmaiseksi<\/li>\n<\/ul>\n<p><\/div>[\/vc_column_inner][vc_column_inner width=&#8221;1\/3&#8243; css_animation=&#8221;bottom-to-top&#8221;]<div class=\"customlist list-icon-fa-angle-right\"><\/p>\n<ul>\n<li><span style=\"font-weight: 400;\">Aineet voivat olla hollanniksi, englanniksi tai espanjaksi<\/span><\/li>\n<li><span style=\"font-weight: 400;\">Autamme teit\u00e4 k\u00e4yt\u00f6n aloittamisessa<\/span><\/li>\n<\/ul>\n<p><\/div>[\/vc_column_inner][vc_column_inner el_class=&#8221;center&#8221; width=&#8221;1\/3&#8243; css_animation=&#8221;bottom-to-top&#8221;]<div style=\"clear:both; width:100%; height:32px\"><\/div><a  class=\"button green big  icon-right\" href=\"https:\/\/app.revise.ly\/try-revisely?lang=en\"><i class=\"fa fa-arrow-right\"><\/i>Tee ilmainen trial-tili<\/a>[\/vc_column_inner][\/vc_row_inner][\/vc_column][\/vc_row][vc_row dt_no_mb=&#8221;no-margin&#8221; bg_color=&#8221;#ffffff&#8221; dt_padding_top=&#8221;60&#8243; dt_padding_bottom=&#8221;0&#8243; dt_id=&#8221;what&#8221; dt_class=&#8221;rly-what-secc&#8221;][vc_column][vc_row_inner][vc_column_inner css_animation=&#8221;bottom-to-top&#8221;]<div style=\"clear:both; width:100%; height:30px\"><\/div><div class=\"dt-title-wrapper\"><h1 class=\"section-title\">Mik\u00e4 on Revisely?<\/h1><\/div>[\/vc_column_inner][\/vc_row_inner][vc_row_inner el_class=&#8221;rly-what&#8221;][vc_column_inner el_class=&#8221;rly-what-img&#8221; width=&#8221;1\/3&#8243; css_animation=&#8221;left-to-right&#8221;][vc_single_image image=&#8221;2131&#8243; alignment=&#8221;center&#8221; style=&#8221;vc_box_circle&#8221;][\/vc_column_inner][vc_column_inner width=&#8221;7\/12&#8243; css_animation=&#8221;right-to-left&#8221; css=&#8221;.vc_custom_1411035137077{padding-right: 50px !important;padding-left: 50px !important;}&#8221;]<div class=\"customlist list-icon-fa-angle-right\"><\/p>\n<ul>\n<li><span style=\"font-weight: 400;\">Revisely on verkkopohjainen palvelu tekstien tarkastamiseen esimerkiksi ainekirjoituksissa tai esseiss\u00e4.\u00a0Palvelu auttaa opettajaa kirjoitusteht\u00e4v\u00e4n l\u00e4pik\u00e4ymisess\u00e4<\/span><\/li>\n<li><span style=\"font-weight: 400;\">Palvelu tarjoaa monipuolisen ty\u00f6kalun kirjoitusten korjaamiseen. Se mahdollistaa opettajan lis\u00e4t\u00e4 havaintoja ja antaa palautetta oppilaille heid\u00e4n aineistaan<\/span><\/li>\n<li><span style=\"font-weight: 400;\">Revisely toimii selaimen kautta, eik\u00e4 se vaadi erillist\u00e4 asennusta. Palvelua voidaan k\u00e4ytt\u00e4\u00e4 p\u00f6yt\u00e4koneilla, kannettavilla, tableteilla ja iPadeilla <\/span><\/li>\n<\/ul>\n<p><\/div>[\/vc_column_inner][\/vc_row_inner][\/vc_column][\/vc_row][vc_row dt_no_mb=&#8221;no-margin&#8221; bg_color=&#8221;#ffffff&#8221; dt_color_opacity=&#8221;100&#8243; dt_padding_bottom=&#8221;0&#8243; dt_padding_top=&#8221;0&#8243; dt_id=&#8221;figures&#8221;][vc_column][vc_row_inner][vc_column_inner css_animation=&#8221;bottom-to-top&#8221;][vc_separator]<div class=\"dt-title-wrapper\"><h1 class=\"section-title\">Revisely numeroina<\/h1><\/div><div style=\"clear:both; width:100%; height:60px\"><\/div>[\/vc_column_inner][\/vc_row_inner][vc_row_inner][vc_column_inner width=&#8221;1\/2&#8243; css_animation=&#8221;top-to-bottom&#8221;]<div class=\"counter-wrapper\"><div class=\"counter-item no-border\"><span class=\"counter-number\" data-decimals=\"0\" data-from=\"1\" data-to=\"581\" data-speed=\"3000\"><\/span><span class=\"counter-text\">Koulua<\/span><\/div><div class=\"clear\"><\/div><\/div>[\/vc_column_inner][vc_column_inner width=&#8221;1\/2&#8243; css_animation=&#8221;top-to-bottom&#8221;]<div class=\"counter-wrapper\"><div class=\"counter-item with-border\"><span class=\"counter-number\" data-decimals=\"0\" data-from=\"1\" data-to=\"222833\" data-speed=\"3000\"><\/span><span class=\"counter-text\">K\u00e4ytt\u00e4j\u00e4\u00e4<\/span><\/div><div class=\"clear\"><\/div><\/div>[\/vc_column_inner][\/vc_row_inner][\/vc_column][\/vc_row][vc_row dt_no_mb=&#8221;no-margin&#8221; bg_color=&#8221;#ffffff&#8221; dt_padding_top=&#8221;0&#8243; dt_padding_bottom=&#8221;30&#8243; dt_class=&#8221;rly-how-secc&#8221; dt_id=&#8221;how&#8221;][vc_column][vc_row_inner][vc_column_inner][vc_separator]<div class=\"dt-title-wrapper\"><h1 class=\"section-title\">Kuinka Revisely toimii?<\/h1><\/div>[\/vc_column_inner][\/vc_row_inner]<div style=\"clear:both; width:100%; height:30px\"><\/div>[vc_row_inner][vc_column_inner width=&#8221;1\/3&#8243; css_animation=&#8221;left-to-right&#8221;][vc_single_image image=&#8221;1779&#8243; img_size=&#8221;full&#8221; alignment=&#8221;center&#8221; style=&#8221;vc_box_circle&#8221;][\/vc_column_inner][vc_column_inner width=&#8221;7\/12&#8243; css_animation=&#8221;right-to-left&#8221;][vc_column_text el_class=&#8221;big-number&#8221;]<\/p>\n<h1>1.<\/h1>\n<p><span style=\"font-weight: 400;\">Opettaja valmistelee kirjoitusteht\u00e4v\u00e4n luokalle tai muulle oppilasryhm\u00e4lle. Teht\u00e4v\u00e4nkuvauksen lis\u00e4ksi opettaja voi m\u00e4\u00e4ritt\u00e4\u00e4 arvostelukriteerit, joiden pohjalta ty\u00f6t tullaan arvioimaan. T\u00e4m\u00e4n j\u00e4lkeen opettaja l\u00e4hett\u00e4\u00e4 teht\u00e4v\u00e4t oppilaille suoraan Reviselyn kautta. <\/span>[\/vc_column_text][\/vc_column_inner][\/vc_row_inner]<div style=\"clear:both; width:100%; height:15px\"><\/div>[vc_row_inner][vc_column_inner width=&#8221;1\/3&#8243; css_animation=&#8221;left-to-right&#8221;][vc_single_image image=&#8221;2237&#8243; img_size=&#8221;full&#8221; alignment=&#8221;center&#8221; style=&#8221;vc_box_circle&#8221;][\/vc_column_inner][vc_column_inner width=&#8221;7\/12&#8243; css_animation=&#8221;right-to-left&#8221;][vc_column_text el_class=&#8221;big-number&#8221;]<\/p>\n<h1>2.<\/h1>\n<p><span style=\"font-weight: 400;\">Oppilaat saavat s\u00e4hk\u00f6postilla linkin joka johtaa teht\u00e4v\u00e4n palautussivulle. T\u00e4m\u00e4n j\u00e4lkeen oppilas voi sy\u00f6tt\u00e4\u00e4 jo valmiin tekstins\u00e4 ty\u00f6kaluun, tai vaihtoehtoisesti kirjoittaa tekstins\u00e4 suoraan Revisely-sovelluksella. <\/span>[\/vc_column_text][\/vc_column_inner][\/vc_row_inner]<div style=\"clear:both; width:100%; height:15px\"><\/div>[vc_row_inner][vc_column_inner width=&#8221;1\/3&#8243; css_animation=&#8221;left-to-right&#8221;][vc_single_image image=&#8221;2223&#8243; img_size=&#8221;full&#8221; alignment=&#8221;center&#8221; style=&#8221;vc_box_circle&#8221;][\/vc_column_inner][vc_column_inner width=&#8221;7\/12&#8243; css_animation=&#8221;right-to-left&#8221;][vc_column_text el_class=&#8221;big-number&#8221;]<\/p>\n<h1>3.<\/h1>\n<p><span style=\"font-weight: 400;\">Kun oppilaat ovat palauttaneet ty\u00f6ns\u00e4 p\u00e4\u00e4see opettaja tekem\u00e4\u00e4n niihin omat huomionsa. Halutessaan opettaja voi hy\u00f6dynt\u00e4\u00e4 jo valmiiksi m\u00e4\u00e4riteltyj\u00e4 kommentteja ja huomioita (sek\u00e4 positiivisia ett\u00e4 negatiivisia). Valmiiksi m\u00e4\u00e4ritellyt huomiot kattavat kaikki t\u00e4rkeimm\u00e4t kieliopilliset osa-alueet liittyen esimerkiksi oikeinkirjoitukseen, sis\u00e4lt\u00f6\u00f6n, rakenteeseen ja tyyliin. Opettajalla on my\u00f6s mahdollisuus lis\u00e4t\u00e4 omia kommentteja tekstiin.<\/span>[\/vc_column_text][\/vc_column_inner][\/vc_row_inner]<div style=\"clear:both; width:100%; height:15px\"><\/div>[vc_row_inner][vc_column_inner width=&#8221;1\/3&#8243; css_animation=&#8221;left-to-right&#8221;][vc_single_image image=&#8221;2209&#8243; img_size=&#8221;full&#8221; alignment=&#8221;center&#8221; style=&#8221;vc_box_circle&#8221;][\/vc_column_inner][vc_column_inner width=&#8221;7\/12&#8243; css_animation=&#8221;right-to-left&#8221;][vc_column_text el_class=&#8221;big-number&#8221;]<\/p>\n<h1>4.<\/h1>\n<p><span style=\"font-weight: 400;\">Opettajan tarkistettua tekstin h\u00e4n palauttaa ty\u00f6t takaisin oppilaille. Oppilaat saavat palautuksesta ilmoituksen s\u00e4hk\u00f6postiin. Oppilaat n\u00e4kev\u00e4t ty\u00f6ns\u00e4 ja opettajan siihen tekem\u00e4t huomiot sek\u00e4 arviot. Reviselyn kautta oppilas n\u00e4kee huomiot ja niiden syyt sek\u00e4 saa vihjeit\u00e4, kuinka parantaa omaa kirjoittamistaan.<\/span>[\/vc_column_text][\/vc_column_inner][\/vc_row_inner][\/vc_column][\/vc_row][vc_row dt_no_mb=&#8221;no-margin&#8221; bg_color=&#8221;#ffffff&#8221; dt_padding_top=&#8221;0&#8243; dt_padding_bottom=&#8221;30&#8243; dt_class=&#8221;rly-users-secc&#8221; dt_id=&#8221;who-for&#8221;][vc_column][vc_row_inner][vc_column_inner][vc_separator]<div class=\"dt-title-wrapper\"><h1 class=\"section-title\">Ketk\u00e4 hy\u00f6tyv\u00e4t Reviselysta?<\/h1><\/div>[\/vc_column_inner][\/vc_row_inner]<div style=\"clear:both; width:100%; height:30px\"><\/div>[vc_row_inner][vc_column_inner width=&#8221;1\/3&#8243; css_animation=&#8221;left-to-right&#8221;][vc_single_image image=&#8221;1774&#8243; alignment=&#8221;center&#8221; style=&#8221;vc_box_circle&#8221;][\/vc_column_inner][vc_column_inner width=&#8221;7\/12&#8243; css_animation=&#8221;right-to-left&#8221;]<div style=\"clear:both; width:100%; height:30px\"><\/div>[vc_column_text]<span style=\"font-weight: 400;\"><strong>Oppilaat:<\/strong> Digitaalinen ty\u00f6kalu ainekirjoittamiseen, jonka avulla oppilas saa t\u00e4rke\u00e4\u00e4 palautetta ja pystyy helposti seuraamaan omaa kehittymist\u00e4\u00e4n kirjoittajana.<\/span>[\/vc_column_text][\/vc_column_inner][\/vc_row_inner]<div style=\"clear:both; width:100%; height:15px\"><\/div>[vc_row_inner][vc_column_inner width=&#8221;1\/3&#8243; css_animation=&#8221;left-to-right&#8221;][vc_single_image image=&#8221;1777&#8243; alignment=&#8221;center&#8221; style=&#8221;vc_box_circle&#8221;][\/vc_column_inner][vc_column_inner width=&#8221;7\/12&#8243; css_animation=&#8221;right-to-left&#8221;]<div style=\"clear:both; width:100%; height:30px\"><\/div>[vc_column_text]<span style=\"font-weight: 400;\"><strong>Opettajat:<\/strong> Digitaalinen yhteenveto jokaisen oppilaan osaamisen tasosta. Aikaa s\u00e4\u00e4st\u00e4v\u00e4 keino yksil\u00f6llisen palautteen antamiseen ja teht\u00e4vien korjaamiseen.<\/span>[\/vc_column_text][\/vc_column_inner][\/vc_row_inner]<div style=\"clear:both; width:100%; height:15px\"><\/div>[vc_row_inner][vc_column_inner width=&#8221;1\/3&#8243; css_animation=&#8221;left-to-right&#8221;][vc_single_image image=&#8221;1778&#8243; alignment=&#8221;center&#8221; style=&#8221;vc_box_circle&#8221;][\/vc_column_inner][vc_column_inner width=&#8221;7\/12&#8243; css_animation=&#8221;right-to-left&#8221;]<div style=\"clear:both; width:100%; height:30px\"><\/div>[vc_column_text]<span style=\"font-weight: 400;\"><strong>Koulun hallinto:<\/strong> Luotettava ty\u00f6kalu kouluille, mik\u00e4 s\u00e4\u00e4st\u00e4\u00e4 opettajien aikaa ja auttaa heit\u00e4 keskittym\u00e4\u00e4n olennaiseen. Digitaalinen ty\u00f6kalu mink\u00e4 avulla voidaan tarkkailla ja verrata osaamisen tasoa yksitt\u00e4isen oppilaan, luokan tai koko koulun tasolla.<\/span>[\/vc_column_text][\/vc_column_inner][\/vc_row_inner][\/vc_column][\/vc_row][vc_row dt_bg_repeat=&#8221;no-repeat&#8221; dt_no_mb=&#8221;no-margin&#8221; bg_color=&#8221;#ffffff&#8221; dt_color_opacity=&#8221;100&#8243; dt_padding_top=&#8221;0&#8243; dt_padding_bottom=&#8221;0&#8243; dt_id=&#8221;stories&#8221;][vc_column][vc_column_text] [\/vc_column_text][\/vc_column][\/vc_row][vc_row dt_bg_repeat=&#8221;no-repeat&#8221; dt_no_mb=&#8221;no-margin&#8221; bg_color=&#8221;#ffffff&#8221; dt_color_opacity=&#8221;100&#8243; dt_padding_top=&#8221;0&#8243; dt_padding_bottom=&#8221;0&#8243; dt_class=&#8221;rly-partners-secc&#8221; dt_id=&#8221;partners&#8221;][vc_column][vc_row_inner][vc_column_inner]<div style=\"clear:both; width:100%; height:30px\"><\/div>[vc_separator]<div style=\"clear:both; width:100%; height:30px\"><\/div>[\/vc_column_inner][\/vc_row_inner][\/vc_column][\/vc_row][vc_row dt_bg_repeat=&#8221;no-repeat&#8221; dt_no_mb=&#8221;no-margin&#8221; bg_color=&#8221;#ffffff&#8221; dt_color_opacity=&#8221;100&#8243; dt_padding_top=&#8221;0&#8243; dt_padding_bottom=&#8221;0&#8243; dt_class=&#8221;rly-partners-secc&#8221; dt_id=&#8221;partners&#8221;][vc_column][vc_row_inner][vc_column_inner width=&#8221;1\/6&#8243; css_animation=&#8221;left-to-right&#8221;][vc_single_image image=&#8221;5488&#8243; alignment=&#8221;right&#8221; onclick=&#8221;custom_link&#8221; css_animation=&#8221;bottom-to-top&#8221; link=&#8221;https:\/\/www.xedu.co&#8221;][\/vc_column_inner][vc_column_inner width=&#8221;1\/6&#8243;][vc_single_image image=&#8221;8302&#8243; css_animation=&#8221;left-to-right&#8221;][\/vc_column_inner][vc_column_inner width=&#8221;1\/6&#8243;][vc_single_image image=&#8221;8153&#8243; css_animation=&#8221;left-to-right&#8221;][\/vc_column_inner][vc_column_inner width=&#8221;1\/2&#8243;][vc_single_image image=&#8221;13115&#8243; img_size=&#8221;medium&#8221; css_animation=&#8221;left-to-right&#8221;][\/vc_column_inner][\/vc_row_inner][vc_row_inner][vc_column_inner width=&#8221;1\/4&#8243;][vc_single_image image=&#8221;15101&#8243; onclick=&#8221;custom_link&#8221; img_link_target=&#8221;_blank&#8221; css_animation=&#8221;left-to-right&#8221; link=&#8221;https:\/\/www.1edtech.org&#8221;][\/vc_column_inner][vc_column_inner width=&#8221;3\/4&#8243;][\/vc_column_inner][\/vc_row_inner][\/vc_column][\/vc_row]<\/p>\n","protected":false},"excerpt":{"rendered":"<p>[vc_row dt_bg_repeat=&#8221;no-repeat&#8221; dt_no_mb=&#8221;no-margin&#8221; dt_padding_top=&#8221;0&#8243; dt_padding_bottom=&#8221;0&#8243;][vc_column][vc_single_image image=&#8221;6593&#8243; img_size=&#8221;full&#8221;][\/vc_column][\/vc_row][vc_row dt_text_scheme=&#8221;darker-overlay&#8221; dt_no_mb=&#8221;no-margin&#8221; dt_padding_top=&#8221;30&#8243; dt_padding_bottom=&#8221;10&#8243; dt_id=&#8221;request&#8221; dt_color_opacity=&#8221;100&#8243; bg_color=&#8221;#808080&#8243; dt_class=&#8221;rly-request-secc&#8221;][vc_column offset=&#8221;vc_col-xs-12&#8243;][vc_row_inner font_color=&#8221;#ffffff&#8221;][vc_column_inner css_animation=&#8221;top-to-bottom&#8221;][\/vc_column_inner][\/vc_row_inner][vc_row_inner][vc_column_inner width=&#8221;1\/3&#8243; css_animation=&#8221;bottom-to-top&#8221;][\/vc_column_inner][vc_column_inner width=&#8221;1\/3&#8243; css_animation=&#8221;bottom-to-top&#8221;][\/vc_column_inner][vc_column_inner el_class=&#8221;center&#8221; width=&#8221;1\/3&#8243; css_animation=&#8221;bottom-to-top&#8221;][\/vc_column_inner][\/vc_row_inner][\/vc_column][\/vc_row][vc_row&#8230;<\/p>\n<p class=\"readmore\"><a class=\"more-btn\" href=\"https:\/\/revise.ly\/fi\/\">Read More<\/a><\/p>\n","protected":false},"author":1,"featured_media":0,"parent":0,"menu_order":0,"comment_status":"closed","ping_status":"open","template":"template-homepage.php","meta":{"footnotes":""},"class_list":["post-1698","page","type-page","status-publish","hentry"],"_links":{"self":[{"href":"https:\/\/revise.ly\/fi\/wp-json\/wp\/v2\/pages\/1698","targetHints":{"allow":["GET"]}}],"collection":[{"href":"https:\/\/revise.ly\/fi\/wp-json\/wp\/v2\/pages"}],"about":[{"href":"https:\/\/revise.ly\/fi\/wp-json\/wp\/v2\/types\/page"}],"author":[{"embeddable":true,"href":"https:\/\/revise.ly\/fi\/wp-json\/wp\/v2\/users\/1"}],"replies":[{"embeddable":true,"href":"https:\/\/revise.ly\/fi\/wp-json\/wp\/v2\/comments?post=1698"}],"version-history":[{"count":3,"href":"https:\/\/revise.ly\/fi\/wp-json\/wp\/v2\/pages\/1698\/revisions"}],"predecessor-version":[{"id":15110,"href":"https:\/\/revise.ly\/fi\/wp-json\/wp\/v2\/pages\/1698\/revisions\/15110"}],"wp:attachment":[{"href":"https:\/\/revise.ly\/fi\/wp-json\/wp\/v2\/media?parent=1698"}],"curies":[{"name":"wp","href":"https:\/\/api.w.org\/{rel}","templated":true}]}}