{"id":14896,"date":"2020-01-14T14:32:49","date_gmt":"2020-01-14T13:32:49","guid":{"rendered":"\/features-2\/"},"modified":"2022-07-20T11:58:47","modified_gmt":"2022-07-20T09:58:47","slug":"fonctionnalites","status":"publish","type":"page","link":"https:\/\/revise.ly\/fr\/fonctionnalites\/","title":{"rendered":"Fonctionnalit\u00e9s"},"content":{"rendered":"<p>[vc_row bg_type=&#8221;image&#8221; parallax_style=&#8221;vcpb-default&#8221; bg_image_new=&#8221;id^13538|url^\/wp-content\/uploads\/2022\/02\/Schermafbeelding-2022-02-01-om-12.28.42-scaled.jpg|caption^null|alt^null|title^Schermafbeelding 2022-02-01 om 12.28.42|description^null&#8221; bg_image_repeat=&#8221;no-repeat&#8221;][vc_column][vc_row_inner][vc_column_inner]<div class=\"dt-title-wrapper\"><h1 class=\"section-title\">Fonctionnalit\u00e9s<\/h1><\/div><div style=\"clear:both; width:100%; height:20px\"><\/div>[\/vc_column_inner][\/vc_row_inner][vc_row_inner gap=&#8221;&#8221;][vc_column_inner width=&#8221;1\/2&#8243; css=&#8221;.vc_custom_1643719493502{background-color: rgba(150,193,31,0.44) !important;*background-color: rgb(150,193,31) !important;}&#8221;][vc_column_text]<\/p>\n<ul>\n<li><a href=\"\/fr\/banques-de-commentaires-integres\/\">Banques de commentaires int\u00e9gr\u00e9s<\/a><\/li>\n<li><a href=\"\/fr\/verification-du-plagiat\/\">V\u00e9rification optionnelle du plagiat<\/a><\/li>\n<li><a href=\"\/fr\/rapports-et-portefeuilles-detailles\/\">Rapports et portefeuilles d\u00e9taill\u00e9s<\/a><\/li>\n<li><a href=\"\/fr\/evaluation-par-les-pairs\/\">\u00c9valuation par les pairs<\/a><\/li>\n<li><a href=\"\/fr\/travail-dequipe\/\">Travail d \u00e9quipes<\/a><\/li>\n<li><a href=\"\/fr\/externalisez-la-correction-et-levaluation-des-documents-de-vos-etudiants\/\">Possibilit\u00e9s d&#8217;externalisation<\/a><\/li>\n<li>et plus\u2026<\/li>\n<\/ul>\n<p>[\/vc_column_text][\/vc_column_inner][vc_column_inner width=&#8221;1\/2&#8243; css_animation=&#8221;left-to-right&#8221;][\/vc_column_inner][\/vc_row_inner]<div style=\"clear:both; width:100%; height:20px\"><\/div>[\/vc_column][\/vc_row][vc_row dt_no_mb=&#8221;no-margin&#8221; bg_type=&#8221;bg_color&#8221; bg_color=&#8221;#ffffff&#8221; dt_color_opacity=&#8221;100&#8243; dt_padding_bottom=&#8221;0&#8243; dt_padding_top=&#8221;0&#8243; dt_id=&#8221;figures&#8221;][vc_column css_animation=&#8221;right-to-left&#8221;]<div style=\"clear:both; width:100%; height:20px\"><\/div>[vc_separator][vc_row_inner][vc_column_inner css_animation=&#8221;left-to-right&#8221;]<div style=\"clear:both; width:100%; height:30px\"><\/div><div class=\"dt-title-wrapper\"><h1 class=\"section-title\">les syst\u00e8mes de gestion de l'apprentissage que nous int\u00e9grons<\/h1><\/div><div style=\"clear:both; width:100%; height:20px\"><\/div>[\/vc_column_inner][\/vc_row_inner][vc_row_inner][vc_column_inner width=&#8221;1\/4&#8243; css_animation=&#8221;left-to-right&#8221;][vc_single_image image=&#8221;8528&#8243;]<div style=\"clear:both; width:100%; height:20px\"><\/div>[vc_single_image image=&#8221;8496&#8243;][\/vc_column_inner][vc_column_inner width=&#8221;1\/4&#8243; css_animation=&#8221;left-to-right&#8221;][vc_single_image image=&#8221;13450&#8243; onclick=&#8221;custom_link&#8221; link=&#8221;http:\/\/revise.ly\/microsoft-teams&#8221;]<div style=\"clear:both; width:100%; height:20px\"><\/div>[vc_single_image image=&#8221;8488&#8243;][\/vc_column_inner][vc_column_inner width=&#8221;1\/4&#8243; css_animation=&#8221;left-to-right&#8221;][vc_single_image image=&#8221;8512&#8243;]<div style=\"clear:both; width:100%; height:20px\"><\/div>[vc_single_image image=&#8221;8520&#8243;][\/vc_column_inner][vc_column_inner width=&#8221;1\/4&#8243; css_animation=&#8221;left-to-right&#8221;][vc_single_image image=&#8221;8504&#8243;]<div style=\"clear:both; width:100%; height:20px\"><\/div>[vc_single_image image=&#8221;13466&#8243; onclick=&#8221;custom_link&#8221; link=&#8221;https:\/\/revise.ly\/en\/revisely-magister\/&#8221;]<div style=\"clear:both; width:100%; height:20px\"><\/div>[vc_column_text]en vele andere platforms door onze LTI-integratie[\/vc_column_text][\/vc_column_inner][\/vc_row_inner]<div style=\"clear:both; width:100%; height:30px\"><\/div><div style=\"clear:both; width:100%; height:30px\"><\/div>[\/vc_column][\/vc_row][vc_row dt_no_mb=&#8221;no-margin&#8221; bg_type=&#8221;bg_color&#8221; dt_padding_top=&#8221;30&#8243; dt_padding_bottom=&#8221;10&#8243; dt_id=&#8221;request&#8221; dt_color_opacity=&#8221;100&#8243; dt_class=&#8221;rly-request-secc&#8221; bg_color_value=&#8221;#e2e2e2&#8243;][vc_column offset=&#8221;vc_col-xs-12&#8243;][vc_row_inner][vc_column_inner]<div class=\"dt-title-wrapper\"><h1 class=\"section-title\">Essayez Revisely gratuitement pendant un mois !<\/h1><\/div>[\/vc_column_inner][\/vc_row_inner][vc_row_inner][vc_column_inner width=&#8221;1\/3&#8243; css_animation=&#8221;bottom-to-top&#8221;]<div class=\"customlist list-icon-fa-angle-right\"><\/p>\n<ul>\n<li>Essayez Revisely dans votre \u00e9cole ou votre universit\u00e9 avec vos propres \u00e9tudiants.<\/li>\n<li>Essayez-le gratuitement pendant 30 jours !<\/li>\n<\/ul>\n<p><\/div>[\/vc_column_inner][vc_column_inner width=&#8221;1\/3&#8243; css_animation=&#8221;bottom-to-top&#8221;]<div class=\"customlist list-icon-fa-angle-right\"><\/p>\n<ul>\n<li>Si vous \u00eates int\u00e9ress\u00e9, nous vous montrerons gratuitement comment cela fonctionne dans votre \u00e9cole ou votre universit\u00e9.<\/li>\n<\/ul>\n<p><\/div>[\/vc_column_inner][vc_column_inner el_class=&#8221;center&#8221; width=&#8221;1\/3&#8243; css_animation=&#8221;bottom-to-top&#8221;]<div style=\"clear:both; width:100%; height:32px\"><\/div><a  class=\"button green big  icon-right\" href=\"https:\/\/app.revise.ly\/try-revisely?lang=en\"><i class=\"fa fa-arrow-right\"><\/i>Commencez !<\/a>[\/vc_column_inner][\/vc_row_inner][\/vc_column][\/vc_row][vc_column][\/vc_column][vc_column_inner css_animation=&#8221;bottom-to-top&#8221;][\/vc_column_inner]<\/p>\n","protected":false},"excerpt":{"rendered":"<p>[vc_row bg_type=&#8221;image&#8221; parallax_style=&#8221;vcpb-default&#8221; bg_image_new=&#8221;id^13538|url^\/wp-content\/uploads\/2022\/02\/Schermafbeelding-2022-02-01-om-12.28.42-scaled.jpg|caption^null|alt^null|title^Schermafbeelding 2022-02-01 om 12.28.42|description^null&#8221; bg_image_repeat=&#8221;no-repeat&#8221;][vc_column][vc_row_inner][vc_column_inner][\/vc_column_inner][\/vc_row_inner][vc_row_inner gap=&#8221;&#8221;][vc_column_inner width=&#8221;1\/2&#8243; css=&#8221;.vc_custom_1643719493502{background-color: rgba(150,193,31,0.44) !important;*background-color: rgb(150,193,31) !important;}&#8221;][vc_column_text] Banques de commentaires int\u00e9gr\u00e9s V\u00e9rification optionnelle du plagiat Rapports et&#8230;<\/p>\n<p class=\"readmore\"><a class=\"more-btn\" href=\"https:\/\/revise.ly\/fr\/fonctionnalites\/\">Read More<\/a><\/p>\n","protected":false},"author":1,"featured_media":0,"parent":0,"menu_order":0,"comment_status":"closed","ping_status":"open","template":"template-homepage.php","meta":{"footnotes":""},"class_list":["post-14896","page","type-page","status-publish","hentry"],"_links":{"self":[{"href":"https:\/\/revise.ly\/fr\/wp-json\/wp\/v2\/pages\/14896","targetHints":{"allow":["GET"]}}],"collection":[{"href":"https:\/\/revise.ly\/fr\/wp-json\/wp\/v2\/pages"}],"about":[{"href":"https:\/\/revise.ly\/fr\/wp-json\/wp\/v2\/types\/page"}],"author":[{"embeddable":true,"href":"https:\/\/revise.ly\/fr\/wp-json\/wp\/v2\/users\/1"}],"replies":[{"embeddable":true,"href":"https:\/\/revise.ly\/fr\/wp-json\/wp\/v2\/comments?post=14896"}],"version-history":[{"count":7,"href":"https:\/\/revise.ly\/fr\/wp-json\/wp\/v2\/pages\/14896\/revisions"}],"predecessor-version":[{"id":14899,"href":"https:\/\/revise.ly\/fr\/wp-json\/wp\/v2\/pages\/14896\/revisions\/14899"}],"wp:attachment":[{"href":"https:\/\/revise.ly\/fr\/wp-json\/wp\/v2\/media?parent=14896"}],"curies":[{"name":"wp","href":"https:\/\/api.w.org\/{rel}","templated":true}]}}