{"id":14902,"date":"2020-01-14T16:22:50","date_gmt":"2020-01-14T15:22:50","guid":{"rendered":"\/insightful-feedback\/"},"modified":"2022-07-27T11:02:12","modified_gmt":"2022-07-27T09:02:12","slug":"banques-de-commentaires-integres","status":"publish","type":"page","link":"https:\/\/revise.ly\/fr\/banques-de-commentaires-integres\/","title":{"rendered":"Banques de commentaires int\u00e9gr\u00e9s"},"content":{"rendered":"<p>[vc_row dt_no_mb=&#8221;no-margin&#8221; bg_color=&#8221;#ffffff&#8221; dt_color_opacity=&#8221;100&#8243; dt_padding_bottom=&#8221;0&#8243; dt_padding_top=&#8221;0&#8243; dt_id=&#8221;figures&#8221;][vc_column]<div style=\"clear:both; width:100%; height:60px\"><\/div>[vc_row_inner][vc_column_inner css_animation=&#8221;bottom-to-top&#8221;]<div class=\"dt-title-wrapper\"><h1 class=\"section-title\">Donnez un feedback plus perspicace<\/h1><\/div><div style=\"clear:both; width:100%; height:20px\"><\/div>[\/vc_column_inner][\/vc_row_inner][vc_row_inner][vc_column_inner css_animation=&#8221;bottom-to-top&#8221;][vc_column_text]<\/p>\n<h2 style=\"text-align: center;\">Le vaste banques de commentaires (tant positifs que n\u00e9gatifs) couvre tous les aspects permettant d&#8217;am\u00e9liorer les comp\u00e9tences r\u00e9dactionnelles des \u00e9tudiants.\u00a0Bien entendu, les enseignants peuvent \u00e9galement ajouter facilement leurs propres commentaires au document et les enregistrer dans la base de donn\u00e9es afin de pouvoir r\u00e9utiliser facilement vos commentaires. Revisely convient donc \u00e0 la plupart des cours dispens\u00e9s dans les \u00e9coles ou les universit\u00e9s.<\/h2>\n<p>[\/vc_column_text][\/vc_column_inner][\/vc_row_inner]<div style=\"clear:both; width:100%; height:20px\"><\/div>[vc_row_inner][vc_column_inner width=&#8221;1\/4&#8243;][\/vc_column_inner][vc_column_inner width=&#8221;1\/2&#8243;][vc_single_image image=&#8221;14142&#8243; img_size=&#8221;large&#8221; alignment=&#8221;center&#8221; css_animation=&#8221;left-to-right&#8221;][\/vc_column_inner][vc_column_inner width=&#8221;1\/4&#8243;][\/vc_column_inner][\/vc_row_inner][vc_separator]<div style=\"clear:both; width:100%; height:60px\"><\/div>[\/vc_column][\/vc_row][vc_row dt_no_mb=&#8221;no-margin&#8221; bg_type=&#8221;image&#8221; parallax_style=&#8221;vcpb-default&#8221; bg_image_new=&#8221;id^14114|url^\/wp-content\/uploads\/2022\/06\/mockup-of-a-man-using-a-macbook-in-a-cozy-living-room-2324-el1-1.jpg|caption^null|alt^null|title^mockup-of-a-man-using-a-macbook-in-a-cozy-living-room-2324-el1|description^null&#8221; dt_padding_top=&#8221;30&#8243; dt_padding_bottom=&#8221;10&#8243; dt_id=&#8221;request&#8221; dt_color_opacity=&#8221;80&#8243; dt_class=&#8221;rly-request-secc&#8221;][vc_column offset=&#8221;vc_col-xs-12&#8243;][vc_row_inner font_color=&#8221;#ffffff&#8221; css=&#8221;.vc_custom_1655817872821{background-color: rgba(255,255,255,0.65) !important;*background-color: rgb(255,255,255) !important;}&#8221;][vc_column_inner css_animation=&#8221;top-to-bottom&#8221;][vc_column_text]<\/p>\n<h2 style=\"text-align: center;\">Voulez-vous l&#8217;essayer ?<\/h2>\n<p>[\/vc_column_text][\/vc_column_inner][\/vc_row_inner][vc_row_inner css=&#8221;.vc_custom_1655817929412{background-color: rgba(255,255,255,0.66) !important;*background-color: rgb(255,255,255) !important;}&#8221;][vc_column_inner width=&#8221;1\/3&#8243; css_animation=&#8221;bottom-to-top&#8221;]<div class=\"customlist list-icon-fa-angle-right\"><\/p>\n<ul>\n<li>Essayez Revisely dans votre \u00e9cole avec vos \u00e9l\u00e8ves<\/li>\n<\/ul>\n<p><\/div>[\/vc_column_inner][vc_column_inner width=&#8221;1\/3&#8243; css_animation=&#8221;bottom-to-top&#8221;]<div class=\"customlist list-icon-fa-angle-right\"><\/p>\n<ul>\n<li>Nous proposons une formation en ligne gratuite si n\u00e9cessaire<\/li>\n<\/ul>\n<p><\/div>[\/vc_column_inner][vc_column_inner el_class=&#8221;center&#8221; width=&#8221;1\/3&#8243; css_animation=&#8221;bottom-to-top&#8221;]<div style=\"clear:both; width:100%; height:32px\"><\/div><a  class=\"button bleumarin big  icon-right\" href=\"https:\/\/app.revise.ly\/try-revisely?lang=en\"><i class=\"fa fa-arrow-right\"><\/i>Commencez !<\/a>[\/vc_column_inner][\/vc_row_inner][\/vc_column][\/vc_row][vc_column][vc_row_inner][vc_column_inner][\/vc_column_inner][\/vc_row_inner][\/vc_column][vc_column_inner css_animation=&#8221;bottom-to-top&#8221;][\/vc_column_inner]<\/p>\n","protected":false},"excerpt":{"rendered":"<p>[vc_row dt_no_mb=&#8221;no-margin&#8221; bg_color=&#8221;#ffffff&#8221; dt_color_opacity=&#8221;100&#8243; dt_padding_bottom=&#8221;0&#8243; dt_padding_top=&#8221;0&#8243; dt_id=&#8221;figures&#8221;][vc_column][vc_row_inner][vc_column_inner css_animation=&#8221;bottom-to-top&#8221;][\/vc_column_inner][\/vc_row_inner][vc_row_inner][vc_column_inner css_animation=&#8221;bottom-to-top&#8221;][vc_column_text] Le vaste banques de commentaires (tant positifs que n\u00e9gatifs) couvre tous les aspects permettant d&#8217;am\u00e9liorer les&#8230;<\/p>\n<p class=\"readmore\"><a class=\"more-btn\" href=\"https:\/\/revise.ly\/fr\/banques-de-commentaires-integres\/\">Read More<\/a><\/p>\n","protected":false},"author":1,"featured_media":0,"parent":0,"menu_order":0,"comment_status":"closed","ping_status":"open","template":"template-homepage.php","meta":{"footnotes":""},"class_list":["post-14902","page","type-page","status-publish","hentry"],"_links":{"self":[{"href":"https:\/\/revise.ly\/fr\/wp-json\/wp\/v2\/pages\/14902","targetHints":{"allow":["GET"]}}],"collection":[{"href":"https:\/\/revise.ly\/fr\/wp-json\/wp\/v2\/pages"}],"about":[{"href":"https:\/\/revise.ly\/fr\/wp-json\/wp\/v2\/types\/page"}],"author":[{"embeddable":true,"href":"https:\/\/revise.ly\/fr\/wp-json\/wp\/v2\/users\/1"}],"replies":[{"embeddable":true,"href":"https:\/\/revise.ly\/fr\/wp-json\/wp\/v2\/comments?post=14902"}],"version-history":[{"count":5,"href":"https:\/\/revise.ly\/fr\/wp-json\/wp\/v2\/pages\/14902\/revisions"}],"predecessor-version":[{"id":15074,"href":"https:\/\/revise.ly\/fr\/wp-json\/wp\/v2\/pages\/14902\/revisions\/15074"}],"wp:attachment":[{"href":"https:\/\/revise.ly\/fr\/wp-json\/wp\/v2\/media?parent=14902"}],"curies":[{"name":"wp","href":"https:\/\/api.w.org\/{rel}","templated":true}]}}