{"id":14904,"date":"2020-01-14T16:28:21","date_gmt":"2020-01-14T15:28:21","guid":{"rendered":"\/insightful-reporting-and-portfolio\/"},"modified":"2022-07-27T10:19:53","modified_gmt":"2022-07-27T08:19:53","slug":"rapports-et-portefeuilles-detailles","status":"publish","type":"page","link":"https:\/\/revise.ly\/fr\/rapports-et-portefeuilles-detailles\/","title":{"rendered":"Rapports et portefeuilles d\u00e9taill\u00e9s"},"content":{"rendered":"<p>[vc_row dt_no_mb=&#8221;no-margin&#8221; bg_color=&#8221;#ffffff&#8221; dt_color_opacity=&#8221;100&#8243; dt_padding_bottom=&#8221;0&#8243; dt_padding_top=&#8221;0&#8243; dt_id=&#8221;figures&#8221;][vc_column]<div style=\"clear:both; width:100%; height:20px\"><\/div><div class=\"dt-title-wrapper\"><h1 class=\"section-title\">Rapports et portefeuilles d\u00e9taill\u00e9s<\/h1><\/div>[vc_row_inner][vc_column_inner width=&#8221;1\/2&#8243; css_animation=&#8221;bottom-to-top&#8221;][vc_single_image image=&#8221;14173&#8243; img_size=&#8221;large&#8221;][\/vc_column_inner][vc_column_inner width=&#8221;1\/2&#8243;]<div style=\"clear:both; width:100%; height:20px\"><\/div>[vc_column_text]<\/p>\n<ul>\n<li>L&#8217;enseignant re\u00e7oit une notification lorsqu&#8217;un document a \u00e9t\u00e9 remis ou lorsqu&#8217;il est temps de le corriger.<\/li>\n<li>Revisely est une forme moderne de dossier ou de portefeuille d&#8217;\u00e9criture. Les \u00e9tudiants peuvent toujours consulter leurs progr\u00e8s et leurs points d&#8217;am\u00e9lioration. Ils peuvent zoomer sur des aspects sp\u00e9cifiques qu&#8217;ils souhaitent am\u00e9liorer.<\/li>\n<li>Des rapports complets peuvent \u00eatre g\u00e9n\u00e9r\u00e9s dans Revisely, ce qui permet aux \u00e9tudiants d&#8217;avoir un aper\u00e7u de ce qu&#8217;ils remettent et des commentaires de l&#8217;enseignant.<\/li>\n<\/ul>\n<p>[\/vc_column_text][\/vc_column_inner][\/vc_row_inner]<div style=\"clear:both; width:100%; height:40px\"><\/div>[vc_separator]<div style=\"clear:both; width:100%; height:40px\"><\/div>[\/vc_column][\/vc_row][vc_row dt_no_mb=&#8221;no-margin&#8221; bg_type=&#8221;image&#8221; parallax_style=&#8221;vcpb-default&#8221; bg_image_new=&#8221;id^14114|url^\/wp-content\/uploads\/2022\/06\/mockup-of-a-man-using-a-macbook-in-a-cozy-living-room-2324-el1-1.jpg|caption^null|alt^null|title^mockup-of-a-man-using-a-macbook-in-a-cozy-living-room-2324-el1|description^null&#8221; dt_padding_top=&#8221;30&#8243; dt_padding_bottom=&#8221;10&#8243; dt_id=&#8221;request&#8221; dt_color_opacity=&#8221;80&#8243; dt_class=&#8221;rly-request-secc&#8221;][vc_column offset=&#8221;vc_col-xs-12&#8243;][vc_row_inner font_color=&#8221;#ffffff&#8221; css=&#8221;.vc_custom_1655820649652{background-color: rgba(255,255,255,0.65) !important;*background-color: rgb(255,255,255) !important;}&#8221;][vc_column_inner css_animation=&#8221;top-to-bottom&#8221;][vc_column_text]<\/p>\n<h2 style=\"text-align: center;\">Voulez-vous l&#8217;essayer ?<\/h2>\n<p>[\/vc_column_text][\/vc_column_inner][\/vc_row_inner][vc_row_inner css=&#8221;.vc_custom_1655820667003{background-color: rgba(255,255,255,0.68) !important;*background-color: rgb(255,255,255) !important;}&#8221;][vc_column_inner width=&#8221;1\/3&#8243; css_animation=&#8221;bottom-to-top&#8221;]<div class=\"customlist list-icon-fa-angle-right\"><\/p>\n<ul>\n<li>Essayez Revisely dans votre \u00e9cole avec vos \u00e9tudiants.<\/li>\n<\/ul>\n<p><\/div>[\/vc_column_inner][vc_column_inner width=&#8221;1\/3&#8243; css_animation=&#8221;bottom-to-top&#8221;]<div class=\"customlist list-icon-fa-angle-right\"><\/p>\n<ul>\n<li>Nous proposons une formation en ligne gratuite si n\u00e9cessaire<\/li>\n<\/ul>\n<p><\/div>[\/vc_column_inner][vc_column_inner el_class=&#8221;center&#8221; width=&#8221;1\/3&#8243; css_animation=&#8221;bottom-to-top&#8221;]<div style=\"clear:both; width:100%; height:32px\"><\/div><a  class=\"button bleumarin big  icon-right\" href=\"https:\/\/app.revise.ly\/try-revisely?lang=en\"><i class=\"fa fa-arrow-right\"><\/i>Commencez !<\/a>[\/vc_column_inner][\/vc_row_inner][\/vc_column][\/vc_row][vc_column][vc_row_inner][vc_column_inner][\/vc_column_inner][\/vc_row_inner][\/vc_column][vc_column_inner css_animation=&#8221;bottom-to-top&#8221;][\/vc_column_inner]<\/p>\n","protected":false},"excerpt":{"rendered":"<p>[vc_row dt_no_mb=&#8221;no-margin&#8221; bg_color=&#8221;#ffffff&#8221; dt_color_opacity=&#8221;100&#8243; dt_padding_bottom=&#8221;0&#8243; dt_padding_top=&#8221;0&#8243; dt_id=&#8221;figures&#8221;][vc_column][vc_row_inner][vc_column_inner width=&#8221;1\/2&#8243; css_animation=&#8221;bottom-to-top&#8221;][vc_single_image image=&#8221;14173&#8243; img_size=&#8221;large&#8221;][\/vc_column_inner][vc_column_inner width=&#8221;1\/2&#8243;][vc_column_text] L&#8217;enseignant re\u00e7oit une notification lorsqu&#8217;un document a \u00e9t\u00e9 remis ou lorsqu&#8217;il est temps&#8230;<\/p>\n<p class=\"readmore\"><a class=\"more-btn\" href=\"https:\/\/revise.ly\/fr\/rapports-et-portefeuilles-detailles\/\">Read More<\/a><\/p>\n","protected":false},"author":1,"featured_media":0,"parent":0,"menu_order":0,"comment_status":"closed","ping_status":"open","template":"template-homepage.php","meta":{"footnotes":""},"class_list":["post-14904","page","type-page","status-publish","hentry"],"_links":{"self":[{"href":"https:\/\/revise.ly\/fr\/wp-json\/wp\/v2\/pages\/14904","targetHints":{"allow":["GET"]}}],"collection":[{"href":"https:\/\/revise.ly\/fr\/wp-json\/wp\/v2\/pages"}],"about":[{"href":"https:\/\/revise.ly\/fr\/wp-json\/wp\/v2\/types\/page"}],"author":[{"embeddable":true,"href":"https:\/\/revise.ly\/fr\/wp-json\/wp\/v2\/users\/1"}],"replies":[{"embeddable":true,"href":"https:\/\/revise.ly\/fr\/wp-json\/wp\/v2\/comments?post=14904"}],"version-history":[{"count":4,"href":"https:\/\/revise.ly\/fr\/wp-json\/wp\/v2\/pages\/14904\/revisions"}],"predecessor-version":[{"id":15063,"href":"https:\/\/revise.ly\/fr\/wp-json\/wp\/v2\/pages\/14904\/revisions\/15063"}],"wp:attachment":[{"href":"https:\/\/revise.ly\/fr\/wp-json\/wp\/v2\/media?parent=14904"}],"curies":[{"name":"wp","href":"https:\/\/api.w.org\/{rel}","templated":true}]}}