{"id":14908,"date":"2020-01-14T15:42:23","date_gmt":"2020-01-14T14:42:23","guid":{"rendered":"\/team-hand-in\/"},"modified":"2022-07-20T10:56:53","modified_gmt":"2022-07-20T08:56:53","slug":"travail-dequipe","status":"publish","type":"page","link":"https:\/\/revise.ly\/fr\/travail-dequipe\/","title":{"rendered":"Travail d&#8217;\u00e9quipe"},"content":{"rendered":"<p>[vc_row][vc_column][vc_row_inner][vc_column_inner css_animation=&#8221;left-to-right&#8221;]<div class=\"dt-title-wrapper\"><h1 class=\"section-title\">travail d'\u00e9quipe<\/h1><\/div><div style=\"clear:both; width:100%; height:20px\"><\/div>[vc_column_text]<\/p>\n<div class=\"block\">\n<div class=\"element\">\n<div class=\"wpb_text_column wpb_content_element \">\n<div class=\"wpb_wrapper\">\n<h2 style=\"text-align: center;\">Cette fonction donne aux \u00e9tudiants la possibilit\u00e9 de rendre un travail en \u00e9quipe. Ils combinent leur expertise, ce qui permet \u00e9galement de trouver des solutions plus cr\u00e9atives \u00e0 un probl\u00e8me. Il s&#8217;agit d&#8217;une comp\u00e9tence importante pour le XXIe si\u00e8cle, car la soci\u00e9t\u00e9 \u00e9volue, et la complexit\u00e9 des conflits qu&#8217;elle peut g\u00e9rer augmentera \u00e9galement. Il est donc important de se concentrer sur la capacit\u00e9 des \u00e9tudiants \u00e0 trouver des solutions efficaces gr\u00e2ce \u00e0 une bonne collaboration.<\/h2>\n<\/div>\n<\/div>\n<\/div>\n<\/div>\n<div class=\"empty-block\"><\/div>\n<div class=\"block\">\n<div class=\"element fill-width\"><\/div>\n<\/div>\n<p>[\/vc_column_text]<div style=\"clear:both; width:100%; height:60px\"><\/div>[\/vc_column_inner][\/vc_row_inner][\/vc_column][\/vc_row][vc_row dt_no_mb=&#8221;no-margin&#8221; bg_type=&#8221;image&#8221; parallax_style=&#8221;vcpb-default&#8221; bg_image_new=&#8221;id^14114|url^\/wp-content\/uploads\/2022\/06\/mockup-of-a-man-using-a-macbook-in-a-cozy-living-room-2324-el1-1.jpg|caption^null|alt^null|title^mockup-of-a-man-using-a-macbook-in-a-cozy-living-room-2324-el1|description^null&#8221; dt_padding_top=&#8221;30&#8243; dt_padding_bottom=&#8221;10&#8243; dt_id=&#8221;request&#8221; dt_color_opacity=&#8221;100&#8243; dt_class=&#8221;rly-request-secc&#8221; bg_color=&#8221;#e2e2e2&#8243;][vc_column offset=&#8221;vc_col-xs-12&#8243; css=&#8221;.vc_custom_1655889909024{background-color: rgba(255,255,255,0.66) !important;*background-color: rgb(255,255,255) !important;}&#8221;][vc_row_inner][vc_column_inner]<div class=\"dt-title-wrapper\"><h1 class=\"section-title\">Essayez Revisely 1 mois gratuitement !<\/h1><\/div>[\/vc_column_inner][\/vc_row_inner][vc_row_inner][vc_column_inner width=&#8221;1\/3&#8243; css_animation=&#8221;bottom-to-top&#8221;]<div class=\"customlist list-icon-fa-angle-right\"><\/p>\n<ul>\n<li>Essayez Revisely dans votre \u00e9cole avec vos \u00e9tudiants.<\/li>\n<li>D\u00e9couvrez notre nouvelle fonction d&#8217;\u00e9valuation par les pairs<\/li>\n<\/ul>\n<p><\/div>[\/vc_column_inner][vc_column_inner width=&#8221;1\/3&#8243; css_animation=&#8221;bottom-to-top&#8221;]<div class=\"customlist list-icon-fa-angle-right\"><\/p>\n<ul>\n<li>Nous proposons une formation en ligne gratuite si n\u00e9cessaire<\/li>\n<\/ul>\n<p><\/div>[\/vc_column_inner][vc_column_inner el_class=&#8221;center&#8221; width=&#8221;1\/3&#8243; css_animation=&#8221;bottom-to-top&#8221;]<div style=\"clear:both; width:100%; height:32px\"><\/div><a  class=\"button green big  icon-right\" href=\"https:\/\/app.revise.ly\/try-revisely?lang=en\"><i class=\"fa fa-arrow-right\"><\/i>Commencez!<\/a>[\/vc_column_inner][\/vc_row_inner][\/vc_column][\/vc_row][vc_column][\/vc_column][vc_column_inner css_animation=&#8221;bottom-to-top&#8221;][\/vc_column_inner]<\/p>\n","protected":false},"excerpt":{"rendered":"<p>[vc_row][vc_column][vc_row_inner][vc_column_inner css_animation=&#8221;left-to-right&#8221;][vc_column_text] Cette fonction donne aux \u00e9tudiants la possibilit\u00e9 de rendre un travail en \u00e9quipe. Ils combinent leur expertise, ce qui permet \u00e9galement de trouver&#8230;<\/p>\n<p class=\"readmore\"><a class=\"more-btn\" href=\"https:\/\/revise.ly\/fr\/travail-dequipe\/\">Read More<\/a><\/p>\n","protected":false},"author":1,"featured_media":0,"parent":0,"menu_order":0,"comment_status":"closed","ping_status":"open","template":"template-homepage.php","meta":{"footnotes":""},"class_list":["post-14908","page","type-page","status-publish","hentry"],"_links":{"self":[{"href":"https:\/\/revise.ly\/fr\/wp-json\/wp\/v2\/pages\/14908","targetHints":{"allow":["GET"]}}],"collection":[{"href":"https:\/\/revise.ly\/fr\/wp-json\/wp\/v2\/pages"}],"about":[{"href":"https:\/\/revise.ly\/fr\/wp-json\/wp\/v2\/types\/page"}],"author":[{"embeddable":true,"href":"https:\/\/revise.ly\/fr\/wp-json\/wp\/v2\/users\/1"}],"replies":[{"embeddable":true,"href":"https:\/\/revise.ly\/fr\/wp-json\/wp\/v2\/comments?post=14908"}],"version-history":[{"count":3,"href":"https:\/\/revise.ly\/fr\/wp-json\/wp\/v2\/pages\/14908\/revisions"}],"predecessor-version":[{"id":14923,"href":"https:\/\/revise.ly\/fr\/wp-json\/wp\/v2\/pages\/14908\/revisions\/14923"}],"wp:attachment":[{"href":"https:\/\/revise.ly\/fr\/wp-json\/wp\/v2\/media?parent=14908"}],"curies":[{"name":"wp","href":"https:\/\/api.w.org\/{rel}","templated":true}]}}