{"id":14932,"date":"2017-01-24T15:20:38","date_gmt":"2017-01-24T14:20:38","guid":{"rendered":"\/peergrading\/"},"modified":"2022-07-27T10:17:42","modified_gmt":"2022-07-27T08:17:42","slug":"evaluation-par-les-pairs","status":"publish","type":"page","link":"https:\/\/revise.ly\/fr\/evaluation-par-les-pairs\/","title":{"rendered":"\u00e9valuation par les pairs"},"content":{"rendered":"<p>[vc_row dt_no_mb=&#8221;no-margin&#8221; dt_id=&#8221;request&#8221; dt_padding_top=&#8221;30&#8243; dt_padding_bottom=&#8221;10&#8243; dt_class=&#8221;rly-request-secc&#8221;][vc_column][vc_row_inner][vc_column_inner]<div style=\"clear:both; width:100%; height:10px\"><\/div><div class=\"dt-title-wrapper\"><h1 class=\"section-title\">\u00e9valuation par les pairs<\/h1><\/div><div style=\"clear:both; width:100%; height:10px\"><\/div>[vc_column_text]<\/p>\n<h2 style=\"text-align: center;\">Chez Revisely, nous voulons aider les enseignants \u00e0 donner un feedback plus perspicace pour am\u00e9liorer l&#8217;apprentissage des \u00e9tudiants. Nous croyons fermement au pouvoir du feedback et nous avons d\u00e9cid\u00e9 d&#8217;\u00e9tendre les fonctionnalit\u00e9s de Revisely avec l&#8217;\u00e9valuation par les pairs. Nous voulons remettre en question l&#8217;id\u00e9e traditionnelle selon laquelle les enseignants sont les seuls \u00e0 donner du feedback en permettant aux \u00e9tudiants de participer \u00e0 l&#8217;\u00e9valuation mutuelle.<\/h2>\n<p>[\/vc_column_text]<div style=\"clear:both; width:100%; height:60px\"><\/div>[\/vc_column_inner][\/vc_row_inner][\/vc_column][\/vc_row][vc_row dt_no_mb=&#8221;no-margin&#8221; bg_type=&#8221;bg_color&#8221; dt_id=&#8221;request&#8221; dt_padding_top=&#8221;30&#8243; dt_padding_bottom=&#8221;10&#8243; dt_class=&#8221;rly-request-secc&#8221; bg_color_value=&#8221;#e0e0e0&#8243;][vc_column][vc_row_inner][vc_column_inner width=&#8221;1\/3&#8243;][vc_column_text]<\/p>\n<h2 style=\"text-align: left;\">Plus de feedback<\/h2>\n<p class=\"text-sm\" style=\"text-align: left;\">Les \u00e9tudiants apprennent du processus d&#8217;examen lui-m\u00eame et re\u00e7oivent davantage de commentaires de la part de leurs pairs et de leurs enseignants. Il ne s&#8217;agit pas seulement d&#8217;un processus permettant aux pairs de d\u00e9terminer les notes les uns pour les autres. La valeur r\u00e9side dans le retour d&#8217;information suppl\u00e9mentaire, dans l&#8217;apprentissage d&#8217;autres solutions possibles et dans l&#8217;apprentissage du processus de notation lui-m\u00eame. Avec Revisely, les \u00e9tudiants apprennent \u00e0 donner et \u00e0 recevoir un retour d&#8217;information, une comp\u00e9tence qui leur servira pendant des ann\u00e9es.<\/p>\n<p>[\/vc_column_text]<div style=\"clear:both; width:100%; height:30px\"><\/div>[\/vc_column_inner][vc_column_inner width=&#8221;1\/3&#8243;][vc_column_text]<\/p>\n<h2 style=\"text-align: left;\">Plus de connaissances<\/h2>\n<p class=\"text-sm\" style=\"text-align: left;\">La recherche montre que l&#8217;apprentissage se fait principalement par l&#8217;interaction sociale. Lorsque les \u00e9tudiants \u00e9valuent le travail de leurs camarades, ils m\u00e9morisent mieux les choses et acqui\u00e8rent de nouvelles techniques et comp\u00e9tences. Ils doivent \u00eatre capables de comprendre le mat\u00e9riel d&#8217;\u00e9tude et d&#8217;y r\u00e9fl\u00e9chir, afin de mieux comprendre le travail \u00e0 effectuer pour leur propre r\u00e9daction.<\/p>\n<p>[\/vc_column_text]<div style=\"clear:both; width:100%; height:30px\"><\/div>[\/vc_column_inner][vc_column_inner width=&#8221;1\/3&#8243;][vc_column_text]<\/p>\n<h2 style=\"text-align: left;\">Plus d&#8217;engagement<\/h2>\n<p class=\"text-sm\" style=\"text-align: left;\">Le fait de s&#8217;approprier l&#8217;\u00e9valuation accro\u00eet l&#8217;engagement envers le processus et le sujet. Plus l&#8217;engagement est grand, plus les \u00e9tudiants sont motiv\u00e9s. Et la motivation est un facteur cl\u00e9 de succ\u00e8s pour accro\u00eetre l&#8217;efficacit\u00e9 de l&#8217;apprentissage.<\/p>\n<p>[\/vc_column_text]<div style=\"clear:both; width:100%; height:30px\"><\/div>[\/vc_column_inner][\/vc_row_inner][\/vc_column][\/vc_row][vc_row dt_no_mb=&#8221;no-margin&#8221; dt_id=&#8221;request&#8221; dt_padding_top=&#8221;30&#8243; dt_padding_bottom=&#8221;10&#8243; dt_class=&#8221;rly-request-secc&#8221;][vc_column]<div style=\"clear:both; width:100%; height:40px\"><\/div>[\/vc_column][\/vc_row][vc_row][vc_column]<div style=\"clear:both; width:100%; height:80px\"><\/div>[\/vc_column][\/vc_row][vc_row dt_no_mb=&#8221;no-margin&#8221; bg_type=&#8221;image&#8221; parallax_style=&#8221;vcpb-default&#8221; bg_image_new=&#8221;id^14114|url^\/wp-content\/uploads\/2022\/06\/mockup-of-a-man-using-a-macbook-in-a-cozy-living-room-2324-el1-1.jpg|caption^null|alt^null|title^mockup-of-a-man-using-a-macbook-in-a-cozy-living-room-2324-el1|description^null&#8221; dt_padding_top=&#8221;30&#8243; dt_padding_bottom=&#8221;10&#8243; dt_id=&#8221;request&#8221; dt_color_opacity=&#8221;100&#8243; dt_class=&#8221;rly-request-secc&#8221;][vc_column offset=&#8221;vc_col-xs-12&#8243; css=&#8221;.vc_custom_1655887178871{background-color: rgba(255,255,255,0.68) !important;*background-color: rgb(255,255,255) !important;}&#8221;][vc_row_inner font_color=&#8221;#ffffff&#8221;][vc_column_inner css_animation=&#8221;top-to-bottom&#8221;]<div class=\"dt-title-wrapper\"><h1 class=\"section-title\">Inscrivez-vous pour un compte gratuit maintenant!<\/h1><\/div>[\/vc_column_inner][\/vc_row_inner][vc_row_inner][vc_column_inner width=&#8221;1\/3&#8243; css_animation=&#8221;bottom-to-top&#8221;]<div class=\"customlist list-icon-fa-angle-right\"><\/p>\n<ul>\n<li>Essayez Revisely dans votre \u00e9cole, coll\u00e8ge ou universit\u00e9 avec vos \u00e9tudiants.<\/li>\n<\/ul>\n<p><\/div>[\/vc_column_inner][vc_column_inner width=&#8221;1\/3&#8243; css_animation=&#8221;bottom-to-top&#8221;]<div class=\"customlist list-icon-fa-angle-right\"><\/p>\n<ul>\n<li>Nous proposons une formation en ligne gratuite si n\u00e9cessaire<\/li>\n<\/ul>\n<p><\/div>[\/vc_column_inner][vc_column_inner el_class=&#8221;center&#8221; width=&#8221;1\/3&#8243; css_animation=&#8221;bottom-to-top&#8221;]<div style=\"clear:both; width:100%; height:32px\"><\/div><a  class=\"button green big  icon-right\" href=\"https:\/\/app.revise.ly\/try-revisely?lang=en\"><i class=\"fa fa-arrow-right\"><\/i>Commencez d\u00e8s maintenant !<\/a>[\/vc_column_inner][\/vc_row_inner][\/vc_column][\/vc_row][vc_column][\/vc_column][vc_column_inner css_animation=&#8221;bottom-to-top&#8221;][\/vc_column_inner]<\/p>\n","protected":false},"excerpt":{"rendered":"<p>[vc_row dt_no_mb=&#8221;no-margin&#8221; dt_id=&#8221;request&#8221; dt_padding_top=&#8221;30&#8243; dt_padding_bottom=&#8221;10&#8243; dt_class=&#8221;rly-request-secc&#8221;][vc_column][vc_row_inner][vc_column_inner][vc_column_text] Chez Revisely, nous voulons aider les enseignants \u00e0 donner un feedback plus perspicace pour am\u00e9liorer l&#8217;apprentissage des \u00e9tudiants. Nous&#8230;<\/p>\n<p class=\"readmore\"><a class=\"more-btn\" href=\"https:\/\/revise.ly\/fr\/evaluation-par-les-pairs\/\">Read More<\/a><\/p>\n","protected":false},"author":1,"featured_media":3475,"parent":0,"menu_order":0,"comment_status":"closed","ping_status":"open","template":"template-homepage.php","meta":{"footnotes":""},"class_list":["post-14932","page","type-page","status-publish","has-post-thumbnail","hentry"],"_links":{"self":[{"href":"https:\/\/revise.ly\/fr\/wp-json\/wp\/v2\/pages\/14932","targetHints":{"allow":["GET"]}}],"collection":[{"href":"https:\/\/revise.ly\/fr\/wp-json\/wp\/v2\/pages"}],"about":[{"href":"https:\/\/revise.ly\/fr\/wp-json\/wp\/v2\/types\/page"}],"author":[{"embeddable":true,"href":"https:\/\/revise.ly\/fr\/wp-json\/wp\/v2\/users\/1"}],"replies":[{"embeddable":true,"href":"https:\/\/revise.ly\/fr\/wp-json\/wp\/v2\/comments?post=14932"}],"version-history":[{"count":4,"href":"https:\/\/revise.ly\/fr\/wp-json\/wp\/v2\/pages\/14932\/revisions"}],"predecessor-version":[{"id":15060,"href":"https:\/\/revise.ly\/fr\/wp-json\/wp\/v2\/pages\/14932\/revisions\/15060"}],"wp:featuredmedia":[{"embeddable":true,"href":"https:\/\/revise.ly\/fr\/wp-json\/wp\/v2\/media\/3475"}],"wp:attachment":[{"href":"https:\/\/revise.ly\/fr\/wp-json\/wp\/v2\/media?parent=14932"}],"curies":[{"name":"wp","href":"https:\/\/api.w.org\/{rel}","templated":true}]}}