{"id":14938,"date":"2017-03-14T15:21:40","date_gmt":"2017-03-14T14:21:40","guid":{"rendered":"\/pricing\/"},"modified":"2022-07-26T10:07:23","modified_gmt":"2022-07-26T08:07:23","slug":"fixation-des-prix","status":"publish","type":"page","link":"https:\/\/revise.ly\/fr\/fixation-des-prix\/","title":{"rendered":"Fixation des prix"},"content":{"rendered":"<p>[vc_row dt_no_mb=&#8221;no-margin&#8221; dt_id=&#8221;request&#8221; dt_padding_top=&#8221;30&#8243; dt_padding_bottom=&#8221;10&#8243; dt_class=&#8221;rly-request-secc&#8221;][vc_column]<div style=\"clear:both; width:100%; height:30px\"><\/div>[vc_row_inner][vc_column_inner]<div class=\"dt-title-wrapper\"><h1 class=\"section-title\">Combien co\u00fbte Revisely ?<\/h1><\/div><div style=\"clear:both; width:100%; height:20px\"><\/div>[vc_column_text]<\/p>\n<h2 style=\"text-align: center;\">Nous souhaitons que vous puissiez vous faire une id\u00e9e de ce que Revisely peut faire pour votre \u00e9cole ou votre universit\u00e9 avant d&#8217;obtenir une licence. \u00a0C&#8217;est pourquoi un compte d&#8217;essai Revisely d&#8217;un mois est gratuit. Si vous souhaitez continuer \u00e0 utiliser Revisely, vous pouvez obtenir une licence. Le prix d\u00e9pend de la dur\u00e9e du contrat, du nombre d&#8217;utilisateurs et des langues dans lesquelles l&#8217;application en ligne est utilis\u00e9e.\u00a0Veuillez remplir vos coordonn\u00e9es et celles de votre institution ci-dessous et nous vous contacterons imm\u00e9diatement.<\/h2>\n<h3 style=\"text-align: center;\">La demande de ce devis est gratuite et sans aucune obligation.<\/h3>\n<h2 style=\"text-align: center;\">\u00a0<\/h2>\n<p>[\/vc_column_text]<div style=\"clear:both; width:100%; height:50px\"><\/div>[\/vc_column_inner][\/vc_row_inner][\/vc_column][\/vc_row][vc_row][vc_column width=&#8221;1\/4&#8243;][\/vc_column][vc_column width=&#8221;1\/2&#8243;]\n<div class=\"wpcf7 no-js\" id=\"wpcf7-f14998-o1\" lang=\"fr-FR\" dir=\"ltr\" data-wpcf7-id=\"14998\">\n<div class=\"screen-reader-response\"><p role=\"status\" aria-live=\"polite\" aria-atomic=\"true\"><\/p> <ul><\/ul><\/div>\n<form action=\"\/fr\/wp-json\/wp\/v2\/pages\/14938#wpcf7-f14998-o1\" method=\"post\" class=\"wpcf7-form init\" aria-label=\"Formulaire de contact\" novalidate=\"novalidate\" data-status=\"init\">\n<fieldset class=\"hidden-fields-container\"><input type=\"hidden\" name=\"_wpcf7\" value=\"14998\" \/><input type=\"hidden\" name=\"_wpcf7_version\" value=\"6.1.5\" \/><input type=\"hidden\" name=\"_wpcf7_locale\" value=\"fr_FR\" \/><input type=\"hidden\" name=\"_wpcf7_unit_tag\" value=\"wpcf7-f14998-o1\" \/><input type=\"hidden\" name=\"_wpcf7_container_post\" value=\"0\" \/><input type=\"hidden\" name=\"_wpcf7_posted_data_hash\" value=\"\" \/><input type=\"hidden\" name=\"_wpcf7_recaptcha_response\" value=\"\" \/>\n<\/fieldset>\n<p>Votre nom:\n<\/p>\n<p><span class=\"wpcf7-form-control-wrap\" data-name=\"naam\"><input size=\"40\" maxlength=\"400\" class=\"wpcf7-form-control wpcf7-text wpcf7-validates-as-required\" aria-required=\"true\" aria-invalid=\"false\" value=\"\" type=\"text\" name=\"naam\" \/><\/span>\n<\/p>\n<p>Votre courriel:\n<\/p>\n<p><span class=\"wpcf7-form-control-wrap\" data-name=\"email\"><input size=\"40\" maxlength=\"400\" class=\"wpcf7-form-control wpcf7-email wpcf7-validates-as-required wpcf7-text wpcf7-validates-as-email\" aria-required=\"true\" aria-invalid=\"false\" value=\"\" type=\"email\" name=\"email\" \/><\/span>\n<\/p>\n<p>Votre num\u00e9ro de t\u00e9l\u00e9phone:\n<\/p>\n<p><span class=\"wpcf7-form-control-wrap\" data-name=\"telefoon\"><input size=\"40\" maxlength=\"400\" class=\"wpcf7-form-control wpcf7-tel wpcf7-validates-as-required wpcf7-text wpcf7-validates-as-tel\" aria-required=\"true\" aria-invalid=\"false\" value=\"\" type=\"tel\" name=\"telefoon\" \/><\/span>\n<\/p>\n<p>Nom de votre \u00e9cole\/universit\u00e9:\n<\/p>\n<p><span class=\"wpcf7-form-control-wrap\" data-name=\"school\"><input size=\"40\" maxlength=\"400\" class=\"wpcf7-form-control wpcf7-text wpcf7-validates-as-required\" aria-required=\"true\" aria-invalid=\"false\" value=\"\" type=\"text\" name=\"school\" \/><\/span>\n<\/p>\n<p>Quelle mati\u00e8re enseignez-vous?\n<\/p>\n<p><span class=\"wpcf7-form-control-wrap\" data-name=\"vak\"><input size=\"40\" maxlength=\"400\" class=\"wpcf7-form-control wpcf7-text wpcf7-validates-as-required\" aria-required=\"true\" aria-invalid=\"false\" value=\"\" type=\"text\" name=\"vak\" \/><\/span>\n<\/p>\n<p>Nombre estim\u00e9 d'\u00e9l\u00e8ves\/\u00e9tudiants qui utiliseraient Revisely:\n<\/p>\n<p><span class=\"wpcf7-form-control-wrap\" data-name=\"gebruikers\"><input size=\"40\" maxlength=\"400\" class=\"wpcf7-form-control wpcf7-text wpcf7-validates-as-required\" aria-required=\"true\" aria-invalid=\"false\" value=\"\" type=\"text\" name=\"gebruikers\" \/><\/span>\n<\/p>\n<p>Dur\u00e9e estim\u00e9e du contrat (nombre d'ann\u00e9es)\n<\/p>\n<p><span class=\"wpcf7-form-control-wrap\" data-name=\"periode\"><input size=\"40\" maxlength=\"400\" class=\"wpcf7-form-control wpcf7-text wpcf7-validates-as-required\" aria-required=\"true\" aria-invalid=\"false\" value=\"\" type=\"text\" name=\"periode\" \/><\/span>\n<\/p>\n<p>Dans quelle(s) langue(s) souhaitez-vous utiliser Revisely?\n<\/p>\n<p><span class=\"wpcf7-form-control-wrap\" data-name=\"talen\"><input size=\"40\" maxlength=\"400\" class=\"wpcf7-form-control wpcf7-text wpcf7-validates-as-required\" aria-required=\"true\" aria-invalid=\"false\" value=\"\" type=\"text\" name=\"talen\" \/><\/span>\n<\/p>\n<p>Souhaitez-vous utiliser le v\u00e9rificateur de plagiat int\u00e9gr\u00e9 \u00e0 Revisely, propos\u00e9 par nos partenaires d'Urkund ?\n<\/p>\n<p>\u00cates-vous int\u00e9ress\u00e9 par un atelier (gratuit) dans votre \u00e9cole\/universit\u00e9?\n<\/p>\n<p><span class=\"wpcf7-form-control-wrap\" data-name=\"interesse\"><input size=\"40\" maxlength=\"400\" class=\"wpcf7-form-control wpcf7-text wpcf7-validates-as-required\" aria-required=\"true\" aria-invalid=\"false\" value=\"\" type=\"text\" name=\"interesse\" \/><\/span>\n<\/p>\n<p>Autres questions ou commentaires (facultatif):\n<\/p>\n<p><span class=\"wpcf7-form-control-wrap\" data-name=\"your-message\"><textarea cols=\"40\" rows=\"10\" maxlength=\"2000\" class=\"wpcf7-form-control wpcf7-textarea\" aria-invalid=\"false\" name=\"your-message\"><\/textarea><\/span>\n<\/p>\n<p><input class=\"wpcf7-form-control wpcf7-submit has-spinner\" type=\"submit\" value=\"Envoyer\" \/>\n<\/p><p style=\"display: none !important;\" class=\"akismet-fields-container\" data-prefix=\"_wpcf7_ak_\"><label>&#916;<textarea name=\"_wpcf7_ak_hp_textarea\" cols=\"45\" rows=\"8\" maxlength=\"100\"><\/textarea><\/label><input type=\"hidden\" id=\"ak_js_1\" name=\"_wpcf7_ak_js\" value=\"181\"\/><script>document.getElementById( \"ak_js_1\" ).setAttribute( \"value\", ( new Date() ).getTime() );<\/script><\/p><div class=\"wpcf7-response-output\" aria-hidden=\"true\"><\/div>\n<\/form>\n<\/div>\n[\/vc_column][vc_column width=&#8221;1\/4&#8243;][\/vc_column][\/vc_row][vc_row dt_bg_repeat=&#8221;no-repeat&#8221; dt_no_mb=&#8221;no-margin&#8221; dt_padding_top=&#8221;0&#8243; dt_padding_bottom=&#8221;0&#8243;][vc_column]<div style=\"clear:both; width:100%; height:60px\"><\/div>[vc_single_image image=&#8221;14939&#8243; img_size=&#8221;full&#8221; alignment=&#8221;center&#8221;][\/vc_column][\/vc_row][vc_column][\/vc_column][vc_column_inner css_animation=&#8221;bottom-to-top&#8221;][\/vc_column_inner]<\/p>\n","protected":false},"excerpt":{"rendered":"<p>[vc_row dt_no_mb=&#8221;no-margin&#8221; dt_id=&#8221;request&#8221; dt_padding_top=&#8221;30&#8243; dt_padding_bottom=&#8221;10&#8243; dt_class=&#8221;rly-request-secc&#8221;][vc_column][vc_row_inner][vc_column_inner][vc_column_text] Nous souhaitons que vous puissiez vous faire une id\u00e9e de ce que Revisely peut faire pour votre \u00e9cole ou&#8230;<\/p>\n<p class=\"readmore\"><a class=\"more-btn\" href=\"https:\/\/revise.ly\/fr\/fixation-des-prix\/\">Read More<\/a><\/p>\n","protected":false},"author":1,"featured_media":0,"parent":0,"menu_order":0,"comment_status":"closed","ping_status":"open","template":"template-homepage.php","meta":{"footnotes":""},"class_list":["post-14938","page","type-page","status-publish","hentry"],"_links":{"self":[{"href":"https:\/\/revise.ly\/fr\/wp-json\/wp\/v2\/pages\/14938","targetHints":{"allow":["GET"]}}],"collection":[{"href":"https:\/\/revise.ly\/fr\/wp-json\/wp\/v2\/pages"}],"about":[{"href":"https:\/\/revise.ly\/fr\/wp-json\/wp\/v2\/types\/page"}],"author":[{"embeddable":true,"href":"https:\/\/revise.ly\/fr\/wp-json\/wp\/v2\/users\/1"}],"replies":[{"embeddable":true,"href":"https:\/\/revise.ly\/fr\/wp-json\/wp\/v2\/comments?post=14938"}],"version-history":[{"count":4,"href":"https:\/\/revise.ly\/fr\/wp-json\/wp\/v2\/pages\/14938\/revisions"}],"predecessor-version":[{"id":15015,"href":"https:\/\/revise.ly\/fr\/wp-json\/wp\/v2\/pages\/14938\/revisions\/15015"}],"wp:attachment":[{"href":"https:\/\/revise.ly\/fr\/wp-json\/wp\/v2\/media?parent=14938"}],"curies":[{"name":"wp","href":"https:\/\/api.w.org\/{rel}","templated":true}]}}