{"id":14975,"date":"2016-11-15T16:23:19","date_gmt":"2016-11-15T15:23:19","guid":{"rendered":"\/partnering\/"},"modified":"2022-07-26T16:23:17","modified_gmt":"2022-07-26T14:23:17","slug":"partenariat","status":"publish","type":"page","link":"https:\/\/revise.ly\/fr\/partenariat\/","title":{"rendered":"Devenez un partenaire de Revisely!"},"content":{"rendered":"<p>[vc_row dt_no_mb=&#8221;no-margin&#8221; bg_color=&#8221;#ffffff&#8221; dt_padding_top=&#8221;0&#8243; dt_padding_bottom=&#8221;30&#8243; dt_class=&#8221;rly-how-secc&#8221; dt_id=&#8221;how&#8221;][vc_column]<div style=\"clear:both; width:100%; height:50px\"><\/div><div class=\"dt-title-wrapper\"><h1 class=\"section-title\">Partenariat<\/h1><\/div><div style=\"clear:both; width:100%; height:10px\"><\/div>[vc_row_inner][vc_column_inner][vc_column_text css=&#8221;.vc_custom_1658318915691{margin-right: 70px !important;margin-left: 70px !important;}&#8221;]<\/p>\n<h2 style=\"text-align: center;\"><span style=\"font-weight: 400;\">Revisely accueille plusieurs types de partenariats afin qu&#8217;ensemble nous puissions aider les \u00e9tudiants du monde entier \u00e0 am\u00e9liorer leurs comp\u00e9tences r\u00e9dactionnelles. Les collaborations peuvent \u00eatre \u00e0 la fois locales \u00e0 votre march\u00e9 ou de port\u00e9e mondiale.\u00a0<\/span><\/h2>\n<p>[\/vc_column_text]<div style=\"clear:both; width:100%; height:50px\"><\/div>[\/vc_column_inner][\/vc_row_inner][\/vc_column][\/vc_row][vc_row dt_bg_repeat=&#8221;no-repeat&#8221; dt_no_mb=&#8221;no-margin&#8221; dt_padding_top=&#8221;0&#8243; dt_padding_bottom=&#8221;0&#8243;][vc_column][vc_tta_tabs style=&#8221;modern&#8221; alignment=&#8221;center&#8221; active_section=&#8221;1&#8243;][vc_tta_section title=&#8221;\u00c9diteurs d&#8217;\u00e9ducation&#8221; tab_id=&#8221;1484150931644-4a7c0879-ccc7&#8243;]<div style=\"clear:both; width:100%; height:20px\"><\/div>[vc_column_text css=&#8221;.vc_custom_1658319017376{margin-top: 20px !important;margin-right: 50px !important;margin-bottom: 20px !important;margin-left: 50px !important;border-top-width: 20px !important;border-right-width: 50px !important;border-bottom-width: 20px !important;border-left-width: 50px !important;padding-top: 20px !important;padding-right: 50px !important;padding-bottom: 20px !important;padding-left: 50px !important;}&#8221;]<\/p>\n<h2 style=\"text-align: left;\">\u00c9diteurs d&#8217;\u00e9ducation<\/h2>\n<p>Vous cherchez des moyens de compl\u00e9ter votre m\u00e9thode d&#8217;apprentissage (num\u00e9rique) ? Et cherchez-vous le bon outil pour soutenir vos travaux d&#8217;\u00e9criture ? Revisely peut aider les \u00e9diteurs scolaires \u00e0 fournir des solutions d&#8217;apprentissage (num\u00e9rique).<\/p>\n<p>L&#8217;application web en ligne de Revisely permet aux enseignants de donner facilement un bon feedback sur les textes aux \u00e9tudiants. Gr\u00e2ce aux commentaires structur\u00e9s int\u00e9gr\u00e9s, les \u00e9tudiants obtiennent un meilleur retour d&#8217;information tout en r\u00e9duisant le travail de l&#8217;enseignant. Les commentaires int\u00e9gr\u00e9s comprennent un contenu sp\u00e9cifique pour aider les \u00e9tudiants \u00e0 comprendre ce qu&#8217;ils doivent am\u00e9liorer et comment. Un excellent moyen d&#8217;accro\u00eetre votre offre num\u00e9rique et d&#8217;ajouter une source de revenus.<\/p>\n<p>Les possibilit\u00e9s de collaboration incluent :<\/p>\n<ul>\n<li>faire r\u00e9f\u00e9rence \u00e0 votre contenu papier \u00e0 partir des commentaires de Revisely (en compl\u00e9tant votre m\u00e9thode papier par un format num\u00e9rique).<\/li>\n<li>faire r\u00e9f\u00e9rence \u00e0 votre contenu num\u00e9rique \u00e0 l&#8217;aide d&#8217;un lien (pour accro\u00eetre l&#8217;engagement envers votre contenu num\u00e9rique)<\/li>\n<li>int\u00e9gration de votre contenu dans le feedback aux \u00e9tudiants (pour am\u00e9liorer la coh\u00e9rence)<\/li>\n<li>int\u00e9grer vos messages d&#8217;aide \u00e0 la r\u00e9daction dans la biblioth\u00e8que de Revisely (pour faire gagner du temps aux enseignants)<\/li>\n<li>int\u00e9grer compl\u00e8tement notre outil de correction et de feedback dans votre plateforme num\u00e9rique (pour ajouter de la valeur \u00e0 votre offre)<\/li>\n<\/ul>\n<p>[\/vc_column_text]<div style=\"clear:both; width:100%; height:20px\"><\/div>[\/vc_tta_section][vc_tta_section title=&#8221;Fournisseurs de syst\u00e8mes \u00e9ducatifs&#8221; tab_id=&#8221;1484150931751-78e23def-3e46&#8243;]<div style=\"clear:both; width:100%; height:20px\"><\/div>[vc_column_text css=&#8221;.vc_custom_1658319181787{margin-top: 20px !important;margin-right: 50px !important;margin-bottom: 20px !important;margin-left: 50px !important;border-top-width: 20px !important;border-right-width: 50px !important;border-bottom-width: 20px !important;border-left-width: 50px !important;padding-top: 20px !important;padding-right: 50px !important;padding-bottom: 20px !important;padding-left: 50px !important;}&#8221;]<\/p>\n<h2 style=\"text-align: left;\">Fournisseurs de syst\u00e8mes \u00e9ducatifs<\/h2>\n<p>La correction num\u00e9rique et le retour d&#8217;information sur les textes deviennent rapidement la norme dans l&#8217;enseignement secondaire et sup\u00e9rieur. Vous cherchez \u00e0 compl\u00e9ter la fonctionnalit\u00e9 de votre syst\u00e8me de gestion de l&#8217;apprentissage (LMS), VLE, SIS ou syst\u00e8me d&#8217;administration de l&#8217;apprentissage (LAS) ?<\/p>\n<p>Revisely est le meilleur outil pour corriger, r\u00e9viser et \u00e9valuer les travaux d&#8217;\u00e9criture et fournir un retour d&#8217;information de plus en plus perspicace aux \u00e9tudiants. Le bon choix si vous cherchez \u00e0 compl\u00e9ter votre offre et \u00e0 augmenter vos revenus avec une telle fonctionnalit\u00e9.<\/p>\n<p>Les possibilit\u00e9s de collaboration comprennent<\/p>\n<ul>\n<li>l&#8217;authentification unique &#8211; SSO (pour \u00e9liminer les obstacles pour les enseignants et les \u00e9tudiants)<\/li>\n<li>l&#8217;\u00e9change de donn\u00e9es sur les \u00e9coles, les enseignants, les groupes\/classes et les \u00e9tudiants (pour faciliter la t\u00e2che des \u00e9coles)<\/li>\n<li>int\u00e9gration de LTI (int\u00e9gration standardis\u00e9e sous forme de plugin)<\/li>\n<li>int\u00e9gration compl\u00e8te de l&#8217;outil de correction et de feedback de Revisely dans votre syst\u00e8me (valeur ajout\u00e9e \u00e0 votre offre)<\/li>\n<\/ul>\n<p>[\/vc_column_text]<div style=\"clear:both; width:100%; height:20px\"><\/div>[\/vc_tta_section][vc_tta_section title=&#8221;Revendeurs et distributeurs&#8221; tab_id=&#8221;1484150935466-7dab7b4b-249f&#8221;]<div style=\"clear:both; width:100%; height:20px\"><\/div>[vc_column_text css=&#8221;.vc_custom_1658319226992{margin-top: 20px !important;margin-right: 50px !important;margin-bottom: 20px !important;margin-left: 50px !important;border-top-width: 20px !important;border-right-width: 50px !important;border-bottom-width: 20px !important;border-left-width: 50px !important;padding-top: 20px !important;padding-right: 50px !important;padding-bottom: 20px !important;padding-left: 50px !important;}&#8221;]<\/p>\n<h2 style=\"text-align: left;\">Revendeurs et distributeurs<\/h2>\n<p>Vous cherchez \u00e0 \u00e9tendre votre offre au march\u00e9 de l&#8217;\u00e9ducation ? Et vous cherchez \u00e0 augmenter vos revenus ?<\/p>\n<p>Les comp\u00e9tences r\u00e9dactionnelles sont tr\u00e8s importantes. En fait, dans de nombreux pays, l&#8217;am\u00e9lioration des comp\u00e9tences r\u00e9dactionnelles des \u00e9tudiants semble \u00eatre plus que jamais \u00e0 l&#8217;ordre du jour, surtout lorsqu&#8217;elle est associ\u00e9e aux comp\u00e9tences num\u00e9riques.<\/p>\n<p>Revisely aide les enseignants tout au long du processus de r\u00e9daction des devoirs : de la cr\u00e9ation d&#8217;un devoir \u00e0 la v\u00e9rification du plagiat, en passant par le feedback et le suivi du processus de remise et de correction. Revisely offre donc aux enseignants un outil confortable pour la correction de textes, aux \u00e9tudiants un outil pour am\u00e9liorer leurs comp\u00e9tences r\u00e9dactionnelles et \u00e0 vous un outil pour compl\u00e9ter votre portefeuille en tant que revendeur.<\/p>\n<p>Les possibilit\u00e9s de collaboration comprennent:<\/p>\n<ul>\n<li>l&#8217;ajout de Revisely \u00e0 votre portfolio ou \u00e0 votre app store<\/li>\n<\/ul>\n<p>[\/vc_column_text]<div style=\"clear:both; width:100%; height:20px\"><\/div>[\/vc_tta_section][\/vc_tta_tabs][\/vc_column][\/vc_row][vc_row dt_bg_repeat=&#8221;no-repeat&#8221; dt_no_mb=&#8221;no-margin&#8221; bg_color=&#8221;#ffffff&#8221; dt_color_opacity=&#8221;100&#8243; dt_padding_top=&#8221;0&#8243; dt_padding_bottom=&#8221;0&#8243; dt_class=&#8221;rly-partners-secc&#8221; dt_id=&#8221;partners&#8221;][vc_column][vc_row_inner][vc_column_inner]<div style=\"clear:both; width:100%; height:50px\"><\/div>[vc_separator]<div class=\"dt-title-wrapper\"><h1 class=\"section-title\">Amis et partenaires de Revisely<\/h1><\/div><div style=\"clear:both; width:100%; height:50px\"><\/div><div class=\"clients-carousel\"><div id=\"owl-clients-dba\" class=\"owl-carousel carousel-clients\" data-token=\"45Spy\"><div class=\"client-item\"><a href=\"http:\/\/www.omo.nl\"><img loading=\"lazy\" decoding=\"async\" width=\"300\" height=\"65\" src=\"https:\/\/revise.ly\/wp-content\/uploads\/2014\/11\/logo-omo-e1444854339155-300x65.png\" class=\"attachment-medium\" alt=\"\" srcset=\"https:\/\/revise.ly\/wp-content\/uploads\/2014\/11\/logo-omo-e1444854339155.png 300w, https:\/\/revise.ly\/wp-content\/uploads\/2014\/11\/logo-omo-e1444854339155-200x43.png 200w\" sizes=\"auto, (max-width: 300px) 100vw, 300px\" \/><\/a><\/div><div class=\"client-item\"><a href=\"http:\/\/ingegno.in\"><img loading=\"lazy\" decoding=\"async\" width=\"136\" height=\"89\" src=\"https:\/\/revise.ly\/wp-content\/uploads\/2014\/09\/ingegno.png\" class=\"attachment-medium\" alt=\"\" \/><\/a><\/div><div class=\"client-item\"><a href=\"http:\/\/carmel.nl\"><img loading=\"lazy\" decoding=\"async\" width=\"300\" height=\"90\" src=\"https:\/\/revise.ly\/wp-content\/uploads\/2014\/10\/logo-carmel-300x90.png\" class=\"attachment-medium\" alt=\"\" srcset=\"https:\/\/revise.ly\/wp-content\/uploads\/2014\/10\/logo-carmel-300x90.png 300w, https:\/\/revise.ly\/wp-content\/uploads\/2014\/10\/logo-carmel-200x60.png 200w, https:\/\/revise.ly\/wp-content\/uploads\/2014\/10\/logo-carmel.png 301w\" sizes=\"auto, (max-width: 300px) 100vw, 300px\" \/><\/a><\/div><div class=\"client-item\"><a href=\"http:\/\/som.today\"><img loading=\"lazy\" decoding=\"async\" width=\"300\" height=\"89\" src=\"https:\/\/revise.ly\/wp-content\/uploads\/2014\/09\/2-300x89.png\" class=\"attachment-medium\" alt=\"\" srcset=\"https:\/\/revise.ly\/wp-content\/uploads\/2014\/09\/2.png 300w, https:\/\/revise.ly\/wp-content\/uploads\/2014\/09\/2-200x59.png 200w\" sizes=\"auto, (max-width: 300px) 100vw, 300px\" \/><\/a><\/div><div class=\"client-item\"><a href=\"http:\/\/utrechtinc.nl\"><img loading=\"lazy\" decoding=\"async\" width=\"300\" height=\"71\" src=\"https:\/\/revise.ly\/wp-content\/uploads\/2014\/11\/2014-10-31-UtrechtInc-CMYK-e1444854273654-300x71.png\" class=\"attachment-medium\" alt=\"\" srcset=\"https:\/\/revise.ly\/wp-content\/uploads\/2014\/11\/2014-10-31-UtrechtInc-CMYK-e1444854273654.png 300w, https:\/\/revise.ly\/wp-content\/uploads\/2014\/11\/2014-10-31-UtrechtInc-CMYK-e1444854273654-200x47.png 200w\" sizes=\"auto, (max-width: 300px) 100vw, 300px\" \/><\/a><\/div><div class=\"client-item\"><a href=\"https:\/\/wise-r.nl\"><img loading=\"lazy\" decoding=\"async\" width=\"172\" height=\"70\" src=\"https:\/\/revise.ly\/wp-content\/uploads\/2014\/09\/logo-wise-r.png\" class=\"attachment-medium\" alt=\"\" \/><\/a><\/div><div class=\"client-item\"><a href=\"https:\/\/etalage.vandijk.nl\"><img loading=\"lazy\" decoding=\"async\" width=\"300\" height=\"89\" src=\"https:\/\/revise.ly\/wp-content\/uploads\/2014\/09\/3-300x89.png\" class=\"attachment-medium\" alt=\"Van Dijk\" srcset=\"https:\/\/revise.ly\/wp-content\/uploads\/2014\/09\/3.png 300w, https:\/\/revise.ly\/wp-content\/uploads\/2014\/09\/3-200x59.png 200w\" sizes=\"auto, (max-width: 300px) 100vw, 300px\" \/><\/a><\/div><div class=\"client-item\"><a href=\"http:\/\/www.impact-accelerator.com\"><img loading=\"lazy\" decoding=\"async\" width=\"300\" height=\"97\" src=\"https:\/\/revise.ly\/wp-content\/uploads\/2014\/09\/31b4022-e1444853986250-300x97.png\" class=\"attachment-medium\" alt=\"\" srcset=\"https:\/\/revise.ly\/wp-content\/uploads\/2014\/09\/31b4022-e1444853986250-300x97.png 300w, https:\/\/revise.ly\/wp-content\/uploads\/2014\/09\/31b4022-e1444853986250-200x64.png 200w, https:\/\/revise.ly\/wp-content\/uploads\/2014\/09\/31b4022-e1444853986250.png 301w\" sizes=\"auto, (max-width: 300px) 100vw, 300px\" \/><\/a><\/div><div class=\"client-item\"><a href=\"https:\/\/www.polkuni.fi\"><img loading=\"lazy\" decoding=\"async\" width=\"300\" height=\"102\" src=\"https:\/\/revise.ly\/wp-content\/uploads\/2014\/11\/polkuni_logo_color-300x102.png\" class=\"attachment-medium\" alt=\"\" srcset=\"https:\/\/revise.ly\/wp-content\/uploads\/2014\/11\/polkuni_logo_color-300x102.png 300w, https:\/\/revise.ly\/wp-content\/uploads\/2014\/11\/polkuni_logo_color-200x68.png 200w, https:\/\/revise.ly\/wp-content\/uploads\/2014\/11\/polkuni_logo_color-768x260.png 768w, https:\/\/revise.ly\/wp-content\/uploads\/2014\/11\/polkuni_logo_color-1024x347.png 1024w, https:\/\/revise.ly\/wp-content\/uploads\/2014\/11\/polkuni_logo_color-780x264.png 780w, https:\/\/revise.ly\/wp-content\/uploads\/2014\/11\/polkuni_logo_color.png 1087w\" sizes=\"auto, (max-width: 300px) 100vw, 300px\" \/><\/a><\/div><div class=\"client-item\"><a href=\"http:\/\/www.urkund.com\"><img loading=\"lazy\" decoding=\"async\" width=\"300\" height=\"81\" src=\"https:\/\/revise.ly\/wp-content\/uploads\/2014\/09\/Urkund_black-300x81.png\" class=\"attachment-medium\" alt=\"Urkund\" srcset=\"https:\/\/revise.ly\/wp-content\/uploads\/2014\/09\/Urkund_black-300x81.png 300w, https:\/\/revise.ly\/wp-content\/uploads\/2014\/09\/Urkund_black-200x54.png 200w, https:\/\/revise.ly\/wp-content\/uploads\/2014\/09\/Urkund_black.png 718w\" sizes=\"auto, (max-width: 300px) 100vw, 300px\" \/><\/a><\/div><\/div><\/div><div style=\"clear:both; width:100%; height:60px\"><\/div>[\/vc_column_inner][\/vc_row_inner][\/vc_column][\/vc_row][vc_row][vc_column]<div style=\"clear:both; width:100%; height:30px\"><\/div><div class=\"dt-title-wrapper\"><h1 class=\"section-title\">Vous \u00eates int\u00e9ress\u00e9 ? Prenez contact avec nous !<\/h1><\/div><div style=\"clear:both; width:100%; height:15px\"><\/div>[vc_row_inner][vc_column_inner width=&#8221;1\/3&#8243; css_animation=&#8221;left-to-right&#8221;]<div style=\"clear:both; width:100%; height:15px\"><\/div>[vc_column_text]<\/p>\n<h4>Si vous souhaitez devenir un partenaire de Revisely, si vous voulez plus d&#8217;informations ou si vous avez d&#8217;autres questions, envoyez-nous un courriel \u00e0 <a href=\"mailto:info@revise.ly\">info@revise.ly<\/a> ou utilisez le formulaire de contact.<\/h4>\n<p>[\/vc_column_text][\/vc_column_inner][vc_column_inner width=&#8221;7\/12&#8243; css_animation=&#8221;right-to-left&#8221;]\n<div class=\"wpcf7 no-js\" id=\"wpcf7-f14995-o1\" lang=\"fr-FR\" dir=\"ltr\" data-wpcf7-id=\"14995\">\n<div class=\"screen-reader-response\"><p role=\"status\" aria-live=\"polite\" aria-atomic=\"true\"><\/p> <ul><\/ul><\/div>\n<form action=\"\/fr\/wp-json\/wp\/v2\/pages\/14975#wpcf7-f14995-o1\" method=\"post\" class=\"wpcf7-form init\" aria-label=\"Formulaire de contact\" novalidate=\"novalidate\" data-status=\"init\">\n<fieldset class=\"hidden-fields-container\"><input type=\"hidden\" name=\"_wpcf7\" value=\"14995\" \/><input type=\"hidden\" name=\"_wpcf7_version\" value=\"6.1.5\" \/><input type=\"hidden\" name=\"_wpcf7_locale\" value=\"fr_FR\" \/><input type=\"hidden\" name=\"_wpcf7_unit_tag\" value=\"wpcf7-f14995-o1\" \/><input type=\"hidden\" name=\"_wpcf7_container_post\" value=\"0\" \/><input type=\"hidden\" name=\"_wpcf7_posted_data_hash\" value=\"\" \/><input type=\"hidden\" name=\"_wpcf7_recaptcha_response\" value=\"\" \/>\n<\/fieldset>\n<p>Votre nom (obligatoire)\n<\/p>\n<p><span class=\"wpcf7-form-control-wrap\" data-name=\"your-name\"><input size=\"40\" maxlength=\"400\" class=\"wpcf7-form-control wpcf7-text wpcf7-validates-as-required\" aria-required=\"true\" aria-invalid=\"false\" value=\"\" type=\"text\" name=\"your-name\" \/><\/span>\n<\/p>\n<p>Votre e-mail (obligatoire)\n<\/p>\n<p><span class=\"wpcf7-form-control-wrap\" data-name=\"your-email\"><input size=\"40\" maxlength=\"400\" class=\"wpcf7-form-control wpcf7-email wpcf7-validates-as-required wpcf7-text wpcf7-validates-as-email\" aria-required=\"true\" aria-invalid=\"false\" value=\"\" type=\"email\" name=\"your-email\" \/><\/span>\n<\/p>\n<p>Sujet\n<\/p>\n<p><span class=\"wpcf7-form-control-wrap\" data-name=\"your-subject\"><input size=\"40\" maxlength=\"400\" class=\"wpcf7-form-control wpcf7-text\" aria-invalid=\"false\" value=\"\" type=\"text\" name=\"your-subject\" \/><\/span>\n<\/p>\n<p>Votre Message\n<\/p>\n<p><span class=\"wpcf7-form-control-wrap\" data-name=\"your-message\"><textarea cols=\"40\" rows=\"10\" maxlength=\"2000\" class=\"wpcf7-form-control wpcf7-textarea\" aria-invalid=\"false\" name=\"your-message\"><\/textarea><\/span>\n<\/p>\n<p><input class=\"wpcf7-form-control wpcf7-submit has-spinner\" type=\"submit\" value=\"Envoyer\" \/>\n<\/p><p style=\"display: none !important;\" class=\"akismet-fields-container\" data-prefix=\"_wpcf7_ak_\"><label>&#916;<textarea name=\"_wpcf7_ak_hp_textarea\" cols=\"45\" rows=\"8\" maxlength=\"100\"><\/textarea><\/label><input type=\"hidden\" id=\"ak_js_1\" name=\"_wpcf7_ak_js\" value=\"78\"\/><script>document.getElementById( \"ak_js_1\" ).setAttribute( \"value\", ( new Date() ).getTime() );<\/script><\/p><div class=\"wpcf7-response-output\" aria-hidden=\"true\"><\/div>\n<\/form>\n<\/div>\n[\/vc_column_inner][\/vc_row_inner][\/vc_column][\/vc_row]<\/p>\n","protected":false},"excerpt":{"rendered":"<p>[vc_row dt_no_mb=&#8221;no-margin&#8221; bg_color=&#8221;#ffffff&#8221; dt_padding_top=&#8221;0&#8243; dt_padding_bottom=&#8221;30&#8243; dt_class=&#8221;rly-how-secc&#8221; dt_id=&#8221;how&#8221;][vc_column][vc_row_inner][vc_column_inner][vc_column_text css=&#8221;.vc_custom_1658318915691{margin-right: 70px !important;margin-left: 70px !important;}&#8221;] Revisely accueille plusieurs types de partenariats afin qu&#8217;ensemble nous puissions aider les \u00e9tudiants&#8230;<\/p>\n<p class=\"readmore\"><a class=\"more-btn\" href=\"https:\/\/revise.ly\/fr\/partenariat\/\">Read More<\/a><\/p>\n","protected":false},"author":1,"featured_media":0,"parent":0,"menu_order":0,"comment_status":"closed","ping_status":"open","template":"template-homepage.php","meta":{"footnotes":""},"class_list":["post-14975","page","type-page","status-publish","hentry"],"_links":{"self":[{"href":"https:\/\/revise.ly\/fr\/wp-json\/wp\/v2\/pages\/14975","targetHints":{"allow":["GET"]}}],"collection":[{"href":"https:\/\/revise.ly\/fr\/wp-json\/wp\/v2\/pages"}],"about":[{"href":"https:\/\/revise.ly\/fr\/wp-json\/wp\/v2\/types\/page"}],"author":[{"embeddable":true,"href":"https:\/\/revise.ly\/fr\/wp-json\/wp\/v2\/users\/1"}],"replies":[{"embeddable":true,"href":"https:\/\/revise.ly\/fr\/wp-json\/wp\/v2\/comments?post=14975"}],"version-history":[{"count":5,"href":"https:\/\/revise.ly\/fr\/wp-json\/wp\/v2\/pages\/14975\/revisions"}],"predecessor-version":[{"id":14982,"href":"https:\/\/revise.ly\/fr\/wp-json\/wp\/v2\/pages\/14975\/revisions\/14982"}],"wp:attachment":[{"href":"https:\/\/revise.ly\/fr\/wp-json\/wp\/v2\/media?parent=14975"}],"curies":[{"name":"wp","href":"https:\/\/api.w.org\/{rel}","templated":true}]}}