{"id":4178,"date":"2017-05-31T12:55:31","date_gmt":"2017-05-31T10:55:31","guid":{"rendered":"http:\/\/revise.ly\/?page_id=4178\/"},"modified":"2021-02-17T11:53:30","modified_gmt":"2021-02-17T10:53:30","slug":"workshopdagen","status":"publish","type":"page","link":"https:\/\/revise.ly\/nl\/workshopdagen\/","title":{"rendered":"Meld je aan voor de workshopdagen!"},"content":{"rendered":"<p>[vc_row dt_bg_repeat=&#8221;no-repeat&#8221; dt_no_mb=&#8221;no-margin&#8221; dt_padding_top=&#8221;0&#8243; dt_padding_bottom=&#8221;0&#8243;][vc_column][vc_single_image image=&#8221;4180&#8243; img_size=&#8221;full&#8221; alignment=&#8221;center&#8221;]<div style=\"clear:both; width:100%; height:30px\"><\/div>[\/vc_column][\/vc_row][vc_row dt_no_mb=&#8221;no-margin&#8221; bg_color=&#8221;#ffffff&#8221; dt_padding_top=&#8221;0&#8243; dt_padding_bottom=&#8221;30&#8243; dt_class=&#8221;rly-how-secc&#8221; dt_id=&#8221;how&#8221;][vc_column][vc_row_inner css=&#8221;.vc_custom_1496227485877{background-color: rgba(238,238,34,0.49) !important;*background-color: rgb(238,238,34) !important;}&#8221;][vc_column_inner]<div style=\"clear:both; width:100%; height:10px\"><\/div>[vc_column_text]<\/p>\n<h1 style=\"text-align: center;\">De inschrijfperiode is gesloten!<\/h1>\n<p style=\"text-align: center;\">Wil je toch graag nog een workshop volgen van Revisely? Geen probleem! We kunnen ook bij jou op school langskomen. Verzamel je collega&#8217;s en plan een (gratis) afspraak in via:\u00a0<a href=\"https:\/\/revise.ly\/nl\/workshop\/\">http:\/\/revise.ly\/workshop\/<\/a><\/p>\n<p>[\/vc_column_text]<div style=\"clear:both; width:100%; height:60px\"><\/div>[\/vc_column_inner][\/vc_row_inner][vc_row_inner][vc_column_inner]<div class=\"dt-title-wrapper\"><h1 class=\"section-title\">Aanmelden<\/h1><\/div>[vc_column_text css=&#8221;.vc_custom_1496305658666{margin-right: 30px !important;}&#8221;]<\/p>\n<h2 style=\"text-align: center;\">Ben jij een docent en ge\u00efnteresseerd in de mogelijkheden van het digitaal geven van feedback? Kom naar \u00e9\u00e9n van de Revisely workshopdagen 2017 georganiseerd in samenwerking met SOMtoday.<\/h2>\n<p>[\/vc_column_text]<div style=\"clear:both; width:100%; height:40px\"><\/div>[vc_column_text]<\/p>\n<h2 style=\"text-align: center;\">Revisely Workshop in Breda<\/h2>\n<p style=\"text-align: center;\">Dinsdag 13 juni van 14:00 &#8211; 16:00 uur<br \/>\nRevisely kantoor, Kloosterlaan 174, Breda<\/p>\n<p>[\/vc_column_text]<div style=\"clear:both; width:100%; height:30px\"><\/div>[vc_column_text]<\/p>\n<h2 style=\"text-align: center;\">Revisely Workshop in\u00a0Utrecht<\/h2>\n<p style=\"text-align: center;\">Maandag 19 juni van 14:00 &#8211; 16:00 uur<br \/>\nUtrechtInc, Padualaan 8, Utrecht<\/p>\n<p>[\/vc_column_text]<div style=\"clear:both; width:100%; height:30px\"><\/div>[vc_column_text]<\/p>\n<h2 style=\"text-align: center;\">Revisely Workshop in\u00a0Deventer<\/h2>\n<p style=\"text-align: center;\">Donderdag 29 juni\u00a0van 14:00 &#8211; 16:00 uur<br \/>\nSOMtoday, Singel 9, Deventer<\/p>\n<p>[\/vc_column_text][\/vc_column_inner][\/vc_row_inner]<div style=\"clear:both; width:100%; height:60px\"><\/div>[\/vc_column][\/vc_row]<\/p>\n","protected":false},"excerpt":{"rendered":"<p>[vc_row dt_bg_repeat=&#8221;no-repeat&#8221; dt_no_mb=&#8221;no-margin&#8221; dt_padding_top=&#8221;0&#8243; dt_padding_bottom=&#8221;0&#8243;][vc_column][vc_single_image image=&#8221;4180&#8243; img_size=&#8221;full&#8221; alignment=&#8221;center&#8221;][\/vc_column][\/vc_row][vc_row dt_no_mb=&#8221;no-margin&#8221; bg_color=&#8221;#ffffff&#8221; dt_padding_top=&#8221;0&#8243; dt_padding_bottom=&#8221;30&#8243; dt_class=&#8221;rly-how-secc&#8221; dt_id=&#8221;how&#8221;][vc_column][vc_row_inner css=&#8221;.vc_custom_1496227485877{background-color: rgba(238,238,34,0.49) !important;*background-color: rgb(238,238,34) !important;}&#8221;][vc_column_inner][vc_column_text] De inschrijfperiode is gesloten! Wil je&#8230;<\/p>\n<p class=\"readmore\"><a class=\"more-btn\" href=\"https:\/\/revise.ly\/nl\/workshopdagen\/\">Read More<\/a><\/p>\n","protected":false},"author":1,"featured_media":4189,"parent":0,"menu_order":0,"comment_status":"closed","ping_status":"open","template":"template-homepage.php","meta":{"footnotes":""},"class_list":["post-4178","page","type-page","status-publish","has-post-thumbnail","hentry"],"_links":{"self":[{"href":"https:\/\/revise.ly\/nl\/wp-json\/wp\/v2\/pages\/4178","targetHints":{"allow":["GET"]}}],"collection":[{"href":"https:\/\/revise.ly\/nl\/wp-json\/wp\/v2\/pages"}],"about":[{"href":"https:\/\/revise.ly\/nl\/wp-json\/wp\/v2\/types\/page"}],"author":[{"embeddable":true,"href":"https:\/\/revise.ly\/nl\/wp-json\/wp\/v2\/users\/1"}],"replies":[{"embeddable":true,"href":"https:\/\/revise.ly\/nl\/wp-json\/wp\/v2\/comments?post=4178"}],"version-history":[{"count":1,"href":"https:\/\/revise.ly\/nl\/wp-json\/wp\/v2\/pages\/4178\/revisions"}],"predecessor-version":[{"id":11989,"href":"https:\/\/revise.ly\/nl\/wp-json\/wp\/v2\/pages\/4178\/revisions\/11989"}],"wp:featuredmedia":[{"embeddable":true,"href":"https:\/\/revise.ly\/nl\/wp-json\/wp\/v2\/media\/4189"}],"wp:attachment":[{"href":"https:\/\/revise.ly\/nl\/wp-json\/wp\/v2\/media?parent=4178"}],"curies":[{"name":"wp","href":"https:\/\/api.w.org\/{rel}","templated":true}]}}